{"id":1004,"date":"2012-11-16T00:57:53","date_gmt":"2012-11-15T22:57:53","guid":{"rendered":"http:\/\/www.rifai.org\/sufism\/?page_id=1004"},"modified":"2012-11-16T00:57:53","modified_gmt":"2012-11-15T22:57:53","slug":"glossario","status":"publish","type":"page","link":"https:\/\/www.rifai.org\/sufism\/italiano\/archivio\/glossario\/","title":{"rendered":"Glossario"},"content":{"rendered":"<h2><strong>A<\/strong><\/h2>\n<p><strong>Ahid: <\/strong><strong>promessa, patto, impegno<\/strong>, commitment. (Turco: Ahid)<\/p>\n<p><strong>Ahirat:<\/strong><strong> <\/strong>la vita dopo la morte, il regno dell&#8217;aldil\u00e0 (TR: Ahiret)<\/p>\n<p><strong>Ahl:<\/strong> persone, individui appartenenti ad un particolare gruppo ristretto (<em>TR:<\/em><em> <\/em><em>Ehil,<\/em><em> <\/em><em>Ehl)<br \/>\n<\/em><strong>Ahl<\/strong><strong> <\/strong><strong>al-Bayt:<\/strong><strong> <\/strong>la \u201cgente della casa\u201d or \u201ci familiari\u201ddel Profeta Hz. Muhammad(saws). Include Hz. Ali, Hz. Fatima, Hz. Hasan, Hz. Husseyn. (TR: Ehl-i Beyt)<\/p>\n<p><strong>Alim:<\/strong> uno studente di ilm, ovvero del sapere scientifico, inteso anche come sapere esteriore, accademicao. (TR: Alim)<\/p>\n<p><strong>Arif:<\/strong><strong> <\/strong>un Sufi che ha raggiunto il maqam della marifat. (TR: Arif)<\/p>\n<p><strong>Asfiya:<\/strong> i pi\u00f9 devoti e fedeli servi di Allah, coloro che lo servono nel modo pi\u00f9 puro e seguono rigorosamente l&#8217;esempio del Profeta Hz. Muhammad (saws). (TR: Asfiya)<\/p>\n<p><strong>Ashab<\/strong><strong> <\/strong><strong>al-Qiram<\/strong>: Sahabah; i compagni, i primi discepoli e i familiari del Profeta Hz. Muhammad (saws).<em>(TR:<\/em><em> <\/em><em>Ashab-\u0131<\/em><em> <\/em><em>Kiram<\/em>)<\/p>\n<p><strong>Awliya<\/strong><strong>:<\/strong> (plurale) I santi e gli Amici di Allah. Il signore \u00e8 wali.\u00a0 (<em>TR:<\/em><em> <\/em><em>Evliya,<\/em><em> <\/em><em>singular:<\/em><em> <\/em><em>Veli)<\/em><\/p>\n<h2><strong>B<\/strong><\/h2>\n<p><strong>Barakat:<\/strong><strong> <\/strong>grazia e benedizione di Allah, ma anche abbondanza in certi contesti (TR: Bereket)<\/p>\n<p><strong>Beitullah:<\/strong><strong> <\/strong>una moschea, letteralmetne \u201ccasa di Allah\u201d; pi\u00f9 specificamente indicata la\u00a0 Kaaba a Mecca. (TR: Beytullah)<\/p>\n<p><strong>Biath:<\/strong> Bay\u2019ah; il giuramento di fedelt\u00e0 e il patto di impegno con un istruttore spirituale (murid &#8211; sheykh). (TR: Biyat)<\/p>\n<h2><strong>C<\/strong><\/h2>\n<p><strong>Caliph:<\/strong><strong> <\/strong>Nella tradizione Islamica \u00e8 colui che \u00e8 responsabile, per investitura, della guida\u00a0 di coloro che sono sulla Via per Allah, seguendo l&#8217;esempio dato dallo stesso Profeta Hz. Muhammad (saws). <em>(TR:<\/em><em> <\/em><em>Halife)<\/em><\/p>\n<h2><strong>D<\/strong><\/h2>\n<p><strong>Dhikr:<\/strong> \u201cricordo\u201d; pratica rituale che pu\u00f2 essere individuale o collettiva, della recitazione dei Nomi di Allah. (TR: Zikir)<\/p>\n<h2><strong>E<\/strong><\/h2>\n<p><strong>Ehl-i<\/strong><strong> <\/strong><strong>Beyt:<\/strong><strong> <\/strong><strong>vedi<\/strong> Ahl al-Bayt<\/p>\n<h2><strong>F<\/strong><\/h2>\n<p><strong>Fana:<\/strong><strong> <\/strong>stato dell&#8217;essere che si pu\u00f2 ottenere lungo il suluq, il viaggio verso Allah. \u00c8 uno stato in cui ogni attaccamento all&#8217;individualit\u00e0 cessa, pu\u00f2 essere provato e sperimentato in vari modi e si pu\u00f2 manifestare con differenti gradi e profondit\u00e0. (TR: Fena)<\/p>\n<p><strong>Faqir:<\/strong> un dervish; un Sufi che percorre la via del Faqr. (TR: Fakir)<\/p>\n<p><strong>Faqr:<\/strong><strong> <\/strong>non avere esistenza propria, non essere un io, non avere possesso di s\u00e9 in favore di Allah; abbandonare ogni cosa tranne che Allah; vedere che non esiste nulla di per s\u00e9, ma ogni cosa \u00e8 si sottomette a Lui; realizzare questo significa essere poveri di spirito, vuoti, alla merc\u00e9 della presenza di Allah. \u00a0(TR: Fakr)<\/p>\n<p><strong>Fazilat:<\/strong><strong> <\/strong>grande virt\u00f9<strong> <\/strong>(TR: Fazilet)<\/p>\n<p><strong>Ferdaniyyat:<\/strong> l&#8217;Unit\u00e0 indivisibile e la pienezza di Allah (<em>TR:<\/em><em> <\/em><em>Ferdaniyet)<\/em><\/p>\n<h2><strong>G<\/strong><\/h2>\n<p><strong>Ghaws;<\/strong> Ghaws al-Azam: un grande wali (santo) riconosciuto come il pi\u00f9 tra i grandi del tuo tempo, colui che ha raggiunto il pi\u00f9 alto maqam tra tutti gli esseri creati.\u00a0 <em>(TR:<\/em><em> <\/em><em>Gavs;<\/em><em> <\/em><em>Gavs-\u00fcl<\/em><em> <\/em><em>Azam)<\/em><\/p>\n<h2><strong>H<\/strong><\/h2>\n<p><strong>Halk:<\/strong><strong> <\/strong>un insieme di persone (TR: Halk)<\/p>\n<p><strong>Hadith:<\/strong> <strong>Hadith<\/strong><strong> <\/strong><strong>al-Sharif;<\/strong> le parole e le gesta del Profeta Muhammed (saws) riportate dai suoi compagni. (TR: Hadis-i \u015eerif).<\/p>\n<p><strong>Hajj:<\/strong><strong> <\/strong>il pellegrinaggio alla Mecca.<\/p>\n<p><strong>Haqiqah:<\/strong> la\u00a0 Verit\u00e0 di Allah. (TR: Hakikat)<\/p>\n<p><strong>Haqq:<\/strong> la Verit\u00e0 divina, realt\u00e0. A-Haqq \u00e8 uno dei \u201cnomi\u201d di Allah. <em>(TR:<\/em><em> <\/em><em>El<\/em><em> <\/em><em>Hakk)<\/em><em> <\/em><\/p>\n<p><strong>Hirka:<\/strong><strong> <\/strong>un lungo indumento di lana o di cotone; il murshid investe il murid della sua propria Hirka\u00a0 per indicare che ha raggiungimento il suo stesso stato, ovvero ha completamento il suluq. (TR: H\u0131rka)<\/p>\n<p><strong>Hz.:<\/strong> diminutivo di Hazrat, letteralmente \u201cGrande Presenza\u201d, \u00e8 il titolo onorifico che usa premettendolo al nome di santi e maestri. <em>(TR:<\/em><em> <\/em><em>Hz.;<\/em><em> <\/em><em>Hazret)<\/em><em> <\/em><\/p>\n<h2><strong>I<\/strong><\/h2>\n<p><strong>Ibadat:<\/strong><strong> <\/strong>la devozione ed il servizio reso per Allah (TR: \u0130badet)<\/p>\n<p><strong>Ihlas: <\/strong><strong>sincerit\u00e0<\/strong> <em>(TR:<\/em> \u0130hlas<em>)<\/em><\/p>\n<p><strong>Ihsan: <\/strong>la gentilezza, il favore, la generosit\u00e0, grazia di Allah. Nel Tasawwuf \u00e8 il maqam della bellezza e della grazia, un maqam in cui la persona continuamente adora Allah come se lo vedesse. <em>(TR:<\/em><em> <\/em>\u0130hsan<em>)<\/em><\/p>\n<p><strong>Ilm:<\/strong><strong> c<\/strong>onoscenza scientifica. (TR: \u0130lim)<\/p>\n<p><strong>Imam:<\/strong> leader di una comunit\u00e0 di musulmani, colui che con l&#8217;esempio mostra di seguire il Profeta Hz. Muhammad (saws) sulla via verso Allah. <em>(TR:<\/em><em> <\/em><em>\u0130mam)<\/em><\/p>\n<p><strong>Iman:<\/strong><strong> <\/strong>credere senza dubbio alcuno. (TR: \u0130man)<\/p>\n<p><strong>Irfan:<\/strong><strong> <\/strong>conoscenza acquista attraverso l&#8217;esperienza diretta della realt\u00e0 divina. (TR: \u0130rfan)<\/p>\n<p><strong>Irshad:<\/strong><strong> <\/strong>guidare nel suluq, im murshid \u00e8 colui che eminentemente esercita Irshad. \u00a0(TR: \u0130r\u015fad)<\/p>\n<h2><strong>J<\/strong><\/h2>\n<p><strong>Jabarrut:<\/strong><strong> <\/strong>il regno intermedio tra il mondo visibile e il regno di malaqut. (TR: Ceberut)<\/p>\n<h2><strong>K<\/strong><\/h2>\n<p><strong>Kafeer:<\/strong><strong> <\/strong>una persona che nega l&#8217;unit\u00e0 e\/o l&#8217;esistenza di Allah. (TR: Kafir)<\/p>\n<p><strong>Keramat:<\/strong><strong> <\/strong>un&#8217;azione straordinaria manifestata per tramite degli awliya. La keramat pu\u00f2 verificarsi solo attraverso la volont\u00e0 di Allah, il wali non \u00e8 l&#8217;artefice, ma solo il mezzo. Fare miracoli \u00e8 azione proria dei Profeti, mentre la karamat avviene per tramite degli awliya. (TR: Keramet)<\/p>\n<h2><strong>L<\/strong><\/h2>\n<p><strong>La<\/strong><strong> <\/strong><strong>ilaha<\/strong><strong> <\/strong><strong>ill<\/strong><strong>\u2019<\/strong><strong>Allah:<\/strong> questa frase pu\u00f2 essere tradotta letteralmente come \u201cNon c&#8217;\u00e8 dio se non Allah\u201d, \u201cNon c&#8217;\u00e8 altra verit\u00e0 se non Allah\u201d, o ancora, \u201cNulla deve essere oggetto culto-venerazione se non Allah\u201d.<\/p>\n<h2><strong>M<\/strong><\/h2>\n<p><strong>Maqam:<\/strong><strong> <\/strong>stazione spirituale lungo suluq. (TR: Makam)<\/p>\n<p><strong>Malaqut:<\/strong><strong> <\/strong>il regno invisibile degli angeli e delle anime divine. (TR: Melekut)<\/p>\n<p><strong>Marifat:<\/strong> questo termine \u00e8 usato nel tasawwuf per descivere lo stato di vera Conoscenza diretta ed intuitiva delle verit\u00e0 attraverso le esperienze dello Spirito, diversamente da quella razionale. <em>(TR:<\/em><em> <\/em><em>Marifet)<\/em><\/p>\n<p><strong>Massiva:<\/strong><strong> <\/strong>l&#8217;insieme delle preoccupazioni per le cose e le occupazioni del mondo, un velo delle coscienza di fronte alla presenza di Allah. <em>(TR:<\/em><em> <\/em><em>Masiva<\/em>)<\/p>\n<p><strong>Muezzin:<\/strong> la persona il cuo dovere \u00e8 recitare l&#8217;adhan, la chiama alla preghiera. (TR: M\u00fcezzin)<\/p>\n<p><strong>Muhabbat:<\/strong><strong> <\/strong>l&#8217;amore e l&#8217;intimit\u00e0 con Allah. (TR: Muhabbet)<\/p>\n<p><strong>Mumin:<\/strong><strong> <\/strong>credente, nello specifico colui che crede in Allah. (TR: M\u00fcmin)<\/p>\n<p><strong>Murid:<\/strong> un discpepolo che ha stretto un patto con un murshid e per questo tramite \u00e8 entrato in una tariqah. (TR: M\u00fcrid)<\/p>\n<p><strong>Murshid:<\/strong><strong> <\/strong>un istrutture spirituale, un insegnante sulla via del Tasawwuf, inserito in una regolare catena di trasmissione della sua tariqah di appartenenza. Essendo una persona che ha percorso il suluq con successo ha ricevuto a sua volta l&#8217;autorizzazione a guidare ed istruire i murid che a lui si legano. (TR: M\u00fcr\u015fid)<\/p>\n<h2><strong>N<\/strong><\/h2>\n<p><strong>Nafs:<\/strong><strong> <\/strong>l&#8217;anima individuale, che lungo i suluq deve essere purificata, raffinata e trascesa. (TR: Nefs)<\/p>\n<h2><strong>Q<\/strong><\/h2>\n<p><strong>Qiblah:<\/strong><strong> <\/strong>la direzione verso cui i musulmani si rivolgono durante la salat; la direzione della Kaaba in Mecca. <em>(TR:<\/em><em> <\/em><em>K\u0131ble)<\/em><strong> <\/strong><strong><br \/>\n(qs):<\/strong><strong> <\/strong>abbreviazione di \u00a0\u201cquddesa sirruhu\u201d, che letteralmente significa: \u201cpossa il suo luogo di riposo rimanere puro\u201d. (TR:(ks))<\/p>\n<p><strong>Qull:<\/strong><strong> <\/strong>un servo di Allah. (TR: Kul)<br \/>\n<strong>Qutub:<\/strong> l&#8217;essere umano realizzato che \u00e8 a capo della gerarchia divina come infallibile guida spirituale; il pi\u00f9 grande murshid tra i murshid del suo tempo. <em>(TR:<\/em><em> <\/em><em>Kutub)<\/em><\/p>\n<h2><strong>R<\/strong><\/h2>\n<p><strong>(ra):<\/strong><strong> <\/strong>abbreviazione di \u201cradiallahu anhum\u201d, che letteralmente significa: \u201cpossa Allah compiacersi di lui\u201d. (TR:(ra))<\/p>\n<p><strong>Rabb:<\/strong> Signore, Lord, Sostenitore. Al-Rabb \u00e8 uno dei Nomi di Allah.<\/p>\n<p><strong>Ramadan:<\/strong> il mese di digiuno, conincide con il periodo in cui il Santo Qur&#8217;an \u00e8 stato rivelato. (TR: Ramazan)<\/p>\n<h2><strong>S<\/strong><\/h2>\n<p><strong>Safa:<\/strong> purezza, sincerit\u00e0, chiarezza. (TR: Safa)<\/p>\n<p><strong>Sahaba:<\/strong> i compagni del Profeta Hz. Muhammad (saws).<\/p>\n<p><strong>Salaamat:<\/strong><strong> <\/strong>\u00a0la sicurezza e la protezione di Allah. (TR: Selamet)<\/p>\n<p><strong>Salat:<\/strong> la preghiera rituale dell&#8217;Islam, che deve essere fatta cinque volte al giorno. (TR: Namaz)<\/p>\n<p><strong>(saws),<\/strong><strong> <\/strong><strong>(sa):<\/strong> abbreviazione di \u201csalla Allahu alaihi wa-sallam\u201d, invocazione che segue sempre la pronunzia del nome del Profeta Hz. Muhammad (saws). La traduzione \u00e8 \u201cpossano la pace e le benedizioni di Allah scendere su di lui\u201d.<\/p>\n<p><strong>Sayyid <\/strong>(uomo),<strong> <\/strong><strong>Sayyide<\/strong> (donna): un discendente del Profeta Hz. Muhammad(saws). (TR: Seyyid, Seyyide)<\/p>\n<p><strong>Sema:<\/strong><strong> <\/strong>dhikr accompagnato da musica ed a volte anche da danza.<\/p>\n<p><strong>Seyr-u<\/strong><strong> <\/strong><strong>S\u00fcluk:<\/strong><strong> <\/strong>\u00a0nel tasawwuf il percorso che il murid deve percorrere, sotto la guida di un murshid, per raggiungere la comunione con Allah. (TR: Seyr\u00fc S\u00fcluk)<\/p>\n<p><strong>Shariah<\/strong>: la legge religiosa (etica e morale) basata sul Santo Qur&#8217;an e sulla Sunnah. \u00c8 di fatto il primo livello, il primo passo, verso il percorso nel tasawwuf. (TR: \u015eeriat)<\/p>\n<p><strong>Sheikh:<\/strong><strong> <\/strong><strong>vedi<\/strong> Murshid. (TR: \u015eeyh)<\/p>\n<p><strong>S\u0131rr:<\/strong><strong> <\/strong>segreto, conoscenza preziosa. (TR: s\u0131r)<\/p>\n<p><strong>Sirat:<\/strong> as-Sirat; il ponte attraverso il quale passeranno gli uomini nel giorno dei Qiyam (Giorno del Giudizio). <em>(TR:<\/em><em> <\/em><em>S\u0131rat)<br \/>\n<\/em><strong>Sohbat:<\/strong><strong> <\/strong>letteralmente \u201cconversazione\u201d, \u00e8 una specifica pratica di formazione all&#8217;interno delle confraternite sufi. (TR: Sohbet)<\/p>\n<p><strong>Sunnah:<\/strong><strong> <\/strong>\u201cla via\u201d o \u201cl&#8217;esempio\u201d del Profeta Hz. Muhammad(saws), per esempio, imitare quello che lui ha fatto o ha detto durante la sua vita. (TR: S\u00fcnnet)<\/p>\n<h2><strong>T<\/strong><\/h2>\n<p><strong>Taqwa:<\/strong><strong> <\/strong>astinenza, piet\u00e0; allontanarsi da ogni cosa che non conduca verso Allah. (TR: Takva)<\/p>\n<p><strong>Tariqah: <\/strong><strong>(singolare, plurarle turuk)<\/strong> letteralmetne \u201cvia\u201d o \u201cpercorso\u201d; particolare scuola\/confraternita di sufi, come per esempio: Rifa\u2019i, Qadiri, Mevlevi, ecc&#8230; (TR: Tarikat)<\/p>\n<p><strong>Tasawwuf:<\/strong><strong> <\/strong>Sufismo; \u00e8 uno stile di vita attraverso cui si riscopre il proprio vero S\u00e9. Questo S\u00e9, che va oltre l&#8217;io\/ego con cui normalmente si \u00e8 identificati, \u00e8 in assoluta armonia con tutto ci\u00f2 che esiste nell&#8217;Universo. Questo S\u00e9 \u00e8 l&#8217;essenza stessa della vita, esprime delle possibilit\u00e0 che sono di gran lunga al di l\u00e0 di ci\u00f2 che usualmente viviamo nel quotidiano. (TR: Tasavvuf)<\/p>\n<p><strong>Tawaqqul:<\/strong><strong> <\/strong>la condizione cosciente e deliberata di sottomissione ad Allah. (TR: Tevekk\u00fcl))<\/p>\n<p><strong>Tawhid:\u00a0 <\/strong><strong>l&#8217;unicit\u00e0 di Allah, la credenza dell&#8217;Unit\u00e0 divina, \u00e8 uno dei fondamenti dell&#8217;Islam.<\/strong> (TR: Tevhid)<\/p>\n<h2><strong>U<\/strong><\/h2>\n<p><strong>Ummah:<\/strong><strong> <\/strong>comunit\u00e0; nello speicifico la comunit\u00e0 dei seguiaci del Profeta Hz. Muhammad (saws). (TR: \u00dcmmet)<\/p>\n<h2><strong>W<\/strong><\/h2>\n<p><strong>Walayat:<\/strong><strong> <\/strong>la cura, l&#8217;amiciza, la guida, la protezione da parte di Allah; maqam degli awliya. (TR: Velayet)<br \/>\n<strong>Wali<\/strong>: un santo ed amico di Allah; uno dei 99 Nomi di Allah. La forma plurale \u00e8 Awliya. (TR: Veli-Evliya)<br \/>\n<strong>Wird: <\/strong><strong>\u00e8 una delle pratiche rituali quotidiane del tasawwuf.<\/strong> (TR: Vird)<\/p>\n<h2><strong>Z<\/strong><\/h2>\n<p><strong>Zahid:<\/strong><strong> <\/strong>una persona che pratica zuhd. (TR: Zahid, Zahit)<\/p>\n<p><strong>Zhikr: <\/strong>vedi \u00a0Dhikr<\/p>\n<p><strong>Zuhd:<\/strong> ascetismo, al fine di mantenere la spirito-anima-corpo libere per la presenza di Allah. (TR: Z\u00fchd)<\/p>\n","protected":false},"excerpt":{"rendered":"<p>A Ahid: promessa, patto, impegno, commitment. (Turco: Ahid) Ahirat: la vita dopo la morte, il regno dell&#8217;aldil\u00e0 (TR: Ahiret) Ahl: [&hellip;]<\/p>\n","protected":false},"author":1,"featured_media":0,"parent":765,"menu_order":1,"comment_status":"open","ping_status":"open","template":"","meta":{"_monsterinsights_skip_tracking":false,"_monsterinsights_sitenote_active":false,"_monsterinsights_sitenote_note":"","_monsterinsights_sitenote_category":0,"footnotes":""},"class_list":["post-1004","page","type-page","status-publish","hentry"],"_links":{"self":[{"href":"https:\/\/www.rifai.org\/sufism\/wp-json\/wp\/v2\/pages\/1004","targetHints":{"allow":["GET"]}}],"collection":[{"href":"https:\/\/www.rifai.org\/sufism\/wp-json\/wp\/v2\/pages"}],"about":[{"href":"https:\/\/www.rifai.org\/sufism\/wp-json\/wp\/v2\/types\/page"}],"author":[{"embeddable":true,"href":"https:\/\/www.rifai.org\/sufism\/wp-json\/wp\/v2\/users\/1"}],"replies":[{"embeddable":true,"href":"https:\/\/www.rifai.org\/sufism\/wp-json\/wp\/v2\/comments?post=1004"}],"version-history":[{"count":2,"href":"https:\/\/www.rifai.org\/sufism\/wp-json\/wp\/v2\/pages\/1004\/revisions"}],"predecessor-version":[{"id":1006,"href":"https:\/\/www.rifai.org\/sufism\/wp-json\/wp\/v2\/pages\/1004\/revisions\/1006"}],"up":[{"embeddable":true,"href":"https:\/\/www.rifai.org\/sufism\/wp-json\/wp\/v2\/pages\/765"}],"wp:attachment":[{"href":"https:\/\/www.rifai.org\/sufism\/wp-json\/wp\/v2\/media?parent=1004"}],"curies":[{"name":"wp","href":"https:\/\/api.w.org\/{rel}","templated":true}]}}