{"id":1029,"date":"2012-12-01T23:54:54","date_gmt":"2012-12-01T21:54:54","guid":{"rendered":"http:\/\/www.rifai.org\/sufism\/?page_id=1029"},"modified":"2012-12-01T23:55:07","modified_gmt":"2012-12-01T21:55:07","slug":"die-ganzheit-der-reise","status":"publish","type":"page","link":"https:\/\/www.rifai.org\/sufism\/deutsch\/die-reise-des-sufi\/die-ganzheit-der-reise\/","title":{"rendered":"Die Ganzheit der Reise"},"content":{"rendered":"<p>Der Sufismus (Tasawwuf) ist in zwei wichtigen Punkten eine Reise der Vervollkommnung: Erstens ist er eine Reise die vom reifen menschlichen Wesen (Insan-i-Kamil) ausgeht und zu diesem f\u00fchrt. Zweitens ist er eine ganzheitliche Methode welche jedes m\u00f6gliche Mittel aussch\u00f6pft um die Transformation des menschlichen Wesens zu erreichen. Seine Effektivit\u00e4t kann gesteigert werden, wenn mehrere Erfahrungskan\u00e4le zur Erlangung dieses Ziels genutzt werden. Beide dieser Tatsachen \u2013 die Vollkommenheit der Methode und die Vollkommenheit des Ergebnisses \u2013 sind von h\u00f6chster Bedeutung.<\/p>\n<p>Die Mittel durch welche das menschliche Wesen transformiert wird h\u00e4ngen von unserem Verst\u00e4ndnis davon ab, was ein Mensch ist und weshalb er geschaffen wurde. Die Ganzheit der Sufi-Methode r\u00fchrt von einem ganzheitlichen Begreifen der menschlichen Natur her.<\/p>\n","protected":false},"excerpt":{"rendered":"<p>Der Sufismus (Tasawwuf) ist in zwei wichtigen Punkten eine Reise der Vervollkommnung: Erstens ist er eine Reise die vom reifen [&hellip;]<\/p>\n","protected":false},"author":1,"featured_media":0,"parent":637,"menu_order":5,"comment_status":"open","ping_status":"open","template":"","meta":{"_monsterinsights_skip_tracking":false,"_monsterinsights_sitenote_active":false,"_monsterinsights_sitenote_note":"","_monsterinsights_sitenote_category":0,"footnotes":""},"class_list":["post-1029","page","type-page","status-publish","hentry"],"_links":{"self":[{"href":"https:\/\/www.rifai.org\/sufism\/wp-json\/wp\/v2\/pages\/1029","targetHints":{"allow":["GET"]}}],"collection":[{"href":"https:\/\/www.rifai.org\/sufism\/wp-json\/wp\/v2\/pages"}],"about":[{"href":"https:\/\/www.rifai.org\/sufism\/wp-json\/wp\/v2\/types\/page"}],"author":[{"embeddable":true,"href":"https:\/\/www.rifai.org\/sufism\/wp-json\/wp\/v2\/users\/1"}],"replies":[{"embeddable":true,"href":"https:\/\/www.rifai.org\/sufism\/wp-json\/wp\/v2\/comments?post=1029"}],"version-history":[{"count":3,"href":"https:\/\/www.rifai.org\/sufism\/wp-json\/wp\/v2\/pages\/1029\/revisions"}],"predecessor-version":[{"id":1032,"href":"https:\/\/www.rifai.org\/sufism\/wp-json\/wp\/v2\/pages\/1029\/revisions\/1032"}],"up":[{"embeddable":true,"href":"https:\/\/www.rifai.org\/sufism\/wp-json\/wp\/v2\/pages\/637"}],"wp:attachment":[{"href":"https:\/\/www.rifai.org\/sufism\/wp-json\/wp\/v2\/media?parent=1029"}],"curies":[{"name":"wp","href":"https:\/\/api.w.org\/{rel}","templated":true}]}}