{"id":1038,"date":"2012-12-29T15:48:58","date_gmt":"2012-12-29T13:48:58","guid":{"rendered":"http:\/\/www.rifai.org\/sufism\/?page_id=1038"},"modified":"2013-02-17T14:31:31","modified_gmt":"2013-02-17T12:31:31","slug":"yolculuk-seyr-u-suluk","status":"publish","type":"page","link":"https:\/\/www.rifai.org\/sufism\/turkce\/sufinin-yolculugu\/yolculuk-seyr-u-suluk\/","title":{"rendered":"Yolculuk (Seyr-\u00fc S\u00fcluk)"},"content":{"rendered":"<p>Tasavvuf, b\u00fct\u00fcnl\u00fc\u011f\u00fcn olgunlu\u011fa do\u011fru ilerlemesi i\u00e7in verilen bir e\u011fitimdir. Bu e\u011fitim, yolculuk manas\u0131nda \u2018seyr\u2019 ve seyahat manas\u0131nda \u2018s\u00fcluk\u2019 olarak Seyru S\u00fcluk diye isimlendirilir. Bu yolculukta, seyyah, cahillikten bilgiye, \u015fer \u00f6zelliklerden hay\u0131ra ve birlik\u2019e ve kendi varolu\u015fundan Allah\u2019a y\u00fcr\u00fcr.<\/p>\n<p>Bu tasavvufi s\u00fcre\u00e7 temel olarak m\u00fcr\u015fid-dervi\u015f, usta-\u00e7\u0131rak ili\u015fkisinde varolur ve tipik olarak da bu manevi bir aile ile, tarikatte bulunan di\u011fer aray\u0131\u015f\u00e7\u0131lar ile desteklenip, geli\u015ftirilir. Seyahat \u2018biat\u2019 ile ba\u015flar: Dervi\u015f ve \u015eeyh\u2019in birbirlerine verdikleri s\u00f6z. Seyahatin t\u00fcm ini\u015f, \u00e7\u0131k\u0131\u015flar\u0131nda, d\u00f6neme\u00e7lerinde, s\u0131k\u0131nt\u0131lar\u0131nda, kendisini olgunlu\u011fa y\u00fckselen basamaklar\u0131 \u00e7\u0131kmaya adam\u0131\u015f olan Dervi\u015f\u2019e, M\u00fcr\u015fid\u2019i taraf\u0131ndan rehberlik edilecektir.<\/p>\n<p>Seyru S\u00fcluk, da\u011f\u0131lm\u0131\u015f olan dikkati toplar ve iradeyi g\u00fc\u00e7lendirir. Bu yolculukta sebat edilerek, yava\u015f yava\u015f nefs ar\u0131n\u0131r ve g\u00fcn be g\u00fcn yolculuk esnas\u0131ndaki her t\u00fcrl\u00fc \u015fartlara al\u0131\u015farak iyi e\u011fitilmi\u015f bir at gibi davranmaya ba\u015flar.<\/p>\n","protected":false},"excerpt":{"rendered":"<p>Tasavvuf, b\u00fct\u00fcnl\u00fc\u011f\u00fcn olgunlu\u011fa do\u011fru ilerlemesi i\u00e7in verilen bir e\u011fitimdir. Bu e\u011fitim, yolculuk manas\u0131nda \u2018seyr\u2019 ve seyahat manas\u0131nda \u2018s\u00fcluk\u2019 olarak Seyru [&hellip;]<\/p>\n","protected":false},"author":1,"featured_media":0,"parent":1036,"menu_order":1,"comment_status":"open","ping_status":"open","template":"","meta":{"_monsterinsights_skip_tracking":false,"_monsterinsights_sitenote_active":false,"_monsterinsights_sitenote_note":"","_monsterinsights_sitenote_category":0,"footnotes":""},"class_list":["post-1038","page","type-page","status-publish","hentry"],"_links":{"self":[{"href":"https:\/\/www.rifai.org\/sufism\/wp-json\/wp\/v2\/pages\/1038","targetHints":{"allow":["GET"]}}],"collection":[{"href":"https:\/\/www.rifai.org\/sufism\/wp-json\/wp\/v2\/pages"}],"about":[{"href":"https:\/\/www.rifai.org\/sufism\/wp-json\/wp\/v2\/types\/page"}],"author":[{"embeddable":true,"href":"https:\/\/www.rifai.org\/sufism\/wp-json\/wp\/v2\/users\/1"}],"replies":[{"embeddable":true,"href":"https:\/\/www.rifai.org\/sufism\/wp-json\/wp\/v2\/comments?post=1038"}],"version-history":[{"count":5,"href":"https:\/\/www.rifai.org\/sufism\/wp-json\/wp\/v2\/pages\/1038\/revisions"}],"predecessor-version":[{"id":1105,"href":"https:\/\/www.rifai.org\/sufism\/wp-json\/wp\/v2\/pages\/1038\/revisions\/1105"}],"up":[{"embeddable":true,"href":"https:\/\/www.rifai.org\/sufism\/wp-json\/wp\/v2\/pages\/1036"}],"wp:attachment":[{"href":"https:\/\/www.rifai.org\/sufism\/wp-json\/wp\/v2\/media?parent=1038"}],"curies":[{"name":"wp","href":"https:\/\/api.w.org\/{rel}","templated":true}]}}