{"id":1066,"date":"2012-12-29T16:09:02","date_gmt":"2012-12-29T14:09:02","guid":{"rendered":"http:\/\/www.rifai.org\/sufism\/?page_id=1066"},"modified":"2013-02-17T16:19:22","modified_gmt":"2013-02-17T14:19:22","slug":"kitaplarindan-alintilar","status":"publish","type":"page","link":"https:\/\/www.rifai.org\/sufism\/turkce\/hazret-sayyid-ahmed-er-rifai-ks\/kitaplarindan-alintilar\/","title":{"rendered":"Kitaplar\u0131ndan Al\u0131nt\u0131lar"},"content":{"rendered":"<p>A\u015fa\u011f\u0131daki pasajlar Hz. Ahmed er-Rifai\u2019nin sohbetlerinden yaz\u0131ya al\u0131nm\u0131\u015f kay\u0131tlardan al\u0131nm\u0131\u015ft\u0131r.<\/p>\n","protected":false},"excerpt":{"rendered":"<p>A\u015fa\u011f\u0131daki pasajlar Hz. Ahmed er-Rifai\u2019nin sohbetlerinden yaz\u0131ya al\u0131nm\u0131\u015f kay\u0131tlardan al\u0131nm\u0131\u015ft\u0131r.<\/p>\n","protected":false},"author":1,"featured_media":0,"parent":1060,"menu_order":3,"comment_status":"open","ping_status":"open","template":"page-mid.php","meta":{"_monsterinsights_skip_tracking":false,"_monsterinsights_sitenote_active":false,"_monsterinsights_sitenote_note":"","_monsterinsights_sitenote_category":0,"footnotes":""},"class_list":["post-1066","page","type-page","status-publish","hentry"],"_links":{"self":[{"href":"https:\/\/www.rifai.org\/sufism\/wp-json\/wp\/v2\/pages\/1066","targetHints":{"allow":["GET"]}}],"collection":[{"href":"https:\/\/www.rifai.org\/sufism\/wp-json\/wp\/v2\/pages"}],"about":[{"href":"https:\/\/www.rifai.org\/sufism\/wp-json\/wp\/v2\/types\/page"}],"author":[{"embeddable":true,"href":"https:\/\/www.rifai.org\/sufism\/wp-json\/wp\/v2\/users\/1"}],"replies":[{"embeddable":true,"href":"https:\/\/www.rifai.org\/sufism\/wp-json\/wp\/v2\/comments?post=1066"}],"version-history":[{"count":3,"href":"https:\/\/www.rifai.org\/sufism\/wp-json\/wp\/v2\/pages\/1066\/revisions"}],"predecessor-version":[{"id":1300,"href":"https:\/\/www.rifai.org\/sufism\/wp-json\/wp\/v2\/pages\/1066\/revisions\/1300"}],"up":[{"embeddable":true,"href":"https:\/\/www.rifai.org\/sufism\/wp-json\/wp\/v2\/pages\/1060"}],"wp:attachment":[{"href":"https:\/\/www.rifai.org\/sufism\/wp-json\/wp\/v2\/media?parent=1066"}],"curies":[{"name":"wp","href":"https:\/\/api.w.org\/{rel}","templated":true}]}}