{"id":118,"date":"2011-11-27T14:12:20","date_gmt":"2011-11-27T12:12:20","guid":{"rendered":"http:\/\/www.rifai.org\/sufism\/?page_id=118"},"modified":"2012-01-13T21:49:55","modified_gmt":"2012-01-13T19:49:55","slug":"genealogical-chart","status":"publish","type":"page","link":"https:\/\/www.rifai.org\/sufism\/english\/hazrat-sayyid-ahmed-er-rifai-ks\/genealogical-chart\/","title":{"rendered":"Genealogical Chart"},"content":{"rendered":"<p>The maternal side of Hazrat Sayyid Ahmad ar- Rif\u00e2i &#8216;s family goes back to Hazrat Huseyin, the son of Hazrat Ali (ra). On the paternal side his lineage goes back to the Prophet Muhammad (saw) as follows: \u2028Hazrat Ali (ra), the master of the community, husband of Hazrat Fatima and the founder of Imams, a relative of the prophet; \u2028Hazrat Huseyin, Imam of Muslims, the chief of the Mumins (believers in Islam) who were tried and afflicted with various troubles and calamities, the martyr of Kerbela;<\/p>\n<ul>\n<li>Imam Ali Zayna&#8217;l-Abidin (K.S.)<\/li>\n<li>\u2028Imam Muhammad al-Baqir (K.S.)<\/li>\n<li>Imam Jafer as-Sadiq (K.S.)<\/li>\n<li>Imam Musa al-Kazim (K.S.)<\/li>\n<li>Imam Ibrahim al-Murteza (K.S.)<\/li>\n<li>\u2028Sayyid Musa Sani (K.S.)<\/li>\n<li>\u2028Sayyid Ahmad Salih Akbar (K.S.)<\/li>\n<li>Sayyid Abu Abdullah Husayn (K.S.)<\/li>\n<li>Sayyid Hasan\u00a0Qas\u0131m Ab\u00fb M\u00fbsa (K.S.)<\/li>\n<li>\u2028Sayyid Muhammad Abu&#8217;l-Qasim (K.S.)<\/li>\n<li>Sayyid Al-Mahdi Makki (K.S.)<\/li>\n<li>Sayyid Abu&#8217;l Mekarim al-Hasan (K.S.)<\/li>\n<li>Sayyid Abu&#8217;l Fadail (K.S.)<\/li>\n<li>Sayyid Abu Ali Murtaza (K.S.)<\/li>\n<li>Sayyid Ali Hazim Abu\u00a0&#8216;l Fewaris (K.S.)<\/li>\n<li>Sayyid Sabit (K.S.)<\/li>\n<li>Sayyid Yahya Nakib (K.S.)<\/li>\n<li>Sayyid Ebul-Hasen Aliyy-ar-Rif\u00e2i (K.S.)<\/li>\n<li>to Sayyid Hazrat Ahmad ar-Rif\u00e2i (K.S.)<\/li>\n<\/ul>\n","protected":false},"excerpt":{"rendered":"<p>The maternal side of Hazrat Sayyid Ahmad ar- Rif\u00e2i &#8216;s family goes back to Hazrat Huseyin, the son of Hazrat [&hellip;]<\/p>\n","protected":false},"author":1,"featured_media":0,"parent":60,"menu_order":1,"comment_status":"open","ping_status":"open","template":"","meta":{"_monsterinsights_skip_tracking":false,"_monsterinsights_sitenote_active":false,"_monsterinsights_sitenote_note":"","_monsterinsights_sitenote_category":0,"footnotes":""},"class_list":["post-118","page","type-page","status-publish","hentry"],"_links":{"self":[{"href":"https:\/\/www.rifai.org\/sufism\/wp-json\/wp\/v2\/pages\/118","targetHints":{"allow":["GET"]}}],"collection":[{"href":"https:\/\/www.rifai.org\/sufism\/wp-json\/wp\/v2\/pages"}],"about":[{"href":"https:\/\/www.rifai.org\/sufism\/wp-json\/wp\/v2\/types\/page"}],"author":[{"embeddable":true,"href":"https:\/\/www.rifai.org\/sufism\/wp-json\/wp\/v2\/users\/1"}],"replies":[{"embeddable":true,"href":"https:\/\/www.rifai.org\/sufism\/wp-json\/wp\/v2\/comments?post=118"}],"version-history":[{"count":4,"href":"https:\/\/www.rifai.org\/sufism\/wp-json\/wp\/v2\/pages\/118\/revisions"}],"predecessor-version":[{"id":308,"href":"https:\/\/www.rifai.org\/sufism\/wp-json\/wp\/v2\/pages\/118\/revisions\/308"}],"up":[{"embeddable":true,"href":"https:\/\/www.rifai.org\/sufism\/wp-json\/wp\/v2\/pages\/60"}],"wp:attachment":[{"href":"https:\/\/www.rifai.org\/sufism\/wp-json\/wp\/v2\/media?parent=118"}],"curies":[{"name":"wp","href":"https:\/\/api.w.org\/{rel}","templated":true}]}}