{"id":1306,"date":"2013-02-23T00:15:24","date_gmt":"2013-02-22T22:15:24","guid":{"rendered":"http:\/\/www.rifai.org\/sufism\/?page_id=1306"},"modified":"2013-02-23T00:15:24","modified_gmt":"2013-02-22T22:15:24","slug":"hazreti-yunus-emre","status":"publish","type":"page","link":"https:\/\/www.rifai.org\/sufism\/turkce\/hazretler\/hazreti-yunus-emre\/","title":{"rendered":"Hazreti Yunus Emre"},"content":{"rendered":"<p><img loading=\"lazy\" decoding=\"async\" class=\"alignright\" alt=\"Hazrati Yunus Emre\" src=\"http:\/\/www.rifai.org\/sufism\/wp-content\/uploads\/2013\/01\/yunus-emre-portre2.png\" width=\"200\" height=\"191\" \/>Yunus Emre, T\u00fcrk edebiyat\u0131nda derin bir etki uyand\u0131rm\u0131\u015f b\u00fcy\u00fck bir fig\u00fcrd\u00fcr. Kendisi on\u00fc\u00e7\u00fcnc\u00fc y\u00fczy\u0131l\u0131n sonlar\u0131nda ve ond\u00f6rd\u00fcnc\u00fc y\u00fczy\u0131l\u0131n ba\u015flar\u0131nda ya\u015fam\u0131\u015f bir T\u00fcrkmen dervi\u015fidir.\u00a0 Bu d\u00f6nem Sel\u00e7uklu \u0130mparatorlu\u011fu d\u00f6neminin biti\u015fi ile Osmanl\u0131 \u0130mparatorlu\u011fu&#8217;nun kurulu\u015f y\u0131llar\u0131na denk gelmektedir. Bu d\u00f6nemde bir\u00e7ok \u015fehir kurulmu\u015ftur ve bir\u00e7o\u011fu da Anadolu Sel\u00e7uklular d\u00f6neminin ilmi ve k\u00fclt\u00fcrel merkezleri olmu\u015flard\u0131r.<\/p>\n<p>Fakat Mo\u011fol istilas\u0131 ve bunu izleyen mahrumiyetler, Anadolu halk\u0131n\u0131 sefalet ve umutsuzlu\u011fa s\u00fcr\u00fcklemi\u015flerdir. Bu zor d\u00f6nem Mevlana, Hac\u0131 Bekta\u015f-\u0131 Veli ve Hac\u0131 Bayram-\u0131 Veli gibi b\u00fcy\u00fck mutasavv\u0131f liderlerinin toplu gayretleri ile geride b\u0131rak\u0131lm\u0131\u015ft\u0131r.<\/p>\n<p>Yunus Emre, 1240 senesinde Mihal\u0131\u00e7\u00e7\u0131k ve Sivrihisar aras\u0131nda bulunan (bug\u00fcn Yunus Emre k\u00f6y\u00fc olarak bilinen) Sar\u0131k\u00f6y\u2019de do\u011fmu\u015ftur. A\u015f\u0131k Yunus, Bi\u00e7are Yunus, Koca Yunus, Dervi\u015f Yunus, Yunus Emrem ve Miskin Yunus gibi bir\u00e7ok takma isim kullanm\u0131\u015ft\u0131r.<\/p>\n<p>\u015eiirleri, e\u011fitimini Konya\u2019da ald\u0131\u011f\u0131n\u0131 g\u00f6sterir. Onun d\u00f6neminde resmi diller olan Arap\u00e7a ve Fars dillerinde ve \u0130slam ilimlerinde iyi e\u011fitim g\u00f6rm\u00fc\u015ft\u00fcr.<\/p>\n<h2>Se\u00e7me \u015eiirleri:<\/h2>\n","protected":false},"excerpt":{"rendered":"<p>Yunus Emre, T\u00fcrk edebiyat\u0131nda derin bir etki uyand\u0131rm\u0131\u015f b\u00fcy\u00fck bir fig\u00fcrd\u00fcr. Kendisi on\u00fc\u00e7\u00fcnc\u00fc y\u00fczy\u0131l\u0131n sonlar\u0131nda ve ond\u00f6rd\u00fcnc\u00fc y\u00fczy\u0131l\u0131n ba\u015flar\u0131nda ya\u015fam\u0131\u015f [&hellip;]<\/p>\n","protected":false},"author":1,"featured_media":0,"parent":1304,"menu_order":1,"comment_status":"open","ping_status":"open","template":"page-yunusemre.php","meta":{"_monsterinsights_skip_tracking":false,"_monsterinsights_sitenote_active":false,"_monsterinsights_sitenote_note":"","_monsterinsights_sitenote_category":0,"footnotes":""},"class_list":["post-1306","page","type-page","status-publish","hentry"],"_links":{"self":[{"href":"https:\/\/www.rifai.org\/sufism\/wp-json\/wp\/v2\/pages\/1306","targetHints":{"allow":["GET"]}}],"collection":[{"href":"https:\/\/www.rifai.org\/sufism\/wp-json\/wp\/v2\/pages"}],"about":[{"href":"https:\/\/www.rifai.org\/sufism\/wp-json\/wp\/v2\/types\/page"}],"author":[{"embeddable":true,"href":"https:\/\/www.rifai.org\/sufism\/wp-json\/wp\/v2\/users\/1"}],"replies":[{"embeddable":true,"href":"https:\/\/www.rifai.org\/sufism\/wp-json\/wp\/v2\/comments?post=1306"}],"version-history":[{"count":1,"href":"https:\/\/www.rifai.org\/sufism\/wp-json\/wp\/v2\/pages\/1306\/revisions"}],"predecessor-version":[{"id":1307,"href":"https:\/\/www.rifai.org\/sufism\/wp-json\/wp\/v2\/pages\/1306\/revisions\/1307"}],"up":[{"embeddable":true,"href":"https:\/\/www.rifai.org\/sufism\/wp-json\/wp\/v2\/pages\/1304"}],"wp:attachment":[{"href":"https:\/\/www.rifai.org\/sufism\/wp-json\/wp\/v2\/media?parent=1306"}],"curies":[{"name":"wp","href":"https:\/\/api.w.org\/{rel}","templated":true}]}}