{"id":1308,"date":"2013-02-23T00:19:40","date_gmt":"2013-02-22T22:19:40","guid":{"rendered":"http:\/\/www.rifai.org\/sufism\/?page_id=1308"},"modified":"2013-04-20T14:47:03","modified_gmt":"2013-04-20T12:47:03","slug":"hak-cihana-doludur","status":"publish","type":"page","link":"https:\/\/www.rifai.org\/sufism\/turkce\/hazretler\/hazreti-yunus-emre\/hak-cihana-doludur\/","title":{"rendered":"Hak Cihana Doludur"},"content":{"rendered":"<p>Hak cihana doludur<br \/>\nKimseler Hakk&#8217;\u0131 bilmez<br \/>\nOnu sen senden iste<br \/>\nOl senden ayr\u0131 olmaz<\/p>\n<p>Ahret yavlak \u0131rakd\u0131r<br \/>\nDo\u011fruluk key yarakd\u0131r<br \/>\nAyr\u0131l\u0131k sarp firakd\u0131r<br \/>\nHi\u00e7 giden geri gelmez<\/p>\n<p>Gelin tan\u0131\u015f olal\u0131m<br \/>\n\u0130\u015fi kolay k\u0131lal\u0131m<br \/>\nSevelim sevilelim<br \/>\nD\u00fcnya kimseye kalmaz<\/p>\n<p>Yunus s\u00f6z\u00fcn anlarsan<br \/>\nM\u00e2n\u00e2s\u0131n\u0131 dinlersen<br \/>\nSana iy(i) dirlik gerek<br \/>\nBunda kimseye kalmaz.<\/p>\n","protected":false},"excerpt":{"rendered":"<p>Hak cihana doludur Kimseler Hakk&#8217;\u0131 bilmez Onu sen senden iste Ol senden ayr\u0131 olmaz Ahret yavlak \u0131rakd\u0131r Do\u011fruluk key yarakd\u0131r [&hellip;]<\/p>\n","protected":false},"author":1,"featured_media":0,"parent":1306,"menu_order":1,"comment_status":"open","ping_status":"open","template":"page-yunusemre-poem.php","meta":{"_monsterinsights_skip_tracking":false,"_monsterinsights_sitenote_active":false,"_monsterinsights_sitenote_note":"","_monsterinsights_sitenote_category":0,"footnotes":""},"class_list":["post-1308","page","type-page","status-publish","hentry"],"_links":{"self":[{"href":"https:\/\/www.rifai.org\/sufism\/wp-json\/wp\/v2\/pages\/1308","targetHints":{"allow":["GET"]}}],"collection":[{"href":"https:\/\/www.rifai.org\/sufism\/wp-json\/wp\/v2\/pages"}],"about":[{"href":"https:\/\/www.rifai.org\/sufism\/wp-json\/wp\/v2\/types\/page"}],"author":[{"embeddable":true,"href":"https:\/\/www.rifai.org\/sufism\/wp-json\/wp\/v2\/users\/1"}],"replies":[{"embeddable":true,"href":"https:\/\/www.rifai.org\/sufism\/wp-json\/wp\/v2\/comments?post=1308"}],"version-history":[{"count":3,"href":"https:\/\/www.rifai.org\/sufism\/wp-json\/wp\/v2\/pages\/1308\/revisions"}],"predecessor-version":[{"id":1310,"href":"https:\/\/www.rifai.org\/sufism\/wp-json\/wp\/v2\/pages\/1308\/revisions\/1310"}],"up":[{"embeddable":true,"href":"https:\/\/www.rifai.org\/sufism\/wp-json\/wp\/v2\/pages\/1306"}],"wp:attachment":[{"href":"https:\/\/www.rifai.org\/sufism\/wp-json\/wp\/v2\/media?parent=1308"}],"curies":[{"name":"wp","href":"https:\/\/api.w.org\/{rel}","templated":true}]}}