{"id":1311,"date":"2013-02-23T00:28:24","date_gmt":"2013-02-22T22:28:24","guid":{"rendered":"http:\/\/www.rifai.org\/sufism\/?page_id=1311"},"modified":"2013-02-23T00:28:24","modified_gmt":"2013-02-22T22:28:24","slug":"ya-ilahi-ger-sual-etsen-bana","status":"publish","type":"page","link":"https:\/\/www.rifai.org\/sufism\/turkce\/hazretler\/hazreti-yunus-emre\/ya-ilahi-ger-sual-etsen-bana\/","title":{"rendered":"Y\u00e2 \u0130l\u00e2h\u00ee ger su\u00e2l etsen bana"},"content":{"rendered":"<p>Y\u00e2 \u0130l\u00e2h\u00ee ger su\u00e2l etsen bana<br \/>\nBu durur anda cev\u00e2b\u0131m u\u015f sana<\/p>\n<p>Ben bana zulm eyledim ettim g\u00fcnah<br \/>\nN&#8217;eyledim n&#8217;ettim sana ey p\u00e2di\u015f\u00e2h<\/p>\n<p>Gelmeden hakk\u0131mda benim kem dedin<br \/>\nDo\u011fmadan \u00e2s\u00ee ben\u00ee-\u00e2dem dedin<\/p>\n<p>Sen ezelde beni \u00e2s\u00ee yazas\u0131n<br \/>\nDolduras\u0131n \u00e2leme \u00e2v\u00e2zesin<\/p>\n<p>Her ne dilersen hakk\u0131mda i\u015fledin<br \/>\nNe tu\u015fa durdum ise sen tu\u015flad\u0131n<\/p>\n<p>Ben mi d\u00fczd\u00fcm beni sen d\u00fczd\u00fcn beni<br \/>\nP\u00fcr ay\u0131p ni\u015fe getirdin ey Gan\u00ee<\/p>\n<p>G\u00f6z\u00fcm a\u00e7\u0131p g\u00f6rd\u00fc\u011f\u00fcm zindan i\u00e7i<br \/>\nNefs \u00fc hev\u00e2 p\u00fcr dolu \u015feyt\u00e2n i\u00e7i<\/p>\n<p>Haps i\u00e7inde \u00f6lmeyeyim dey\u00fc a\u00e7<br \/>\nMismil \u00fc murdar yedim bir iki ka\u00e7<\/p>\n<p>Nesne eksildi mi m\u00fclk\u00fcnden senin<br \/>\nGe\u00e7ti mi h\u00fckm\u00fcm ya h\u00fckm\u00fcnden senin<\/p>\n<p>R\u0131zk\u0131n\u0131 yiyip seni a\u00e7 m\u0131 kodum<br \/>\nYa yiyip \u00f6yn\u00fcn\u00fc muhta\u00e7 m\u0131 kodum<\/p>\n<p>Ge\u00e7medi mi intikam\u0131n \u00f6ld\u00fcr\u00fcp<br \/>\n\u00c7\u00fcr\u00fct\u00fcp g\u00f6z\u00fcm\u00fc toprak doldurup<\/p>\n<p>K\u0131l gibi k\u00f6pr\u00fc yapars\u0131n ge\u00e7 dey\u00fc<br \/>\nSen seni gel d\u00fbzah\u0131mdan se\u00e7 dey\u00fc<\/p>\n<p>K\u0131l gibi k\u00f6pr\u00fcden \u00e2dem mi ge\u00e7er<br \/>\nYa d\u00fc\u015fer ya dayan\u0131r yahud u\u00e7ar<\/p>\n<p>Kullar\u0131n k\u00f6pr\u00fc yaparlar hayr i\u00e7\u00fcn<br \/>\nHayr\u0131 budur kim ge\u00e7eler seyr i\u00e7\u00fcn<\/p>\n<p>T\u00e2 gerek b\u00fcny\u00e2d\u0131 muhkem ola ol<br \/>\nOl ge\u00e7enler eydeler u\u015f do\u011fru yol<\/p>\n","protected":false},"excerpt":{"rendered":"<p>Y\u00e2 \u0130l\u00e2h\u00ee ger su\u00e2l etsen bana Bu durur anda cev\u00e2b\u0131m u\u015f sana Ben bana zulm eyledim ettim g\u00fcnah N&#8217;eyledim n&#8217;ettim [&hellip;]<\/p>\n","protected":false},"author":1,"featured_media":0,"parent":1306,"menu_order":2,"comment_status":"open","ping_status":"open","template":"page-yunusemre-poem.php","meta":{"_monsterinsights_skip_tracking":false,"_monsterinsights_sitenote_active":false,"_monsterinsights_sitenote_note":"","_monsterinsights_sitenote_category":0,"footnotes":""},"class_list":["post-1311","page","type-page","status-publish","hentry"],"_links":{"self":[{"href":"https:\/\/www.rifai.org\/sufism\/wp-json\/wp\/v2\/pages\/1311","targetHints":{"allow":["GET"]}}],"collection":[{"href":"https:\/\/www.rifai.org\/sufism\/wp-json\/wp\/v2\/pages"}],"about":[{"href":"https:\/\/www.rifai.org\/sufism\/wp-json\/wp\/v2\/types\/page"}],"author":[{"embeddable":true,"href":"https:\/\/www.rifai.org\/sufism\/wp-json\/wp\/v2\/users\/1"}],"replies":[{"embeddable":true,"href":"https:\/\/www.rifai.org\/sufism\/wp-json\/wp\/v2\/comments?post=1311"}],"version-history":[{"count":2,"href":"https:\/\/www.rifai.org\/sufism\/wp-json\/wp\/v2\/pages\/1311\/revisions"}],"predecessor-version":[{"id":1313,"href":"https:\/\/www.rifai.org\/sufism\/wp-json\/wp\/v2\/pages\/1311\/revisions\/1313"}],"up":[{"embeddable":true,"href":"https:\/\/www.rifai.org\/sufism\/wp-json\/wp\/v2\/pages\/1306"}],"wp:attachment":[{"href":"https:\/\/www.rifai.org\/sufism\/wp-json\/wp\/v2\/media?parent=1311"}],"curies":[{"name":"wp","href":"https:\/\/api.w.org\/{rel}","templated":true}]}}