{"id":1329,"date":"2013-04-01T23:42:48","date_gmt":"2013-04-01T21:42:48","guid":{"rendered":"http:\/\/www.rifai.org\/sufism\/?page_id=1329"},"modified":"2013-04-01T23:42:48","modified_gmt":"2013-04-01T21:42:48","slug":"tarikat-silsilesi","status":"publish","type":"page","link":"https:\/\/www.rifai.org\/sufism\/turkce\/tarikatler\/bedeviyye\/tarikat-silsilesi\/","title":{"rendered":"Tarikat Silsilesi"},"content":{"rendered":"<p>Seyyid Ahmed el-Bedevi Hazretleri\u2019ne Hz. Peygamberimizden (sav) gelen tarikat silsilesi \u015fu s\u0131ra \u00fczerindedir:<\/p>\n<p>Ahmed el-Bedev\u00ee (ks),<\/p>\n<p>Abd\u00fclcel\u00eel, H\u00fcseyin b. Ali (ks),<\/p>\n<p>Abd\u00fcl-cel\u00eel b. Abdurrahman (ks),<\/p>\n<p>Abd\u00fclmec\u00eed el-Ma\u011frib\u00ee, Ali b. Hasan (ks),<\/p>\n<p>Abd\u00fcrrezzak el-Endel\u00fcs\u00ee (ks),<\/p>\n<p>Abd\u00fclkudd\u00fcs el Ma\u011frib\u00ee (ks),<\/p>\n<p>Muhammed b. Yusuf el-Fas\u00ee (ks),<\/p>\n<p>Ahmed-i Tebriz (ks),<\/p>\n<p>Ma\u2019r\u00fcf-i Kerh\u00ee (ks),<\/p>\n<p>Dav\u00fcd et-Ta\u00ee (ks),<\/p>\n<p>Hab\u00eeb el-Acem\u00ee (ks),<\/p>\n<p>Hasan-\u0131 Basr\u00ee (ks),<\/p>\n<p>Hz. Ali. (R.A)<\/p>\n","protected":false},"excerpt":{"rendered":"<p>Seyyid Ahmed el-Bedevi Hazretleri\u2019ne Hz. Peygamberimizden (sav) gelen tarikat silsilesi \u015fu s\u0131ra \u00fczerindedir: Ahmed el-Bedev\u00ee (ks), Abd\u00fclcel\u00eel, H\u00fcseyin b. Ali [&hellip;]<\/p>\n","protected":false},"author":1,"featured_media":0,"parent":1317,"menu_order":4,"comment_status":"open","ping_status":"open","template":"page-bedevi.php","meta":{"_monsterinsights_skip_tracking":false,"_monsterinsights_sitenote_active":false,"_monsterinsights_sitenote_note":"","_monsterinsights_sitenote_category":0,"footnotes":""},"class_list":["post-1329","page","type-page","status-publish","hentry"],"_links":{"self":[{"href":"https:\/\/www.rifai.org\/sufism\/wp-json\/wp\/v2\/pages\/1329","targetHints":{"allow":["GET"]}}],"collection":[{"href":"https:\/\/www.rifai.org\/sufism\/wp-json\/wp\/v2\/pages"}],"about":[{"href":"https:\/\/www.rifai.org\/sufism\/wp-json\/wp\/v2\/types\/page"}],"author":[{"embeddable":true,"href":"https:\/\/www.rifai.org\/sufism\/wp-json\/wp\/v2\/users\/1"}],"replies":[{"embeddable":true,"href":"https:\/\/www.rifai.org\/sufism\/wp-json\/wp\/v2\/comments?post=1329"}],"version-history":[{"count":2,"href":"https:\/\/www.rifai.org\/sufism\/wp-json\/wp\/v2\/pages\/1329\/revisions"}],"predecessor-version":[{"id":1331,"href":"https:\/\/www.rifai.org\/sufism\/wp-json\/wp\/v2\/pages\/1329\/revisions\/1331"}],"up":[{"embeddable":true,"href":"https:\/\/www.rifai.org\/sufism\/wp-json\/wp\/v2\/pages\/1317"}],"wp:attachment":[{"href":"https:\/\/www.rifai.org\/sufism\/wp-json\/wp\/v2\/media?parent=1329"}],"curies":[{"name":"wp","href":"https:\/\/api.w.org\/{rel}","templated":true}]}}