{"id":1332,"date":"2013-04-02T14:31:12","date_gmt":"2013-04-02T12:31:12","guid":{"rendered":"http:\/\/www.rifai.org\/sufism\/?page_id=1332"},"modified":"2013-05-16T16:24:01","modified_gmt":"2013-05-16T14:24:01","slug":"sadiyye","status":"publish","type":"page","link":"https:\/\/www.rifai.org\/sufism\/turkce\/tarikatler\/sadiyye\/","title":{"rendered":"Sad\u00eeyye"},"content":{"rendered":"<p><b>Hz. Pir S\u00e2deddin Ceb\u00e2v\u00ee &#8211; Nesebi<\/b><\/p>\n<p>Hz. \u015eeyh S\u00e2deddin Ceb\u00e2v\u00ee\u2019nin k\u00fcnyesi, \u2018Ebu Ali\u2019, \u2018Ebu Muhammed\u2019 ve \u2018Ebu\u2019l-Hasan\u2019 d\u0131r. Nesli, Hz. Peygamberimizin (sav) e\u015fi \u00dcmm-i H\u00e2n\u00ee\u2019nin babas\u0131 ibn Mesud e\u015f-\u015eeyb\u00ee\u2019ye ula\u015ft\u0131\u011f\u0131 i\u00e7in \u201c\u015eeyb\u00e2n\u00ee\u201d nisbesini alm\u0131\u015ft\u0131r.\u00a0 Tarikatini \u015eam b\u00f6lgesindeki Ceb\u00e2 K\u00f6yu\u0308\u2019nde kurdu\u011fu ve buradan yayd\u0131\u011f\u0131 i\u00e7in de \u201cCeb\u00e2v\u00ee\u201d olarak adland\u0131r\u0131lm\u0131\u015ft\u0131r.<\/p>\n<p>Hz. \u015eeyh S\u00e2deddin Ceb\u00e2v\u00ee\u2019nin nesebi, babas\u0131n\u0131n babas\u0131 y\u00f6n\u00fcnden Hz. Peygamberin (sav) torunu Hz. Hasan\u2019a dayand\u0131\u011f\u0131 i\u00e7in, \u015eerif\u2019tir. Babas\u0131n\u0131n annesi y\u00f6n\u00fcnden ise, Hz. Peygamberimizin (sav) Ka\u2019be\u2019nin anahtarlar\u0131n\u0131 teslim etti\u011fi sahabe Seyyid Osman el-Hacibi\u2019ye dayan\u0131r.<\/p>\n<p>Hz. \u015eeyh S\u00e2deddin Ceb\u00e2v\u00ee\u2019nin nesebi, anne y\u00f6n\u00fcnden de, Hz. Peygamberin (sav) torunu Hz. H\u00fcseyin\u2019e dayanmaktad\u0131r. Bu durumda Hz. \u015eeyh S\u00e2deddin Ceb\u00e2v\u00ee\u2019nin nesebi, hem baba, hem de anne y\u00f6n\u00fcnden Hz. Peygamberimize (sav) ula\u015fmaktad\u0131r.<\/p>\n","protected":false},"excerpt":{"rendered":"<p>Hz. Pir S\u00e2deddin Ceb\u00e2v\u00ee &#8211; Nesebi Hz. \u015eeyh S\u00e2deddin Ceb\u00e2v\u00ee\u2019nin k\u00fcnyesi, \u2018Ebu Ali\u2019, \u2018Ebu Muhammed\u2019 ve \u2018Ebu\u2019l-Hasan\u2019 d\u0131r. Nesli, Hz. [&hellip;]<\/p>\n","protected":false},"author":1,"featured_media":0,"parent":1370,"menu_order":4,"comment_status":"open","ping_status":"open","template":"page-sadiyye.php","meta":{"_monsterinsights_skip_tracking":false,"_monsterinsights_sitenote_active":false,"_monsterinsights_sitenote_note":"","_monsterinsights_sitenote_category":0,"footnotes":""},"class_list":["post-1332","page","type-page","status-publish","hentry"],"_links":{"self":[{"href":"https:\/\/www.rifai.org\/sufism\/wp-json\/wp\/v2\/pages\/1332","targetHints":{"allow":["GET"]}}],"collection":[{"href":"https:\/\/www.rifai.org\/sufism\/wp-json\/wp\/v2\/pages"}],"about":[{"href":"https:\/\/www.rifai.org\/sufism\/wp-json\/wp\/v2\/types\/page"}],"author":[{"embeddable":true,"href":"https:\/\/www.rifai.org\/sufism\/wp-json\/wp\/v2\/users\/1"}],"replies":[{"embeddable":true,"href":"https:\/\/www.rifai.org\/sufism\/wp-json\/wp\/v2\/comments?post=1332"}],"version-history":[{"count":7,"href":"https:\/\/www.rifai.org\/sufism\/wp-json\/wp\/v2\/pages\/1332\/revisions"}],"predecessor-version":[{"id":1519,"href":"https:\/\/www.rifai.org\/sufism\/wp-json\/wp\/v2\/pages\/1332\/revisions\/1519"}],"up":[{"embeddable":true,"href":"https:\/\/www.rifai.org\/sufism\/wp-json\/wp\/v2\/pages\/1370"}],"wp:attachment":[{"href":"https:\/\/www.rifai.org\/sufism\/wp-json\/wp\/v2\/media?parent=1332"}],"curies":[{"name":"wp","href":"https:\/\/api.w.org\/{rel}","templated":true}]}}