{"id":1342,"date":"2013-04-02T14:46:52","date_gmt":"2013-04-02T12:46:52","guid":{"rendered":"http:\/\/www.rifai.org\/sufism\/?page_id=1342"},"modified":"2013-04-02T14:46:52","modified_gmt":"2013-04-02T12:46:52","slug":"zaviye-ve-turbesi","status":"publish","type":"page","link":"https:\/\/www.rifai.org\/sufism\/turkce\/tarikatler\/sadiyye\/zaviye-ve-turbesi\/","title":{"rendered":"Zaviye ve T\u00fcrbesi"},"content":{"rendered":"<p>29 Zilhicce 575\/26 May\u0131s 1180 tarihindeki vefat\u0131na kadar Ceb\u00e2 ve civ\u00e2r\u0131nda ir\u015f\u00e2d g\u00f6revini su\u0308rdu\u0308ren Hz. Pir S\u00e2deddin Ceb\u00e2v\u00ee, burada z\u00e2viyesinin \u00f6n\u00fcne defnolunmu\u015ftur.<\/p>\n<p>Daha sonraki y\u0131llarda Sultan I. Baybars taraf\u0131ndan vakfiyesi geni\u015fletilen z\u00e2viye, Osmanl\u0131lar d\u00f6neminde Lala Mustafa Pa\u015fa\u2019n\u0131n \u015eam v\u00e2lisi olmas\u0131yla birlikte tamir edilmi\u015f ve 1830\u2019da c\u00e2minin yan\u0131na bir tekke in\u015f\u00e2 edilmi\u015ftir. K\u00fc\u0308lliye en son II. Mahmud zaman\u0131nda yenilenmi\u015f\u00a0 ve \u015eeyh S\u00e2deddin\u2019in kabrinin \u00fczerine bir tu\u0308rbe in\u015f\u00e2 edilmi\u015ftir. Tu\u0308rbesini \u00e7evreleyen demir \u015febeke u\u0308zerindeki bak\u0131r i\u015fleme ise II. Abd\u00fc\u0308lhamid taraf\u0131ndan \u0130stanbul\u2019da yapt\u0131r\u0131larak hediye edilmi\u015ftir.<\/p>\n","protected":false},"excerpt":{"rendered":"<p>29 Zilhicce 575\/26 May\u0131s 1180 tarihindeki vefat\u0131na kadar Ceb\u00e2 ve civ\u00e2r\u0131nda ir\u015f\u00e2d g\u00f6revini su\u0308rdu\u0308ren Hz. Pir S\u00e2deddin Ceb\u00e2v\u00ee, burada z\u00e2viyesinin [&hellip;]<\/p>\n","protected":false},"author":1,"featured_media":0,"parent":1332,"menu_order":3,"comment_status":"open","ping_status":"open","template":"page-sadiyye.php","meta":{"_monsterinsights_skip_tracking":false,"_monsterinsights_sitenote_active":false,"_monsterinsights_sitenote_note":"","_monsterinsights_sitenote_category":0,"footnotes":""},"class_list":["post-1342","page","type-page","status-publish","hentry"],"_links":{"self":[{"href":"https:\/\/www.rifai.org\/sufism\/wp-json\/wp\/v2\/pages\/1342","targetHints":{"allow":["GET"]}}],"collection":[{"href":"https:\/\/www.rifai.org\/sufism\/wp-json\/wp\/v2\/pages"}],"about":[{"href":"https:\/\/www.rifai.org\/sufism\/wp-json\/wp\/v2\/types\/page"}],"author":[{"embeddable":true,"href":"https:\/\/www.rifai.org\/sufism\/wp-json\/wp\/v2\/users\/1"}],"replies":[{"embeddable":true,"href":"https:\/\/www.rifai.org\/sufism\/wp-json\/wp\/v2\/comments?post=1342"}],"version-history":[{"count":1,"href":"https:\/\/www.rifai.org\/sufism\/wp-json\/wp\/v2\/pages\/1342\/revisions"}],"predecessor-version":[{"id":1343,"href":"https:\/\/www.rifai.org\/sufism\/wp-json\/wp\/v2\/pages\/1342\/revisions\/1343"}],"up":[{"embeddable":true,"href":"https:\/\/www.rifai.org\/sufism\/wp-json\/wp\/v2\/pages\/1332"}],"wp:attachment":[{"href":"https:\/\/www.rifai.org\/sufism\/wp-json\/wp\/v2\/media?parent=1342"}],"curies":[{"name":"wp","href":"https:\/\/api.w.org\/{rel}","templated":true}]}}