{"id":1353,"date":"2013-04-20T14:30:32","date_gmt":"2013-04-20T12:30:32","guid":{"rendered":"http:\/\/www.rifai.org\/sufism\/?page_id=1353"},"modified":"2013-04-20T14:30:32","modified_gmt":"2013-04-20T12:30:32","slug":"ilim-ilim-bilmektir","status":"publish","type":"page","link":"https:\/\/www.rifai.org\/sufism\/turkce\/hazretler\/hazreti-yunus-emre\/ilim-ilim-bilmektir\/","title":{"rendered":"\u0130lim ilim bilmektir"},"content":{"rendered":"<p>\u0130lim ilim bilmektir<br \/>\n\u0130lim kendin bilmektir<br \/>\nSen kendini bilmezsin<br \/>\nYa nice okumakt\u0131r<\/p>\n<p>Okumaktan m\u00e2n\u00e2 ne<br \/>\nKi\u015fi Hakk&#8217;\u0131 bilmektir<br \/>\n\u00c7\u00fcn okudun bilmezsin<br \/>\nHa bir kuru emektir<\/p>\n<p>Okudum bildim deme<br \/>\n\u00c7ok t\u00e2at k\u0131ld\u0131m deme<br \/>\nEri Hak bilmez isen<br \/>\nAbes yere yelmektir<\/p>\n<p>D\u00f6rt kitab\u0131n m\u00e2n\u00e2s\u0131<br \/>\nBellidir bir elifde<br \/>\nSen elifi bilmezsin<br \/>\nBu nice okumakt\u0131r<\/p>\n<p>Y\u00fbnus Emre der hoca<br \/>\nGerekse var bin hacca<br \/>\nHepisinden eyice<br \/>\nBir g\u00f6n\u00fcle girmektr<\/p>\n","protected":false},"excerpt":{"rendered":"<p>\u0130lim ilim bilmektir \u0130lim kendin bilmektir Sen kendini bilmezsin Ya nice okumakt\u0131r Okumaktan m\u00e2n\u00e2 ne Ki\u015fi Hakk&#8217;\u0131 bilmektir \u00c7\u00fcn okudun [&hellip;]<\/p>\n","protected":false},"author":1,"featured_media":0,"parent":1306,"menu_order":4,"comment_status":"open","ping_status":"open","template":"page-yunusemre-poem.php","meta":{"_monsterinsights_skip_tracking":false,"_monsterinsights_sitenote_active":false,"_monsterinsights_sitenote_note":"","_monsterinsights_sitenote_category":0,"footnotes":""},"class_list":["post-1353","page","type-page","status-publish","hentry"],"_links":{"self":[{"href":"https:\/\/www.rifai.org\/sufism\/wp-json\/wp\/v2\/pages\/1353","targetHints":{"allow":["GET"]}}],"collection":[{"href":"https:\/\/www.rifai.org\/sufism\/wp-json\/wp\/v2\/pages"}],"about":[{"href":"https:\/\/www.rifai.org\/sufism\/wp-json\/wp\/v2\/types\/page"}],"author":[{"embeddable":true,"href":"https:\/\/www.rifai.org\/sufism\/wp-json\/wp\/v2\/users\/1"}],"replies":[{"embeddable":true,"href":"https:\/\/www.rifai.org\/sufism\/wp-json\/wp\/v2\/comments?post=1353"}],"version-history":[{"count":1,"href":"https:\/\/www.rifai.org\/sufism\/wp-json\/wp\/v2\/pages\/1353\/revisions"}],"predecessor-version":[{"id":1354,"href":"https:\/\/www.rifai.org\/sufism\/wp-json\/wp\/v2\/pages\/1353\/revisions\/1354"}],"up":[{"embeddable":true,"href":"https:\/\/www.rifai.org\/sufism\/wp-json\/wp\/v2\/pages\/1306"}],"wp:attachment":[{"href":"https:\/\/www.rifai.org\/sufism\/wp-json\/wp\/v2\/media?parent=1353"}],"curies":[{"name":"wp","href":"https:\/\/api.w.org\/{rel}","templated":true}]}}