{"id":1372,"date":"2013-04-29T00:39:12","date_gmt":"2013-04-28T22:39:12","guid":{"rendered":"http:\/\/www.rifai.org\/sufism\/?page_id=1372"},"modified":"2013-08-08T23:53:56","modified_gmt":"2013-08-08T21:53:56","slug":"rifaiyye","status":"publish","type":"page","link":"https:\/\/www.rifai.org\/sufism\/turkce\/tarikatler\/rifaiyye\/","title":{"rendered":"Rif\u00e2iyye"},"content":{"rendered":"<p>Hazret Seyyid Ahmed er-Rifai\u2019nin anne taraf\u0131ndan gelen ailesi Hazret-i Ali (ra)\u2019n\u0131n o\u011flu Hazret-i H\u00fcseyin\u2019e kadar uzan\u0131r.<\/p>\n<ul>\n<li>Imam Ali Zayna\u2019l-Abidin (K.S.)<\/li>\n<li>\u2028Imam Muhammad al-Baqir (K.S.)<\/li>\n<li>Imam Jafer as-Sadiq (K.S.)<\/li>\n<li>Imam Musa al-Kazim (K.S.)<\/li>\n<li>Imam Ibrahim al-Murteza (K.S.)<\/li>\n<li>\u2028Sayyid Musa Sani (K.S.)<\/li>\n<li>\u2028Sayyid Ahmad Salih Akbar (K.S.)<\/li>\n<li>Sayyid Abu Abdullah Husayn (K.S.)<\/li>\n<li>Sayyid Hasan\u00a0Qas\u0131m Ab\u00fb M\u00fbsa (K.S.)<\/li>\n<li>\u2028Sayyid Muhammad Abu\u2019l-Qasim (K.S.)<\/li>\n<li>Sayyid Al-Mahdi Makki (K.S.)<\/li>\n<li>Sayyid Abu\u2019l Mekarim al-Hasan (K.S.)<\/li>\n<li>Sayyid Abu\u2019l Fadail (K.S.)<\/li>\n<li>Sayyid Abu Ali Murtaza (K.S.)<\/li>\n<li>Sayyid Ali Hazim Abu\u00a0\u2019l Fewaris (K.S.)<\/li>\n<li>Sayyid Sabit (K.S.)<\/li>\n<li>Sayyid Yahya Nakib (K.S.)<\/li>\n<li>Sayyid Ebul-Hasen Aliyy-ar-Rif\u00e2i (K.S.)<\/li>\n<li>to Sayyid Hazrat Ahmad ar-Rif\u00e2i (K.S.)<\/li>\n<\/ul>\n","protected":false},"excerpt":{"rendered":"<p>Hazret Seyyid Ahmed er-Rifai\u2019nin anne taraf\u0131ndan gelen ailesi Hazret-i Ali (ra)\u2019n\u0131n o\u011flu Hazret-i H\u00fcseyin\u2019e kadar uzan\u0131r. Imam Ali Zayna\u2019l-Abidin (K.S.) [&hellip;]<\/p>\n","protected":false},"author":1,"featured_media":0,"parent":1370,"menu_order":1,"comment_status":"open","ping_status":"open","template":"page-rifai.php","meta":{"_monsterinsights_skip_tracking":false,"_monsterinsights_sitenote_active":false,"_monsterinsights_sitenote_note":"","_monsterinsights_sitenote_category":0,"footnotes":""},"class_list":["post-1372","page","type-page","status-publish","hentry"],"_links":{"self":[{"href":"https:\/\/www.rifai.org\/sufism\/wp-json\/wp\/v2\/pages\/1372","targetHints":{"allow":["GET"]}}],"collection":[{"href":"https:\/\/www.rifai.org\/sufism\/wp-json\/wp\/v2\/pages"}],"about":[{"href":"https:\/\/www.rifai.org\/sufism\/wp-json\/wp\/v2\/types\/page"}],"author":[{"embeddable":true,"href":"https:\/\/www.rifai.org\/sufism\/wp-json\/wp\/v2\/users\/1"}],"replies":[{"embeddable":true,"href":"https:\/\/www.rifai.org\/sufism\/wp-json\/wp\/v2\/comments?post=1372"}],"version-history":[{"count":3,"href":"https:\/\/www.rifai.org\/sufism\/wp-json\/wp\/v2\/pages\/1372\/revisions"}],"predecessor-version":[{"id":1652,"href":"https:\/\/www.rifai.org\/sufism\/wp-json\/wp\/v2\/pages\/1372\/revisions\/1652"}],"up":[{"embeddable":true,"href":"https:\/\/www.rifai.org\/sufism\/wp-json\/wp\/v2\/pages\/1370"}],"wp:attachment":[{"href":"https:\/\/www.rifai.org\/sufism\/wp-json\/wp\/v2\/media?parent=1372"}],"curies":[{"name":"wp","href":"https:\/\/api.w.org\/{rel}","templated":true}]}}