{"id":1389,"date":"2013-04-29T00:48:42","date_gmt":"2013-04-28T22:48:42","guid":{"rendered":"http:\/\/www.rifai.org\/sufism\/?page_id=1389"},"modified":"2013-09-07T10:19:08","modified_gmt":"2013-09-07T08:19:08","slug":"arusiyye","status":"publish","type":"page","link":"https:\/\/www.rifai.org\/sufism\/turkce\/tarikatler\/arusiyye\/","title":{"rendered":"Arusiyye"},"content":{"rendered":"<p><strong>Seyyid Abd\u00fcssel\u00e2m el-Esmer Hazretleri<\/strong><\/p>\n<p><strong>Do\u011fumu, ailesi, \u00e7ocuklu\u011fu:<\/strong><\/p>\n<p>Ar\u00fbsiyye tarikat\u0131n\u0131n kurucusu ve ikinci p\u00eeri Abd\u00fcssel\u00e2m el-Esmer el-Feyt\u00fbr\u00ee Hazretleri, Hicri 880 Rebi\u00fclevvel ay\u0131n\u0131n bir Pazartesi g\u00fcn\u00fc (16 Temmuz 1475), Trablusgarb\u2019\u0131n Zileytin b\u00f6lgesinde do\u011fmu\u015ftur. Mensub oldu\u011fu Feyt\u00fbriyye kabilesinden dolay\u0131 Feyt\u00fbr\u00ee nisbesini alm\u0131\u015ft\u0131r. Ya\u015fad\u0131\u011f\u0131 d\u00f6nem, Hafs\u00eeler, \u0130spanyollar, yerli kabileler, Saint John \u015f\u00f6valyeleri ve Osmanl\u0131lar&#8217;\u0131n Trablusgarp h\u00e2kimiyeti i\u00e7in m\u00fccadele ettikleri, hassas ve kar\u0131\u015f\u0131k bir d\u00f6neme rastlamaktad\u0131r.<\/p>\n<p>S\u00fcl\u00e2lesi baba ve anne taraf\u0131ndan Hz. Peygamber Efendimizin (s.a.v.) torunu Hazreti Hasan&#8217;a (r.a.) ba\u011flan\u0131r. Baba taraf\u0131ndan \u015feceresi s\u0131ras\u0131yla \u015f\u00f6yledir: Seyyid Abd\u00fcssel\u00e2m el-El-Esmer, Selim, Muhammed, S\u00e2lim, Ham\u00eede, \u0130mr\u00e2n, Muhy\u00ee, S\u00fcleyman, Ahmed, Hal\u00eefe, Hac\u0131 Abdullah (Binb\u00eel), Abdulaziz, Abd\u00fclk\u00e2dir, Abdurrah\u00eem, Abdullah, \u0130dr\u00ees\u00fc&#8217;l-Asgar, \u0130dr\u00ees\u00fc&#8217;l-Ekber, Hasan el-M\u00fcsn\u00ee, Hz. Hasan (r.a.), Hz. \u0130m\u00e2m-\u0131 Ali (r.a.) ile Hz. Peygamber&#8217;in (s.a.v.) k\u0131z\u0131 Hz. Seyyide F\u00e2t\u0131ma (r.a.).<\/p>\n<p>Anne taraf\u0131ndan ise \u015feceresi s\u0131ras\u0131yla \u015f\u00f6yledir: Seyyid Abd\u00fcssel\u00e2m el-Esmer, Seyyide Sel\u00eeme D\u00fcrriye, Seyyid Abdurrahm\u00e2n ed-Dir&#8217;\u00ee, Abdulv\u00e2hid, Abd\u00fclk\u00e2dir, Abdulaziz, Ali, Sa&#8217;d, Muhammed, Eb\u00fb Abdullah, Seyyid Abd\u00fcssel\u00e2m, Me\u015f\u00ee\u015f, Eb\u00fbbekir, Rev\u00e2h, \u0130s\u00e2, Ebu&#8217;l-K\u00e2s\u0131m, Mirv\u00e2n, Ham\u00eede, Ali, Abd\u00fclaziz, \u0130dr\u00ees\u00fc&#8217;l-Asgar, \u0130dr\u00ees\u00fc&#8217;l-Ekber, Abdullah, Hasan el-M\u00fcsn\u00ee, Hz. Hasan (r.a.), Hz. \u0130m\u00e2m-\u0131 Ali (r.a.) ile Hz. Peygamber&#8217;in (s.a.v.) k\u0131z\u0131 Hz. Seyyide F\u00e2t\u0131ma (r.a.).<\/p>\n<p>Abd\u00fcssel\u00e2m el-Esmer Hazretleri iki ya\u015f\u0131nda iken, babas\u0131 vefat eder ve day\u0131s\u0131 Ebu Abbas Ahmed bin Muhiddin el-Feyt\u00fbri\u2019nin himayesine al\u0131n\u0131r. Kur\u2019\u00e2n-\u0131 Kerim, Arap\u00e7a ve Fen Bilimleri konular\u0131nda iyi bir e\u011fitim al\u0131r. Day\u0131s\u0131, Abd\u00fcssel\u00e2m el-Esmer Hazretlerini daha ileri e\u011fitim almak \u00fczere ba\u015fka bir m\u00fcr\u015fide g\u00f6ndermek istedi\u011fi zaman, \u2018Ba\u015fka bir \u015eeyh\u2019e ihtiyac\u0131m yok, \u00e7\u00fcnk\u00fc ke\u015ffim a\u00e7\u0131ld\u0131 ve Allah bana her \u015feyi g\u00f6sterdi,\u2019 cevab\u0131n\u0131 verir. Buna ra\u011fmen day\u0131s\u0131, kendisini ikna ederek, e\u011fitimini tamamlamak \u00fczere Seyyid Abd\u00fclv\u00e2hid ed-D\u00fck\u00e2li&#8217;nin yan\u0131na g\u00f6nderir. B\u00f6ylece Abd\u00fcssel\u00e2m el-Esmer Hazretleri, Ar\u00fbsiyye tarikat\u0131 \u015feyhlerinden Abd\u00fclv\u00e2hid ed-D\u00fck\u00e2li Hazretlerinin m\u00fcridi olur.<\/p>\n","protected":false},"excerpt":{"rendered":"<p>Seyyid Abd\u00fcssel\u00e2m el-Esmer Hazretleri Do\u011fumu, ailesi, \u00e7ocuklu\u011fu: Ar\u00fbsiyye tarikat\u0131n\u0131n kurucusu ve ikinci p\u00eeri Abd\u00fcssel\u00e2m el-Esmer el-Feyt\u00fbr\u00ee Hazretleri, Hicri 880 Rebi\u00fclevvel [&hellip;]<\/p>\n","protected":false},"author":1,"featured_media":0,"parent":1370,"menu_order":9,"comment_status":"open","ping_status":"open","template":"page-arusiyye.php","meta":{"_monsterinsights_skip_tracking":false,"_monsterinsights_sitenote_active":false,"_monsterinsights_sitenote_note":"","_monsterinsights_sitenote_category":0,"footnotes":""},"class_list":["post-1389","page","type-page","status-publish","hentry"],"_links":{"self":[{"href":"https:\/\/www.rifai.org\/sufism\/wp-json\/wp\/v2\/pages\/1389","targetHints":{"allow":["GET"]}}],"collection":[{"href":"https:\/\/www.rifai.org\/sufism\/wp-json\/wp\/v2\/pages"}],"about":[{"href":"https:\/\/www.rifai.org\/sufism\/wp-json\/wp\/v2\/types\/page"}],"author":[{"embeddable":true,"href":"https:\/\/www.rifai.org\/sufism\/wp-json\/wp\/v2\/users\/1"}],"replies":[{"embeddable":true,"href":"https:\/\/www.rifai.org\/sufism\/wp-json\/wp\/v2\/comments?post=1389"}],"version-history":[{"count":4,"href":"https:\/\/www.rifai.org\/sufism\/wp-json\/wp\/v2\/pages\/1389\/revisions"}],"predecessor-version":[{"id":1656,"href":"https:\/\/www.rifai.org\/sufism\/wp-json\/wp\/v2\/pages\/1389\/revisions\/1656"}],"up":[{"embeddable":true,"href":"https:\/\/www.rifai.org\/sufism\/wp-json\/wp\/v2\/pages\/1370"}],"wp:attachment":[{"href":"https:\/\/www.rifai.org\/sufism\/wp-json\/wp\/v2\/media?parent=1389"}],"curies":[{"name":"wp","href":"https:\/\/api.w.org\/{rel}","templated":true}]}}