{"id":1391,"date":"2013-04-29T00:49:42","date_gmt":"2013-04-28T22:49:42","guid":{"rendered":"http:\/\/www.rifai.org\/sufism\/?page_id=1391"},"modified":"2013-05-15T00:41:46","modified_gmt":"2013-05-14T22:41:46","slug":"naksibendiyye","status":"publish","type":"page","link":"https:\/\/www.rifai.org\/sufism\/turkce\/tarikatler\/naksibendiyye\/","title":{"rendered":"Nak\u015fibendiyye"},"content":{"rendered":"<p>Haz\u0131rlan\u0131yor..<\/p>\n","protected":false},"excerpt":{"rendered":"<p>Haz\u0131rlan\u0131yor..<\/p>\n","protected":false},"author":1,"featured_media":0,"parent":1370,"menu_order":10,"comment_status":"open","ping_status":"open","template":"","meta":{"_monsterinsights_skip_tracking":false,"_monsterinsights_sitenote_active":false,"_monsterinsights_sitenote_note":"","_monsterinsights_sitenote_category":0,"footnotes":""},"class_list":["post-1391","page","type-page","status-publish","hentry"],"_links":{"self":[{"href":"https:\/\/www.rifai.org\/sufism\/wp-json\/wp\/v2\/pages\/1391","targetHints":{"allow":["GET"]}}],"collection":[{"href":"https:\/\/www.rifai.org\/sufism\/wp-json\/wp\/v2\/pages"}],"about":[{"href":"https:\/\/www.rifai.org\/sufism\/wp-json\/wp\/v2\/types\/page"}],"author":[{"embeddable":true,"href":"https:\/\/www.rifai.org\/sufism\/wp-json\/wp\/v2\/users\/1"}],"replies":[{"embeddable":true,"href":"https:\/\/www.rifai.org\/sufism\/wp-json\/wp\/v2\/comments?post=1391"}],"version-history":[{"count":2,"href":"https:\/\/www.rifai.org\/sufism\/wp-json\/wp\/v2\/pages\/1391\/revisions"}],"predecessor-version":[{"id":1481,"href":"https:\/\/www.rifai.org\/sufism\/wp-json\/wp\/v2\/pages\/1391\/revisions\/1481"}],"up":[{"embeddable":true,"href":"https:\/\/www.rifai.org\/sufism\/wp-json\/wp\/v2\/pages\/1370"}],"wp:attachment":[{"href":"https:\/\/www.rifai.org\/sufism\/wp-json\/wp\/v2\/media?parent=1391"}],"curies":[{"name":"wp","href":"https:\/\/api.w.org\/{rel}","templated":true}]}}