{"id":1407,"date":"2013-04-29T11:41:43","date_gmt":"2013-04-29T09:41:43","guid":{"rendered":"http:\/\/www.rifai.org\/sufism\/?page_id=1407"},"modified":"2013-08-08T23:50:54","modified_gmt":"2013-08-08T21:50:54","slug":"rifaiyye","status":"publish","type":"page","link":"https:\/\/www.rifai.org\/sufism\/english\/tariqah\/rifaiyye\/","title":{"rendered":"Rif\u00e2iyye"},"content":{"rendered":"<p>The maternal side of Hazrat Sayyid Ahmad ar- Rif\u00e2i \u2018s family goes back to Hazrat Huseyin, the son of Hazrat Ali (ra). On the paternal side his lineage goes back to the Prophet Muhammad (saw) as follows: \u2028Hazrat Ali (ra), the master of the community, husband of Hazrat Fatima and the founder of Imams, a relative of the prophet; \u2028Hazrat Huseyin, Imam of Muslims, the chief of the Mumins (believers in Islam) who were tried and afflicted with various troubles and calamities, the martyr of Kerbela;<\/p>\n<ul>\n<li>Imam Ali Zayna\u2019l-Abidin (K.S.)<\/li>\n<li>\u2028Imam Muhammad al-Baqir (K.S.)<\/li>\n<li>Imam Jafer as-Sadiq (K.S.)<\/li>\n<li>Imam Musa al-Kazim (K.S.)<\/li>\n<li>Imam Ibrahim al-Murteza (K.S.)<\/li>\n<li>\u2028Sayyid Musa Sani (K.S.)<\/li>\n<li>\u2028Sayyid Ahmad Salih Akbar (K.S.)<\/li>\n<li>Sayyid Abu Abdullah Husayn (K.S.)<\/li>\n<li>Sayyid Hasan\u00a0Qas\u0131m Ab\u00fb M\u00fbsa (K.S.)<\/li>\n<li>\u2028Sayyid Muhammad Abu\u2019l-Qasim (K.S.)<\/li>\n<li>Sayyid Al-Mahdi Makki (K.S.)<\/li>\n<li>Sayyid Abu\u2019l Mekarim al-Hasan (K.S.)<\/li>\n<li>Sayyid Abu\u2019l Fadail (K.S.)<\/li>\n<li>Sayyid Abu Ali Murtaza (K.S.)<\/li>\n<li>Sayyid Ali Hazim Abu\u00a0\u2019l Fewaris (K.S.)<\/li>\n<li>Sayyid Sabit (K.S.)<\/li>\n<li>Sayyid Yahya Nakib (K.S.)<\/li>\n<li>Sayyid Ebul-Hasen Aliyy-ar-Rif\u00e2i (K.S.)<\/li>\n<li>to Sayyid Hazrat Ahmad ar-Rif\u00e2i (K.S.)<\/li>\n<\/ul>\n","protected":false},"excerpt":{"rendered":"<p>The maternal side of Hazrat Sayyid Ahmad ar- Rif\u00e2i \u2018s family goes back to Hazrat Huseyin, the son of Hazrat [&hellip;]<\/p>\n","protected":false},"author":1,"featured_media":0,"parent":61,"menu_order":1,"comment_status":"open","ping_status":"open","template":"page-rifai.php","meta":{"_monsterinsights_skip_tracking":false,"_monsterinsights_sitenote_active":false,"_monsterinsights_sitenote_note":"","_monsterinsights_sitenote_category":0,"footnotes":""},"class_list":["post-1407","page","type-page","status-publish","hentry"],"_links":{"self":[{"href":"https:\/\/www.rifai.org\/sufism\/wp-json\/wp\/v2\/pages\/1407","targetHints":{"allow":["GET"]}}],"collection":[{"href":"https:\/\/www.rifai.org\/sufism\/wp-json\/wp\/v2\/pages"}],"about":[{"href":"https:\/\/www.rifai.org\/sufism\/wp-json\/wp\/v2\/types\/page"}],"author":[{"embeddable":true,"href":"https:\/\/www.rifai.org\/sufism\/wp-json\/wp\/v2\/users\/1"}],"replies":[{"embeddable":true,"href":"https:\/\/www.rifai.org\/sufism\/wp-json\/wp\/v2\/comments?post=1407"}],"version-history":[{"count":3,"href":"https:\/\/www.rifai.org\/sufism\/wp-json\/wp\/v2\/pages\/1407\/revisions"}],"predecessor-version":[{"id":1651,"href":"https:\/\/www.rifai.org\/sufism\/wp-json\/wp\/v2\/pages\/1407\/revisions\/1651"}],"up":[{"embeddable":true,"href":"https:\/\/www.rifai.org\/sufism\/wp-json\/wp\/v2\/pages\/61"}],"wp:attachment":[{"href":"https:\/\/www.rifai.org\/sufism\/wp-json\/wp\/v2\/media?parent=1407"}],"curies":[{"name":"wp","href":"https:\/\/api.w.org\/{rel}","templated":true}]}}