{"id":1445,"date":"2013-05-14T12:04:30","date_gmt":"2013-05-14T10:04:30","guid":{"rendered":"http:\/\/www.rifai.org\/sufism\/?page_id=1445"},"modified":"2013-05-14T12:04:30","modified_gmt":"2013-05-14T10:04:30","slug":"tarikat-silsilesi","status":"publish","type":"page","link":"https:\/\/www.rifai.org\/sufism\/turkce\/tarikatler\/halvetiyye\/karabasiyye\/tarikat-silsilesi\/","title":{"rendered":"Tarikat Silsilesi"},"content":{"rendered":"<ol>\n<li>Hazreti Muhammed Mustafa Sall\u00e2llahu Aleyhi Vesellem.<\/li>\n<li>Hazreti Aliyy\u00fcl M\u00fcrteza Radiyallahu Anh\u00fc.<\/li>\n<li>\u0130mamu Hasanu H\u00fcseyin Radiyallahu Anh\u00fc.<\/li>\n<li>Hasan\u00fcl Basri Kaddesallah\u00fc Sirrah\u00fcl \u00c2l\u00ee<\/li>\n<li>Hab\u00eeb\u00ee Acem\u00ee Kudd\u00eese Sirruh.<\/li>\n<li>E\u015f \u015eeyh Hazreti Davudu T\u00e2i Kuddise Sirruh.<\/li>\n<li>E\u015f \u015eeyh Hazreti M\u00e2rufi Kerh\u00ee Kuddise Sirruh.<\/li>\n<li>E\u015f \u015eeyh Hazreti S\u0131rr\u0131 Sakat\u00ee Kuddise Sirruh.<\/li>\n<li>E\u015f \u015eeyh Hazreti C\u00fcneydil Ba\u011fdad\u00ee Kuddise Sirruh.<\/li>\n<li>E\u015f \u015eeyh Hazreti Ahmed\u00fc M\u00fcm\u015fad id Deyn\u00fbr\u00ee Kuddise Sirruh.<\/li>\n<li>E\u015f \u015eeyh Hazreti Muhammed \u00fcd-Deyn\u00fbr\u00ee.<\/li>\n<li>E\u015f \u015eeyh Hazreti Muhammed Bekr\u00ee Kuddise Sirruh.<\/li>\n<li>E\u015f \u015eeyh Hazreti Vahyedd\u00een \u00fc Gaz\u00ee Kuddise Sirruh.<\/li>\n<li>E\u015f \u015eeyh Hazreti \u00d6mer ul Bekr\u00ee Kuddise Sirruh.<\/li>\n<li>Hazreti Ebu Nec\u00eeb \u00ee S\u00fchreverdi Kuddise Sirruh.<\/li>\n<li>Hazreti Kutbuddin Ebheri Kuddise Sirruh.<\/li>\n<li>Hazreti R\u00fckn\u00fcddin Kuddise Sirruh.<\/li>\n<li>Muhammed\u00fcn Necc\u00e2\u015fi Kuddise Sirruh.<\/li>\n<li>\u015eehabeddin i Tebriz\u00ee Kuddise Sirruh.<\/li>\n<li>Cemaleddin i Tebr\u00eez\u00ee Kuddise Sirruh.<\/li>\n<li>\u0130brahim iz zahid il Geyl\u00e2n\u00ee Kuddise Sirruh.<\/li>\n<li>Sadeddin i Ferg\u00e2n\u00ee Kuddise Sirruh.<\/li>\n<li>\u00c2h\u00ee Muhammed il Halvet\u00ee.<\/li>\n<li>E\u015f \u015eeyh \u00d6mer u P\u00eer Halvet\u00ee Kuddise Sirruh.<\/li>\n<li>Muhammed bin N\u00fbr il Halvet\u00ee Kuddise Sirruh.<\/li>\n<li>\u00c2hi Em\u00eer Muhammed il Halvet\u00ee Kuddise Sirruh.<\/li>\n<li>Hac\u0131 \u0130zzeddin il Halvet\u00ee Kuddise Sirruh.<\/li>\n<li>Sadreddini Hunyad\u00ee Kuddise Sirruh.<\/li>\n<li>Seyyid Yahya \u015eirv\u00e2n\u00ee Kuddise Sirruh.<\/li>\n<li>P\u00eer Muhammed Erzinc\u00e2n\u00ee Kuddise Sirruh.<\/li>\n<li>Cemaleddin Aksaray\u00ee el Halvet\u00ee Kuddise Sirruh.<\/li>\n<li>Dede \u00d6mer Aladdin i Habib Karaman\u00ee Kuddise Sirruh.<\/li>\n<li>Muhammed Behaudd\u00een \u00ee Erzincan\u00ee Kuddise Sirruh.<\/li>\n<li>E\u015f \u015eeyh Hayredd\u00een \u00ee Tokad\u00ee Kuddise Sirruh.<\/li>\n<li>E\u015f \u015eeyh P\u00eeri Muazzam el Halvet\u00ee Hazreti \u015eaban\u0131 Vel\u00ee Kuddise Sirruh.<\/li>\n<li>E\u015f \u015eeyh Osman ul Kastamon\u00ee Kuddise Sirruh.<\/li>\n<li>Hayreddini Kastamon\u00ee Kuddise Sirruh.<\/li>\n<li>Abdulbaki \u0130skilib\u00ee Kuddise Sirruh.<\/li>\n<li>Muhyidini \u0130skilib\u00ee Kuddise Sirruh.<\/li>\n<li>Dervi\u015f \u00d6mer ul Fuad\u00ee Kuddise Sirruh.<\/li>\n<li>\u0130smail \u00c7orum\u00ee Kuddise Sirruh.<\/li>\n<li>Mustafa \u00c7elebi \u00c7orum\u00ee Kuddise Sirruh.<\/li>\n<li>E\u015f \u015eeyh P\u00eer-i Muazzam Ali Alaaddin-i Karaba\u015f-\u0131 Veli Kuddise Sirruh.<\/li>\n<\/ol>\n<p>&nbsp;<\/p>\n","protected":false},"excerpt":{"rendered":"<p>Hazreti Muhammed Mustafa Sall\u00e2llahu Aleyhi Vesellem. Hazreti Aliyy\u00fcl M\u00fcrteza Radiyallahu Anh\u00fc. \u0130mamu Hasanu H\u00fcseyin Radiyallahu Anh\u00fc. Hasan\u00fcl Basri Kaddesallah\u00fc Sirrah\u00fcl [&hellip;]<\/p>\n","protected":false},"author":1,"featured_media":0,"parent":1435,"menu_order":3,"comment_status":"open","ping_status":"open","template":"page-karabas.php","meta":{"_monsterinsights_skip_tracking":false,"_monsterinsights_sitenote_active":false,"_monsterinsights_sitenote_note":"","_monsterinsights_sitenote_category":0,"footnotes":""},"class_list":["post-1445","page","type-page","status-publish","hentry"],"_links":{"self":[{"href":"https:\/\/www.rifai.org\/sufism\/wp-json\/wp\/v2\/pages\/1445","targetHints":{"allow":["GET"]}}],"collection":[{"href":"https:\/\/www.rifai.org\/sufism\/wp-json\/wp\/v2\/pages"}],"about":[{"href":"https:\/\/www.rifai.org\/sufism\/wp-json\/wp\/v2\/types\/page"}],"author":[{"embeddable":true,"href":"https:\/\/www.rifai.org\/sufism\/wp-json\/wp\/v2\/users\/1"}],"replies":[{"embeddable":true,"href":"https:\/\/www.rifai.org\/sufism\/wp-json\/wp\/v2\/comments?post=1445"}],"version-history":[{"count":2,"href":"https:\/\/www.rifai.org\/sufism\/wp-json\/wp\/v2\/pages\/1445\/revisions"}],"predecessor-version":[{"id":1447,"href":"https:\/\/www.rifai.org\/sufism\/wp-json\/wp\/v2\/pages\/1445\/revisions\/1447"}],"up":[{"embeddable":true,"href":"https:\/\/www.rifai.org\/sufism\/wp-json\/wp\/v2\/pages\/1435"}],"wp:attachment":[{"href":"https:\/\/www.rifai.org\/sufism\/wp-json\/wp\/v2\/media?parent=1445"}],"curies":[{"name":"wp","href":"https:\/\/api.w.org\/{rel}","templated":true}]}}