{"id":1451,"date":"2013-05-14T12:16:28","date_gmt":"2013-05-14T10:16:28","guid":{"rendered":"http:\/\/www.rifai.org\/sufism\/?page_id=1451"},"modified":"2013-05-14T12:16:28","modified_gmt":"2013-05-14T10:16:28","slug":"tasavvuf-silsilesi","status":"publish","type":"page","link":"https:\/\/www.rifai.org\/sufism\/turkce\/tarikatler\/suhreverdiyye\/tasavvuf-silsilesi\/","title":{"rendered":"Tasavvuf Silsilesi"},"content":{"rendered":"<p>Peygamberimiz Hz. Muhammed (sav)<br \/>\nHz. Ali bin Ebu Talib (a.s.)<br \/>\n\u0130mam Hz. H\u00fcseyin (a.s.)<br \/>\n\u0130mam Zeynel Abidin (a.s.)<br \/>\n\u0130mam Muhammed Bak\u0131r (a.s.)<br \/>\n\u0130mam Ca\u2019fer-i Sad\u0131k (a.s.)<br \/>\n\u0130mam Musa Kaz\u0131m (a.s.)<br \/>\n\u0130mam Ali er-R\u0131za (a.s.)<br \/>\nMaruf el-Kerhi (k.s.)<br \/>\nS\u0131rr\u0131 Sekati (k.s.)<br \/>\n\u015eeyh Ebu\u2019l-Kas\u0131m C\u00fcneyd bin Muhammed el-Kavariri el-Ba\u011fdadi (C\u00fcneydiyye Tarikat\u0131 Piri) (H. 298 M. 911)<br \/>\n\u015eeyh Ebu Ali er-Ruzbari (H. 321\/ M. 933)<br \/>\n\u015eeyh Ali el-Katib (H. 352 \/M. 963)<br \/>\n\u015eeyh Ebu Osman Said bin Selam el-Ma\u011fribi (H. 373\/M. 984)<br \/>\n\u015eeyh Ebu\u2019l-Kas\u0131m Ahmed bin Ali bin Abd\u00fclvahid el-C\u00fcrcani (H. 450 M. 1058)<br \/>\n\u015eeyh Ebu Bekir en-Nessac (H. 474\/M. 1082)<br \/>\n\u015eeyh Ebu\u2019l-F\u00fctuh Ahmed bin Muhammed bin Muhammed el-Gazali (H. 560\/M. 1165)<br \/>\n\u015eeyh Ebu\u2019n-Necib Ziyaeddin Abdulkahir bin Abdullah el-Bekri es-S\u00fchreverdi (H. 563\/M. 1168)<br \/>\n\u015eeyh \u015eihabeddin \u00d6mer es-S\u00fchreverdi (Ba\u011fdat) (S\u00fchreverdiyye Tarikat\u0131 Piri) (H. 632\/M. 1234)<\/p>\n","protected":false},"excerpt":{"rendered":"<p>Peygamberimiz Hz. Muhammed (sav) Hz. Ali bin Ebu Talib (a.s.) \u0130mam Hz. H\u00fcseyin (a.s.) \u0130mam Zeynel Abidin (a.s.) \u0130mam Muhammed [&hellip;]<\/p>\n","protected":false},"author":1,"featured_media":0,"parent":1448,"menu_order":1,"comment_status":"open","ping_status":"open","template":"page-suhreverdi.php","meta":{"_monsterinsights_skip_tracking":false,"_monsterinsights_sitenote_active":false,"_monsterinsights_sitenote_note":"","_monsterinsights_sitenote_category":0,"footnotes":""},"class_list":["post-1451","page","type-page","status-publish","hentry"],"_links":{"self":[{"href":"https:\/\/www.rifai.org\/sufism\/wp-json\/wp\/v2\/pages\/1451","targetHints":{"allow":["GET"]}}],"collection":[{"href":"https:\/\/www.rifai.org\/sufism\/wp-json\/wp\/v2\/pages"}],"about":[{"href":"https:\/\/www.rifai.org\/sufism\/wp-json\/wp\/v2\/types\/page"}],"author":[{"embeddable":true,"href":"https:\/\/www.rifai.org\/sufism\/wp-json\/wp\/v2\/users\/1"}],"replies":[{"embeddable":true,"href":"https:\/\/www.rifai.org\/sufism\/wp-json\/wp\/v2\/comments?post=1451"}],"version-history":[{"count":1,"href":"https:\/\/www.rifai.org\/sufism\/wp-json\/wp\/v2\/pages\/1451\/revisions"}],"predecessor-version":[{"id":1452,"href":"https:\/\/www.rifai.org\/sufism\/wp-json\/wp\/v2\/pages\/1451\/revisions\/1452"}],"up":[{"embeddable":true,"href":"https:\/\/www.rifai.org\/sufism\/wp-json\/wp\/v2\/pages\/1448"}],"wp:attachment":[{"href":"https:\/\/www.rifai.org\/sufism\/wp-json\/wp\/v2\/media?parent=1451"}],"curies":[{"name":"wp","href":"https:\/\/api.w.org\/{rel}","templated":true}]}}