{"id":1455,"date":"2013-05-14T12:19:56","date_gmt":"2013-05-14T10:19:56","guid":{"rendered":"http:\/\/www.rifai.org\/sufism\/?page_id=1455"},"modified":"2013-05-14T12:19:56","modified_gmt":"2013-05-14T10:19:56","slug":"avariful-maarif","status":"publish","type":"page","link":"https:\/\/www.rifai.org\/sufism\/turkce\/tarikatler\/suhreverdiyye\/avariful-maarif\/","title":{"rendered":"Av\u00e2rif\u00fc&#8217;l-Ma&#8217;\u00e2rif"},"content":{"rendered":"<p>\u00d6mer es-S\u00fchreverd\u00ee Hazretleri, siyasi a\u00e7\u0131dan oldu\u011fu kadar fikr\u00ee ve k\u00fclt\u00fcrel y\u00f6nden de \u00e7alkant\u0131l\u0131 bir d\u00f6nemde ya\u015fam\u0131\u015ft\u0131r. Av\u00e2rif\u00fc&#8217;l-Ma&#8217;\u00e2rif adl\u0131 \u00e7ok \u00f6nemli eserinin mukaddimesinde, b\u00fct\u00fcn bu karga\u015fa i\u00e7inde sufilerin Allah&#8217;\u0131 en iyi tan\u0131yan, takva ve veralar\u0131yla ger\u00e7ek kullu\u011fa erebilen ki\u015filer olduklar\u0131n\u0131 s\u00f6yler. Hz. S\u00fchreverd\u00ee bu eserini, ger\u00e7ek s\u00fbf\u00eeleri sahtelerinden ay\u0131rmak niyetiyle yazd\u0131\u011f\u0131n\u0131 ifade eder.<\/p>\n<p>Hz. S\u00fchreverd\u00ee, bu k\u0131ymetli eserini \u00f6ncelikle Kur&#8217;an ve Hadis referanslar\u0131na dayand\u0131rm\u0131\u015ft\u0131r. Kendisi, \u00f6zellikle Hadis ilminde derin bir \u00e2limdir. \u2018Ku\u015feyr\u00ee ashab\u0131\u2019 denilen erken d\u00f6nem sufilerin hemen hemen tamam\u0131n\u0131n muhaddis olmas\u0131, tasavvuf yolunun me\u015fruiyet s\u0131n\u0131rlar\u0131 i\u00e7inde kalmas\u0131na \u00f6nemli \u00f6l\u00e7\u00fcde katk\u0131da bulunmu\u015ftur. Hz. S\u00fchreverd\u00ee bu eserini metodik bir yakla\u015f\u0131mla, ilmi zihniyetin gere\u011fi olarak, basitten ba\u015flay\u0131p daha karma\u015f\u0131k konulara do\u011fru i\u015flemek suretiyle kaleme alm\u0131\u015ft\u0131r. Eserinde, kendinden \u00f6nceki sufilerden s\u0131k s\u0131k al\u0131nt\u0131lar yapar, \u015fiirlerle konusunu zenginle\u015ftirir ve sonu\u00e7ta kendi de\u011ferlendirmesini yapar. Hz. S\u00fchreverd\u00ee, bu eseriyle, tasavvufun m\u00fcessesele\u015fmesi yolunda o d\u00f6nemde ihtiya\u00e7 duyulan genel hatlar\u0131 \u00e7izmi\u015ftir.<\/p>\n<p>Tekke hayat\u0131n\u0131 tanzim eden esaslar daha \u00f6nce de ortaya konulmakla birlikte, bu unsurlar sistematik anlamda ve belli bir d\u00fczen i\u00e7inde ilk olarak Av\u00e2rif\u00fc&#8217;l-Ma&#8217;\u00e2rif\u2019te a\u00e7\u0131klanm\u0131\u015ft\u0131r.<\/p>\n","protected":false},"excerpt":{"rendered":"<p>\u00d6mer es-S\u00fchreverd\u00ee Hazretleri, siyasi a\u00e7\u0131dan oldu\u011fu kadar fikr\u00ee ve k\u00fclt\u00fcrel y\u00f6nden de \u00e7alkant\u0131l\u0131 bir d\u00f6nemde ya\u015fam\u0131\u015ft\u0131r. Av\u00e2rif\u00fc&#8217;l-Ma&#8217;\u00e2rif adl\u0131 \u00e7ok \u00f6nemli [&hellip;]<\/p>\n","protected":false},"author":1,"featured_media":0,"parent":1448,"menu_order":3,"comment_status":"open","ping_status":"open","template":"page-suhreverdi.php","meta":{"_monsterinsights_skip_tracking":false,"_monsterinsights_sitenote_active":false,"_monsterinsights_sitenote_note":"","_monsterinsights_sitenote_category":0,"footnotes":""},"class_list":["post-1455","page","type-page","status-publish","hentry"],"_links":{"self":[{"href":"https:\/\/www.rifai.org\/sufism\/wp-json\/wp\/v2\/pages\/1455","targetHints":{"allow":["GET"]}}],"collection":[{"href":"https:\/\/www.rifai.org\/sufism\/wp-json\/wp\/v2\/pages"}],"about":[{"href":"https:\/\/www.rifai.org\/sufism\/wp-json\/wp\/v2\/types\/page"}],"author":[{"embeddable":true,"href":"https:\/\/www.rifai.org\/sufism\/wp-json\/wp\/v2\/users\/1"}],"replies":[{"embeddable":true,"href":"https:\/\/www.rifai.org\/sufism\/wp-json\/wp\/v2\/comments?post=1455"}],"version-history":[{"count":1,"href":"https:\/\/www.rifai.org\/sufism\/wp-json\/wp\/v2\/pages\/1455\/revisions"}],"predecessor-version":[{"id":1456,"href":"https:\/\/www.rifai.org\/sufism\/wp-json\/wp\/v2\/pages\/1455\/revisions\/1456"}],"up":[{"embeddable":true,"href":"https:\/\/www.rifai.org\/sufism\/wp-json\/wp\/v2\/pages\/1448"}],"wp:attachment":[{"href":"https:\/\/www.rifai.org\/sufism\/wp-json\/wp\/v2\/media?parent=1455"}],"curies":[{"name":"wp","href":"https:\/\/api.w.org\/{rel}","templated":true}]}}