{"id":1504,"date":"2013-05-16T15:46:58","date_gmt":"2013-05-16T13:46:58","guid":{"rendered":"http:\/\/www.rifai.org\/sufism\/?page_id=1504"},"modified":"2013-05-16T16:01:22","modified_gmt":"2013-05-16T14:01:22","slug":"tarikat-silsilesi","status":"publish","type":"page","link":"https:\/\/www.rifai.org\/sufism\/turkce\/tarikatler\/kubreviyye\/tarikat-silsilesi\/","title":{"rendered":"Tarikat Silsilesi"},"content":{"rendered":"<ol>\n<li>Seyyid-i Kainat Muhammed Mustafa (SAV.)<\/li>\n<li>Hazret-i Ali bin Ebi Talib (ra)<\/li>\n<li>Hz. Hasan (ra)<\/li>\n<li>Hz. H\u00fcseyin (ra)<\/li>\n<li>Hz. Zeynel\u00e2bidin (ks)<\/li>\n<li>Hz. Muhammed B\u00e2k\u0131r (ks)<\/li>\n<li>Hz. Cafer-i Sad\u0131k (ks)<\/li>\n<li>Hz. Musa Kaz\u0131m (ks)<\/li>\n<li>Hz. Ali R\u0131za (ks)<\/li>\n<li>Hz. Maruf Kerh\u00ee (ks)<\/li>\n<li>Hz. Ser\u00ee Sakat\u00ee (ks)<\/li>\n<li>Hz. Ebu Ali Ruzbar\u00ee (ks)<\/li>\n<li>Hz. Ebu Osman Ma\u011frib\u00ee (ks)<\/li>\n<li>Hz. Ebu Kas\u0131m C\u00fcrcan\u00ee (ks)<\/li>\n<li>Hz. Ebu Bekir Ness\u00e2c (ks)<\/li>\n<li>Hz. Ebu\u2019n Necib S\u00fchreverdi (ks)<\/li>\n<li>Hz. \u0130smail Kasri (ks)<\/li>\n<li>Hz. Ammar bin Yasir \/ R\u00fbzbihan Bakl\u00ee (ks)<\/li>\n<li>Hz. Necmeddin K\u00fcbra (Tarikat Piri) (ks)<\/li>\n<\/ol>\n","protected":false},"excerpt":{"rendered":"<p>Seyyid-i Kainat Muhammed Mustafa (SAV.) Hazret-i Ali bin Ebi Talib (ra) Hz. Hasan (ra) Hz. H\u00fcseyin (ra) Hz. Zeynel\u00e2bidin (ks) [&hellip;]<\/p>\n","protected":false},"author":1,"featured_media":0,"parent":1489,"menu_order":5,"comment_status":"open","ping_status":"open","template":"page-kubreviyye.php","meta":{"_monsterinsights_skip_tracking":false,"_monsterinsights_sitenote_active":false,"_monsterinsights_sitenote_note":"","_monsterinsights_sitenote_category":0,"footnotes":""},"class_list":["post-1504","page","type-page","status-publish","hentry"],"_links":{"self":[{"href":"https:\/\/www.rifai.org\/sufism\/wp-json\/wp\/v2\/pages\/1504","targetHints":{"allow":["GET"]}}],"collection":[{"href":"https:\/\/www.rifai.org\/sufism\/wp-json\/wp\/v2\/pages"}],"about":[{"href":"https:\/\/www.rifai.org\/sufism\/wp-json\/wp\/v2\/types\/page"}],"author":[{"embeddable":true,"href":"https:\/\/www.rifai.org\/sufism\/wp-json\/wp\/v2\/users\/1"}],"replies":[{"embeddable":true,"href":"https:\/\/www.rifai.org\/sufism\/wp-json\/wp\/v2\/comments?post=1504"}],"version-history":[{"count":3,"href":"https:\/\/www.rifai.org\/sufism\/wp-json\/wp\/v2\/pages\/1504\/revisions"}],"predecessor-version":[{"id":1506,"href":"https:\/\/www.rifai.org\/sufism\/wp-json\/wp\/v2\/pages\/1504\/revisions\/1506"}],"up":[{"embeddable":true,"href":"https:\/\/www.rifai.org\/sufism\/wp-json\/wp\/v2\/pages\/1489"}],"wp:attachment":[{"href":"https:\/\/www.rifai.org\/sufism\/wp-json\/wp\/v2\/media?parent=1504"}],"curies":[{"name":"wp","href":"https:\/\/api.w.org\/{rel}","templated":true}]}}