{"id":1533,"date":"2013-06-02T11:18:34","date_gmt":"2013-06-02T09:18:34","guid":{"rendered":"http:\/\/www.rifai.org\/sufism\/?page_id=1533"},"modified":"2013-06-02T11:18:34","modified_gmt":"2013-06-02T09:18:34","slug":"yer-yuzunde-gezer-idim","status":"publish","type":"page","link":"https:\/\/www.rifai.org\/sufism\/turkce\/hazretler\/hazreti-yunus-emre\/yer-yuzunde-gezer-idim\/","title":{"rendered":"Yer y\u00fcz\u00fcnde gezer idim"},"content":{"rendered":"<p>Yer y\u00fcz\u00fcnde gezer idim<br \/>\nU\u011frad\u0131m milketler yatur<br \/>\nKimi ulu kimi ki\u00e7i<br \/>\nKey ku\u015fa\u011f\u0131 berkler yatur<\/p>\n<p>Kimi yi\u011fit kimi koca<br \/>\nKimi vezir kimi hoca<br \/>\nG\u00fcnd\u00fczleri olmu\u015f gece<br \/>\nBunculay\u0131n \u00e7oklar yatur<\/p>\n<p>Do\u011fru var\u0131rd\u0131 yollar\u0131<br \/>\nKalem tutard\u0131 elleri<br \/>\nB\u00fclb\u00fcle benzer dilleri<br \/>\nDan\u0131\u015fman yi\u011fitler yatur<\/p>\n<p>Ulu ki\u00e7i a\u011fla\u015fm\u0131\u015flar<br \/>\nServer yi\u011fitler d\u00fc\u015fm\u00fc\u015fler<br \/>\nBa\u015f ucunda yay s\u0131m\u0131\u015flar<br \/>\nK\u0131r\u0131luban oklar yatur<\/p>\n<p>Atlar izi tozulu<br \/>\n\u00d6nleri tab\u0131l-bazulu<br \/>\n\u0130le g\u00fcne h\u00fckm\u00fc yaz(\u0131)l\u0131<br \/>\n\u015eu muhte\u015fem be\u011fler yatur<\/p>\n<p>Gece g\u00fcnd\u00fcz o\u011flanc\u0131klar<br \/>\nS\u00f6yler iken b\u00fclb\u00fcl gibi<br \/>\nAyr\u0131lm\u0131\u015flar analar\u0131<br \/>\nSinlerini bekler yatur<\/p>\n<p>Elleridir k\u0131nal\u0131 hep<br \/>\nKarava\u015flan \u015feker-leb<br \/>\nKarg\u0131 gibi uzun boylu<br \/>\nG\u00fcl y\u00fczl\u00fc hatunlar yatur<\/p>\n<p>El ba\u011flam\u0131\u015ft\u0131r kamusu<br \/>\nHak \u00c7alab&#8217;dand\u0131r umusu<br \/>\nN\u00f6kerli k\u0131zd\u0131r kimisi<br \/>\nAl\u0131nmadan \u00e7oklar yatur<\/p>\n<p>Y\u00fbnus bilmez kendi h\u00e2lin<br \/>\n\u00c7alab&#8217;d\u0131r s\u00f6yletir dilin<br \/>\nBir nicesi yeni gelin<br \/>\nAk teleme y\u00fczler yatur<\/p>\n","protected":false},"excerpt":{"rendered":"<p>Yer y\u00fcz\u00fcnde gezer idim U\u011frad\u0131m milketler yatur Kimi ulu kimi ki\u00e7i Key ku\u015fa\u011f\u0131 berkler yatur Kimi yi\u011fit kimi koca Kimi [&hellip;]<\/p>\n","protected":false},"author":1,"featured_media":0,"parent":1306,"menu_order":8,"comment_status":"open","ping_status":"open","template":"page-yunusemre-poem.php","meta":{"_monsterinsights_skip_tracking":false,"_monsterinsights_sitenote_active":false,"_monsterinsights_sitenote_note":"","_monsterinsights_sitenote_category":0,"footnotes":""},"class_list":["post-1533","page","type-page","status-publish","hentry"],"_links":{"self":[{"href":"https:\/\/www.rifai.org\/sufism\/wp-json\/wp\/v2\/pages\/1533","targetHints":{"allow":["GET"]}}],"collection":[{"href":"https:\/\/www.rifai.org\/sufism\/wp-json\/wp\/v2\/pages"}],"about":[{"href":"https:\/\/www.rifai.org\/sufism\/wp-json\/wp\/v2\/types\/page"}],"author":[{"embeddable":true,"href":"https:\/\/www.rifai.org\/sufism\/wp-json\/wp\/v2\/users\/1"}],"replies":[{"embeddable":true,"href":"https:\/\/www.rifai.org\/sufism\/wp-json\/wp\/v2\/comments?post=1533"}],"version-history":[{"count":1,"href":"https:\/\/www.rifai.org\/sufism\/wp-json\/wp\/v2\/pages\/1533\/revisions"}],"predecessor-version":[{"id":1534,"href":"https:\/\/www.rifai.org\/sufism\/wp-json\/wp\/v2\/pages\/1533\/revisions\/1534"}],"up":[{"embeddable":true,"href":"https:\/\/www.rifai.org\/sufism\/wp-json\/wp\/v2\/pages\/1306"}],"wp:attachment":[{"href":"https:\/\/www.rifai.org\/sufism\/wp-json\/wp\/v2\/media?parent=1533"}],"curies":[{"name":"wp","href":"https:\/\/api.w.org\/{rel}","templated":true}]}}