{"id":1537,"date":"2013-06-02T11:25:43","date_gmt":"2013-06-02T09:25:43","guid":{"rendered":"http:\/\/www.rifai.org\/sufism\/?page_id=1537"},"modified":"2013-06-02T11:25:43","modified_gmt":"2013-06-02T09:25:43","slug":"erenler-bir-denizdur","status":"publish","type":"page","link":"https:\/\/www.rifai.org\/sufism\/turkce\/hazretler\/hazreti-yunus-emre\/erenler-bir-denizdur\/","title":{"rendered":"Erenler bir denizd\u00fcr"},"content":{"rendered":"<p>Erenler bir denizd\u00fcr<br \/>\n\u00c2\u015f\u0131k gerek dalas\u0131<br \/>\nBahri gerek denizden<br \/>\nGir\u00fcp gevher alas\u0131<\/p>\n<p>Gine biz bahri olduk<br \/>\nDenizden gevher alduk<br \/>\nSarraf gerek gevher\u00fcn<br \/>\nK\u0131ymetini bilesi<\/p>\n<p>Muhammed Hakk&#8217;\u0131 bildi<br \/>\nHakk&#8217;\u0131 kend\u00fcde g\u00f6rdi<br \/>\nC\u00fcmle yerde Hak h\u00e2z\u0131r<br \/>\nG\u00f6z gerekd\u00fcr g\u00f6resi<\/p>\n<p>\u00c2limler kitab d\u00fczer<br \/>\nKaray\u0131 aka yazar<br \/>\nG\u00f6n\u00fcllerde yaz\u0131lur<br \/>\nBu kitabun s\u00fbresi<\/p>\n","protected":false},"excerpt":{"rendered":"<p>Erenler bir denizd\u00fcr \u00c2\u015f\u0131k gerek dalas\u0131 Bahri gerek denizden Gir\u00fcp gevher alas\u0131 Gine biz bahri olduk Denizden gevher alduk Sarraf [&hellip;]<\/p>\n","protected":false},"author":1,"featured_media":0,"parent":1306,"menu_order":10,"comment_status":"open","ping_status":"open","template":"page-yunusemre-poem.php","meta":{"_monsterinsights_skip_tracking":false,"_monsterinsights_sitenote_active":false,"_monsterinsights_sitenote_note":"","_monsterinsights_sitenote_category":0,"footnotes":""},"class_list":["post-1537","page","type-page","status-publish","hentry"],"_links":{"self":[{"href":"https:\/\/www.rifai.org\/sufism\/wp-json\/wp\/v2\/pages\/1537","targetHints":{"allow":["GET"]}}],"collection":[{"href":"https:\/\/www.rifai.org\/sufism\/wp-json\/wp\/v2\/pages"}],"about":[{"href":"https:\/\/www.rifai.org\/sufism\/wp-json\/wp\/v2\/types\/page"}],"author":[{"embeddable":true,"href":"https:\/\/www.rifai.org\/sufism\/wp-json\/wp\/v2\/users\/1"}],"replies":[{"embeddable":true,"href":"https:\/\/www.rifai.org\/sufism\/wp-json\/wp\/v2\/comments?post=1537"}],"version-history":[{"count":2,"href":"https:\/\/www.rifai.org\/sufism\/wp-json\/wp\/v2\/pages\/1537\/revisions"}],"predecessor-version":[{"id":1539,"href":"https:\/\/www.rifai.org\/sufism\/wp-json\/wp\/v2\/pages\/1537\/revisions\/1539"}],"up":[{"embeddable":true,"href":"https:\/\/www.rifai.org\/sufism\/wp-json\/wp\/v2\/pages\/1306"}],"wp:attachment":[{"href":"https:\/\/www.rifai.org\/sufism\/wp-json\/wp\/v2\/media?parent=1537"}],"curies":[{"name":"wp","href":"https:\/\/api.w.org\/{rel}","templated":true}]}}