{"id":1542,"date":"2013-06-02T11:39:19","date_gmt":"2013-06-02T09:39:19","guid":{"rendered":"http:\/\/www.rifai.org\/sufism\/?page_id=1542"},"modified":"2013-06-02T11:39:19","modified_gmt":"2013-06-02T09:39:19","slug":"iy-dost-askun-denizine","status":"publish","type":"page","link":"https:\/\/www.rifai.org\/sufism\/turkce\/hazretler\/hazreti-yunus-emre\/iy-dost-askun-denizine\/","title":{"rendered":"\u0130y dost a\u015fkun denizine"},"content":{"rendered":"<p>\u0130y dost a\u015fkun denizine<br \/>\nGirem gark olam y\u00fcriyem<br \/>\n\u0130ki cihan meydan ola<br \/>\nDevranum s\u00fcrem y\u00fcriyem<\/p>\n<p>B\u00fclb\u00fcl oluban\u0131 \u00f6tem<br \/>\nG\u00f6n\u00fcl olam canlar utam<br \/>\nBa\u015fum\u0131 el\u00fcme al\u0131p<br \/>\nYol\u0131na varam y\u00fcriyem<\/p>\n<p>\u015e\u00fck\u00fcr g\u00f6rd\u00fcm didar\u0131n\u0131<br \/>\nA\u015fdum vis\u00e2l\u00fcn y\u00e2r\u0131n\u0131<br \/>\nBu benlik senlik \u015far\u0131n\u0131<br \/>\nTerkini uram y\u00fcriyem<\/p>\n<p>Yunus&#8217;dur a\u015fk \u00e2v\u00e2resi<br \/>\nBi\u00e7areler bi\u00e7aresi<br \/>\nSended\u00fcr derd\u00fcm \u00e7aresi<br \/>\nDermanum soram y\u00fcriyem<\/p>\n","protected":false},"excerpt":{"rendered":"<p>\u0130y dost a\u015fkun denizine Girem gark olam y\u00fcriyem \u0130ki cihan meydan ola Devranum s\u00fcrem y\u00fcriyem B\u00fclb\u00fcl oluban\u0131 \u00f6tem G\u00f6n\u00fcl olam [&hellip;]<\/p>\n","protected":false},"author":1,"featured_media":0,"parent":1306,"menu_order":12,"comment_status":"open","ping_status":"open","template":"page-yunusemre-poem.php","meta":{"_monsterinsights_skip_tracking":false,"_monsterinsights_sitenote_active":false,"_monsterinsights_sitenote_note":"","_monsterinsights_sitenote_category":0,"footnotes":""},"class_list":["post-1542","page","type-page","status-publish","hentry"],"_links":{"self":[{"href":"https:\/\/www.rifai.org\/sufism\/wp-json\/wp\/v2\/pages\/1542","targetHints":{"allow":["GET"]}}],"collection":[{"href":"https:\/\/www.rifai.org\/sufism\/wp-json\/wp\/v2\/pages"}],"about":[{"href":"https:\/\/www.rifai.org\/sufism\/wp-json\/wp\/v2\/types\/page"}],"author":[{"embeddable":true,"href":"https:\/\/www.rifai.org\/sufism\/wp-json\/wp\/v2\/users\/1"}],"replies":[{"embeddable":true,"href":"https:\/\/www.rifai.org\/sufism\/wp-json\/wp\/v2\/comments?post=1542"}],"version-history":[{"count":1,"href":"https:\/\/www.rifai.org\/sufism\/wp-json\/wp\/v2\/pages\/1542\/revisions"}],"predecessor-version":[{"id":1543,"href":"https:\/\/www.rifai.org\/sufism\/wp-json\/wp\/v2\/pages\/1542\/revisions\/1543"}],"up":[{"embeddable":true,"href":"https:\/\/www.rifai.org\/sufism\/wp-json\/wp\/v2\/pages\/1306"}],"wp:attachment":[{"href":"https:\/\/www.rifai.org\/sufism\/wp-json\/wp\/v2\/media?parent=1542"}],"curies":[{"name":"wp","href":"https:\/\/api.w.org\/{rel}","templated":true}]}}