{"id":1559,"date":"2013-06-02T12:00:06","date_gmt":"2013-06-02T10:00:06","guid":{"rendered":"http:\/\/www.rifai.org\/sufism\/?page_id=1559"},"modified":"2013-06-02T12:00:06","modified_gmt":"2013-06-02T10:00:06","slug":"bir-kez-gonul-yikdin-ise","status":"publish","type":"page","link":"https:\/\/www.rifai.org\/sufism\/turkce\/hazretler\/hazreti-yunus-emre\/bir-kez-gonul-yikdin-ise\/","title":{"rendered":"Bir kez g\u00f6n\u00fcl y\u0131kd\u0131n ise"},"content":{"rendered":"<p>Bir kez g\u00f6n\u00fcl y\u0131kd\u0131n ise<br \/>\nBu k\u0131ld\u0131\u011f\u0131n namaz de\u011fil<br \/>\nYetmi\u015f iki millet dahi<br \/>\nElin y\u00fcz\u00fcn yumaz de\u011fil<\/p>\n<p>Hani erenler geldi ge\u00e7di<br \/>\nBunlar yardu kald\u0131 g\u00f6\u00e7d\u00fc<br \/>\nPervaz urup Hakk&#8217;a u\u00e7du<br \/>\nH\u00fcm\u00e2 ku\u015fudur kaz de\u011fil<\/p>\n<p>Yol oldur ki do\u011fru vara<br \/>\nEr oldur al\u00e7akda dura<br \/>\nG\u00f6z oldur ki Hakk&#8217;\u0131 g\u00f6re<br \/>\nY\u00fcceden bakan g\u00f6z de\u011fil<\/p>\n<p>Do\u011fru yola gittin ise<br \/>\nEr ete\u011fin tuttun ise<br \/>\nBir hay\u0131r da ettin ise<br \/>\nBirine bindir az de\u011fil<\/p>\n<p>Yunus bu s\u00f6zleri \u00e7atar<br \/>\nSanki bal\u0131 ya\u011fa katar<br \/>\nHalka met\u00e2lar\u0131n satar<br \/>\nY\u00fck\u00fc cevherdir tuz de\u011fil<\/p>\n","protected":false},"excerpt":{"rendered":"<p>Bir kez g\u00f6n\u00fcl y\u0131kd\u0131n ise Bu k\u0131ld\u0131\u011f\u0131n namaz de\u011fil Yetmi\u015f iki millet dahi Elin y\u00fcz\u00fcn yumaz de\u011fil Hani erenler geldi [&hellip;]<\/p>\n","protected":false},"author":1,"featured_media":0,"parent":1306,"menu_order":19,"comment_status":"open","ping_status":"open","template":"page-yunusemre-poem.php","meta":{"_monsterinsights_skip_tracking":false,"_monsterinsights_sitenote_active":false,"_monsterinsights_sitenote_note":"","_monsterinsights_sitenote_category":0,"footnotes":""},"class_list":["post-1559","page","type-page","status-publish","hentry"],"_links":{"self":[{"href":"https:\/\/www.rifai.org\/sufism\/wp-json\/wp\/v2\/pages\/1559","targetHints":{"allow":["GET"]}}],"collection":[{"href":"https:\/\/www.rifai.org\/sufism\/wp-json\/wp\/v2\/pages"}],"about":[{"href":"https:\/\/www.rifai.org\/sufism\/wp-json\/wp\/v2\/types\/page"}],"author":[{"embeddable":true,"href":"https:\/\/www.rifai.org\/sufism\/wp-json\/wp\/v2\/users\/1"}],"replies":[{"embeddable":true,"href":"https:\/\/www.rifai.org\/sufism\/wp-json\/wp\/v2\/comments?post=1559"}],"version-history":[{"count":2,"href":"https:\/\/www.rifai.org\/sufism\/wp-json\/wp\/v2\/pages\/1559\/revisions"}],"predecessor-version":[{"id":1561,"href":"https:\/\/www.rifai.org\/sufism\/wp-json\/wp\/v2\/pages\/1559\/revisions\/1561"}],"up":[{"embeddable":true,"href":"https:\/\/www.rifai.org\/sufism\/wp-json\/wp\/v2\/pages\/1306"}],"wp:attachment":[{"href":"https:\/\/www.rifai.org\/sufism\/wp-json\/wp\/v2\/media?parent=1559"}],"curies":[{"name":"wp","href":"https:\/\/api.w.org\/{rel}","templated":true}]}}