{"id":1565,"date":"2013-06-02T13:18:58","date_gmt":"2013-06-02T11:18:58","guid":{"rendered":"http:\/\/www.rifai.org\/sufism\/?page_id=1565"},"modified":"2013-06-02T13:18:58","modified_gmt":"2013-06-02T11:18:58","slug":"ben-yururum-yana-yana","status":"publish","type":"page","link":"https:\/\/www.rifai.org\/sufism\/turkce\/hazretler\/hazreti-yunus-emre\/ben-yururum-yana-yana\/","title":{"rendered":"Ben y\u00fcr\u00fcr\u00fcm yana yana"},"content":{"rendered":"<p>Ben y\u00fcr\u00fcr\u00fcm yana yana<br \/>\nA\u015fk boyad\u0131 beni kana<br \/>\nNe \u00e2kilem ne divane<br \/>\nGel g\u00f6r beni a\u015fk neyledi<\/p>\n<p>Geh eserim yeller gibi<br \/>\nGeh tozar\u0131m yollar gibi<br \/>\nGeh akar\u0131m seller gibi<br \/>\nGel g\u00f6r beni a\u015fk neyledi<\/p>\n<p>Ya elim al kald\u0131r beni<br \/>\nYa vasl\u0131na erdir beni<br \/>\n\u00c7ok a\u011flatt\u0131n g\u00fcld\u00fcr beni<br \/>\nGel g\u00f6r beni a\u015fk neyledi<\/p>\n<p>Ben y\u00fcr\u00fcr\u00fcm ilden ile<br \/>\n\u015eeyh anar\u0131m dilden dile<br \/>\nGurbette h\u00e2lim kim bile<br \/>\nGel g\u00f6r beni a\u015fk neyledi<\/p>\n<p>Mecnun oluban y\u00fcr\u00fcr\u00fcm<br \/>\nOl y\u00e2ri d\u00fc\u015fte g\u00f6r\u00fcr\u00fcm<br \/>\nUyan\u0131p mel\u00fbl olurum<br \/>\nGel g\u00f6r beni a\u015fk neyledi<\/p>\n<p>Miskin Yunus bi\u00e7areyim<br \/>\nBa\u015ftan aya\u011fa y\u00e2reyim<br \/>\nDost ilinden \u00e2v\u00e2reyim<br \/>\nGel g\u00f6r beni a\u015fk neyledi<\/p>\n","protected":false},"excerpt":{"rendered":"<p>Ben y\u00fcr\u00fcr\u00fcm yana yana A\u015fk boyad\u0131 beni kana Ne \u00e2kilem ne divane Gel g\u00f6r beni a\u015fk neyledi Geh eserim yeller [&hellip;]<\/p>\n","protected":false},"author":1,"featured_media":0,"parent":1306,"menu_order":21,"comment_status":"open","ping_status":"open","template":"page-yunusemre-poem.php","meta":{"_monsterinsights_skip_tracking":false,"_monsterinsights_sitenote_active":false,"_monsterinsights_sitenote_note":"","_monsterinsights_sitenote_category":0,"footnotes":""},"class_list":["post-1565","page","type-page","status-publish","hentry"],"_links":{"self":[{"href":"https:\/\/www.rifai.org\/sufism\/wp-json\/wp\/v2\/pages\/1565","targetHints":{"allow":["GET"]}}],"collection":[{"href":"https:\/\/www.rifai.org\/sufism\/wp-json\/wp\/v2\/pages"}],"about":[{"href":"https:\/\/www.rifai.org\/sufism\/wp-json\/wp\/v2\/types\/page"}],"author":[{"embeddable":true,"href":"https:\/\/www.rifai.org\/sufism\/wp-json\/wp\/v2\/users\/1"}],"replies":[{"embeddable":true,"href":"https:\/\/www.rifai.org\/sufism\/wp-json\/wp\/v2\/comments?post=1565"}],"version-history":[{"count":2,"href":"https:\/\/www.rifai.org\/sufism\/wp-json\/wp\/v2\/pages\/1565\/revisions"}],"predecessor-version":[{"id":1567,"href":"https:\/\/www.rifai.org\/sufism\/wp-json\/wp\/v2\/pages\/1565\/revisions\/1567"}],"up":[{"embeddable":true,"href":"https:\/\/www.rifai.org\/sufism\/wp-json\/wp\/v2\/pages\/1306"}],"wp:attachment":[{"href":"https:\/\/www.rifai.org\/sufism\/wp-json\/wp\/v2\/media?parent=1565"}],"curies":[{"name":"wp","href":"https:\/\/api.w.org\/{rel}","templated":true}]}}