{"id":1568,"date":"2013-06-02T13:21:24","date_gmt":"2013-06-02T11:21:24","guid":{"rendered":"http:\/\/www.rifai.org\/sufism\/?page_id=1568"},"modified":"2013-06-02T13:21:24","modified_gmt":"2013-06-02T11:21:24","slug":"nice-bir-besleyesin","status":"publish","type":"page","link":"https:\/\/www.rifai.org\/sufism\/turkce\/hazretler\/hazreti-yunus-emre\/nice-bir-besleyesin\/","title":{"rendered":"Ni\u00e7e bir besleyesin"},"content":{"rendered":"<p>Ni\u00e7e bir besleyesin<br \/>\nBu kaddile kameti<br \/>\nD\u00fc\u015ft\u00fcn d\u00fcnya zevkine<br \/>\nUnuttun k\u0131yameti<\/p>\n<p>D\u00fcri\u015f kazan ye yedir<br \/>\nBir g\u00f6n\u00fcl ele getir<br \/>\nY\u00fcz K\u00e2be&#8217;den ye\u011frektir<br \/>\nBir g\u00f6n\u00fcl ziyareti<\/p>\n<p>Uslu de\u011fil delidir<br \/>\nHalka s\u00e2l\u00fbsluk satan<br \/>\nNefsin m\u00fcsl\u00fcman etsin<br \/>\nVar ise kerameti<\/p>\n","protected":false},"excerpt":{"rendered":"<p>Ni\u00e7e bir besleyesin Bu kaddile kameti D\u00fc\u015ft\u00fcn d\u00fcnya zevkine Unuttun k\u0131yameti D\u00fcri\u015f kazan ye yedir Bir g\u00f6n\u00fcl ele getir Y\u00fcz [&hellip;]<\/p>\n","protected":false},"author":1,"featured_media":0,"parent":1306,"menu_order":22,"comment_status":"open","ping_status":"open","template":"page-yunusemre-poem.php","meta":{"_monsterinsights_skip_tracking":false,"_monsterinsights_sitenote_active":false,"_monsterinsights_sitenote_note":"","_monsterinsights_sitenote_category":0,"footnotes":""},"class_list":["post-1568","page","type-page","status-publish","hentry"],"_links":{"self":[{"href":"https:\/\/www.rifai.org\/sufism\/wp-json\/wp\/v2\/pages\/1568","targetHints":{"allow":["GET"]}}],"collection":[{"href":"https:\/\/www.rifai.org\/sufism\/wp-json\/wp\/v2\/pages"}],"about":[{"href":"https:\/\/www.rifai.org\/sufism\/wp-json\/wp\/v2\/types\/page"}],"author":[{"embeddable":true,"href":"https:\/\/www.rifai.org\/sufism\/wp-json\/wp\/v2\/users\/1"}],"replies":[{"embeddable":true,"href":"https:\/\/www.rifai.org\/sufism\/wp-json\/wp\/v2\/comments?post=1568"}],"version-history":[{"count":1,"href":"https:\/\/www.rifai.org\/sufism\/wp-json\/wp\/v2\/pages\/1568\/revisions"}],"predecessor-version":[{"id":1569,"href":"https:\/\/www.rifai.org\/sufism\/wp-json\/wp\/v2\/pages\/1568\/revisions\/1569"}],"up":[{"embeddable":true,"href":"https:\/\/www.rifai.org\/sufism\/wp-json\/wp\/v2\/pages\/1306"}],"wp:attachment":[{"href":"https:\/\/www.rifai.org\/sufism\/wp-json\/wp\/v2\/media?parent=1568"}],"curies":[{"name":"wp","href":"https:\/\/api.w.org\/{rel}","templated":true}]}}