{"id":1570,"date":"2013-06-02T13:22:37","date_gmt":"2013-06-02T11:22:37","guid":{"rendered":"http:\/\/www.rifai.org\/sufism\/?page_id=1570"},"modified":"2013-06-02T13:22:37","modified_gmt":"2013-06-02T11:22:37","slug":"isidin-ey-yarenler-2","status":"publish","type":"page","link":"https:\/\/www.rifai.org\/sufism\/turkce\/hazretler\/hazreti-yunus-emre\/isidin-ey-yarenler-2\/","title":{"rendered":"\u0130\u015fidin ey y\u00e2renler"},"content":{"rendered":"<p>\u0130\u015fidin ey y\u00e2renler<br \/>\nK\u0131ymetli nesnedir a\u015fk<br \/>\nDe\u011fmelere bitinmez<br \/>\nH\u00fcrmetli nesnedir a\u015fk<\/p>\n<p>Da\u011fa d\u00fc\u015fer k\u00fcl eyler<br \/>\nG\u00f6n\u00fcllere yol eyler<br \/>\nSultanlar\u0131 kul eyler<br \/>\nHikmetli nesnedir a\u015fk<\/p>\n<p>Kime kim vurdu ok<br \/>\nGussa ile kaygu yok<br \/>\nFeryad ile \u00e2h\u0131 \u00e7ok<br \/>\nFirkatli nesnedir a\u015fk<\/p>\n<p>Denizleri kaynat\u0131r<br \/>\nMevce gelir oynat\u0131r<br \/>\nKayalar\u0131 s\u00f6yletir<br \/>\nKuvvetli nesnedir a\u015fk<\/p>\n<p>Miskin Yunus neylesin<br \/>\nDerdin kime s\u00f6ylesin<br \/>\nVars\u0131n dostu toylas\u0131n<br \/>\nLezzetli nesnedir a\u015fk<\/p>\n","protected":false},"excerpt":{"rendered":"<p>\u0130\u015fidin ey y\u00e2renler K\u0131ymetli nesnedir a\u015fk De\u011fmelere bitinmez H\u00fcrmetli nesnedir a\u015fk Da\u011fa d\u00fc\u015fer k\u00fcl eyler G\u00f6n\u00fcllere yol eyler Sultanlar\u0131 kul [&hellip;]<\/p>\n","protected":false},"author":1,"featured_media":0,"parent":1306,"menu_order":23,"comment_status":"open","ping_status":"open","template":"page-yunusemre-poem.php","meta":{"_monsterinsights_skip_tracking":false,"_monsterinsights_sitenote_active":false,"_monsterinsights_sitenote_note":"","_monsterinsights_sitenote_category":0,"footnotes":""},"class_list":["post-1570","page","type-page","status-publish","hentry"],"_links":{"self":[{"href":"https:\/\/www.rifai.org\/sufism\/wp-json\/wp\/v2\/pages\/1570","targetHints":{"allow":["GET"]}}],"collection":[{"href":"https:\/\/www.rifai.org\/sufism\/wp-json\/wp\/v2\/pages"}],"about":[{"href":"https:\/\/www.rifai.org\/sufism\/wp-json\/wp\/v2\/types\/page"}],"author":[{"embeddable":true,"href":"https:\/\/www.rifai.org\/sufism\/wp-json\/wp\/v2\/users\/1"}],"replies":[{"embeddable":true,"href":"https:\/\/www.rifai.org\/sufism\/wp-json\/wp\/v2\/comments?post=1570"}],"version-history":[{"count":1,"href":"https:\/\/www.rifai.org\/sufism\/wp-json\/wp\/v2\/pages\/1570\/revisions"}],"predecessor-version":[{"id":1571,"href":"https:\/\/www.rifai.org\/sufism\/wp-json\/wp\/v2\/pages\/1570\/revisions\/1571"}],"up":[{"embeddable":true,"href":"https:\/\/www.rifai.org\/sufism\/wp-json\/wp\/v2\/pages\/1306"}],"wp:attachment":[{"href":"https:\/\/www.rifai.org\/sufism\/wp-json\/wp\/v2\/media?parent=1570"}],"curies":[{"name":"wp","href":"https:\/\/api.w.org\/{rel}","templated":true}]}}