{"id":1572,"date":"2013-06-02T13:23:53","date_gmt":"2013-06-02T11:23:53","guid":{"rendered":"http:\/\/www.rifai.org\/sufism\/?page_id=1572"},"modified":"2013-06-02T13:23:53","modified_gmt":"2013-06-02T11:23:53","slug":"omrum-beni-sen-aldadin","status":"publish","type":"page","link":"https:\/\/www.rifai.org\/sufism\/turkce\/hazretler\/hazreti-yunus-emre\/omrum-beni-sen-aldadin\/","title":{"rendered":"\u00d6mr\u00fcm beni sen aldad\u0131n"},"content":{"rendered":"<p>\u00d6mr\u00fcm beni sen aldad\u0131n<br \/>\nAh n&#8217;ideyim \u00f6mr\u00fcm seni<br \/>\nBeni deprenimez kodun<br \/>\nAh n&#8217;ideyim \u00f6mr\u00fcm seni<\/p>\n<p>Benim derdim hey sen idin<br \/>\nCan\u0131m i\u00e7inde can idin<br \/>\nHem sen bana sultan idin<br \/>\nAh n&#8217;ideyim \u00f6mr\u00fcm seni<\/p>\n<p>G\u00f6nl\u00fcm sana e\u011fler idim<br \/>\nG\u00fcl dey\u00fcben yiyler idim<br \/>\nGaripseyip a\u011flar idim<br \/>\nAh n&#8217;ideyim \u00f6mr\u00fcm seni<\/p>\n<p>Gider imi\u015f bunda gelen<br \/>\nD\u00fcnya i\u015fi c\u00fcmle yalan<br \/>\nA\u011flar \u00f6mr\u00fcm yav\u0131 k\u0131lan<br \/>\nAh n&#8217;ideyim \u00f6mr\u00fcm seni<\/p>\n<p>Hayr\u0131m \u015ferrim yaz\u0131l\u0131sar<br \/>\n\u00d6mr\u00fcm ipi \u00fcz\u00fcliser<br \/>\nGidip suret bozul\u0131sar<br \/>\nAh n&#8217;ideyim \u00f6mr\u00fcm seni<\/p>\n<p>Bari koyuban ka\u00e7masan<br \/>\nG\u00f6\u00e7g\u00fcnc\u00fc gibi ge\u00e7mesen<br \/>\n\u00d6l\u00fcm \u015farab\u0131n i\u00e7mesen<br \/>\nAh n&#8217;ideyim \u00f6mr\u00fcm seni<\/p>\n<p>Bir g\u00fcn ola sensiz kalam<br \/>\nKurda ku\u015fa \u00f6y\u00fcn olam<br \/>\n\u00c7\u00fcr\u00fcy\u00fcben toprak olam<br \/>\nAh n&#8217;ideyim \u00f6mr\u00fcm seni<\/p>\n<p>Miskin Yunus bilmez misin<br \/>\nYoksa nazar k\u0131lmaz m\u0131s\u0131n<br \/>\n\u00d6lenleri anmaz m\u0131s\u0131n<br \/>\nAh n&#8217;ideyim \u00f6mr\u00fcm seni<\/p>\n","protected":false},"excerpt":{"rendered":"<p>\u00d6mr\u00fcm beni sen aldad\u0131n Ah n&#8217;ideyim \u00f6mr\u00fcm seni Beni deprenimez kodun Ah n&#8217;ideyim \u00f6mr\u00fcm seni Benim derdim hey sen idin [&hellip;]<\/p>\n","protected":false},"author":1,"featured_media":0,"parent":1306,"menu_order":24,"comment_status":"open","ping_status":"open","template":"page-yunusemre-poem.php","meta":{"_monsterinsights_skip_tracking":false,"_monsterinsights_sitenote_active":false,"_monsterinsights_sitenote_note":"","_monsterinsights_sitenote_category":0,"footnotes":""},"class_list":["post-1572","page","type-page","status-publish","hentry"],"_links":{"self":[{"href":"https:\/\/www.rifai.org\/sufism\/wp-json\/wp\/v2\/pages\/1572","targetHints":{"allow":["GET"]}}],"collection":[{"href":"https:\/\/www.rifai.org\/sufism\/wp-json\/wp\/v2\/pages"}],"about":[{"href":"https:\/\/www.rifai.org\/sufism\/wp-json\/wp\/v2\/types\/page"}],"author":[{"embeddable":true,"href":"https:\/\/www.rifai.org\/sufism\/wp-json\/wp\/v2\/users\/1"}],"replies":[{"embeddable":true,"href":"https:\/\/www.rifai.org\/sufism\/wp-json\/wp\/v2\/comments?post=1572"}],"version-history":[{"count":1,"href":"https:\/\/www.rifai.org\/sufism\/wp-json\/wp\/v2\/pages\/1572\/revisions"}],"predecessor-version":[{"id":1573,"href":"https:\/\/www.rifai.org\/sufism\/wp-json\/wp\/v2\/pages\/1572\/revisions\/1573"}],"up":[{"embeddable":true,"href":"https:\/\/www.rifai.org\/sufism\/wp-json\/wp\/v2\/pages\/1306"}],"wp:attachment":[{"href":"https:\/\/www.rifai.org\/sufism\/wp-json\/wp\/v2\/media?parent=1572"}],"curies":[{"name":"wp","href":"https:\/\/api.w.org\/{rel}","templated":true}]}}