{"id":1582,"date":"2013-06-02T13:30:24","date_gmt":"2013-06-02T11:30:24","guid":{"rendered":"http:\/\/www.rifai.org\/sufism\/?page_id=1582"},"modified":"2013-06-02T13:30:24","modified_gmt":"2013-06-02T11:30:24","slug":"ben-bunda-seyr-eder-iken","status":"publish","type":"page","link":"https:\/\/www.rifai.org\/sufism\/turkce\/hazretler\/hazreti-yunus-emre\/ben-bunda-seyr-eder-iken\/","title":{"rendered":"Ben bunda seyr eder iken"},"content":{"rendered":"<p>Ben bunda seyr eder iken<br \/>\nAceb s\u0131rra erdim ah\u00ee<br \/>\nBir siz dah\u0131 sizde g\u00f6r\u00fcn<br \/>\nDostu bende g\u00f6rd\u00fcm ah\u00ee<\/p>\n<p>Bende bakt\u0131m bende g\u00f6rd\u00fcm<br \/>\nBenim ile ben olan\u0131<br \/>\nSuretime can vereni<br \/>\nKimdi\u011fini bildim ah\u00ee<\/p>\n<p>\u0130stey\u00fcben bul\u0131mazam<br \/>\nOl ben isem ya ben hani<br \/>\nSe\u00e7emedim ondan beni<br \/>\nBir kezden ol oldum ah\u00ee<\/p>\n<p>De\u011fme bir yol kandan bana<br \/>\nDa\u011f\u0131lmayam de\u011fme yana<br \/>\nKutlu oldu seferim<br \/>\nHo\u015f menzile erdim ah\u00ee<\/p>\n<p>M\u00fcnkir ki\u015fi duymaz bunu<br \/>\nDertlilerin sezer can\u0131<br \/>\nBen a\u015fk ba\u011f\u0131 b\u00fclb\u00fcl\u00fcyem<br \/>\nOl bah\u00e7eden geldim ah\u00ee<\/p>\n<p>Mansur idim ben ezelde<br \/>\nOnun i\u00e7in geldim bunda<br \/>\nYak k\u00fcl\u00fcm\u00fc savur g\u00f6\u011fe<br \/>\nBen &#8220;Ene&#8217;l-Hak&#8221; oldum ah\u00ee<\/p>\n<p>Mun&#8217;im oldum yoksul iken<br \/>\nBen\u00fcm oldu kevn \u00fc mekan<br \/>\nYirden g\u00f6\u011fe ma\u011fr\u0131p ma\u015fr\u0131k<br \/>\nYire g\u00f6\u011fe doldum ah\u00ee<\/p>\n<p>Nitekim ben beni buldum<br \/>\nBu oldu kim Hakk\u0131 buldum<br \/>\nKorkum an\u0131 buluncad\u0131<br \/>\nKorkudan kurtuldum ah\u00ee<\/p>\n","protected":false},"excerpt":{"rendered":"<p>Ben bunda seyr eder iken Aceb s\u0131rra erdim ah\u00ee Bir siz dah\u0131 sizde g\u00f6r\u00fcn Dostu bende g\u00f6rd\u00fcm ah\u00ee Bende bakt\u0131m [&hellip;]<\/p>\n","protected":false},"author":1,"featured_media":0,"parent":1306,"menu_order":29,"comment_status":"open","ping_status":"open","template":"page-yunusemre-poem.php","meta":{"_monsterinsights_skip_tracking":false,"_monsterinsights_sitenote_active":false,"_monsterinsights_sitenote_note":"","_monsterinsights_sitenote_category":0,"footnotes":""},"class_list":["post-1582","page","type-page","status-publish","hentry"],"_links":{"self":[{"href":"https:\/\/www.rifai.org\/sufism\/wp-json\/wp\/v2\/pages\/1582","targetHints":{"allow":["GET"]}}],"collection":[{"href":"https:\/\/www.rifai.org\/sufism\/wp-json\/wp\/v2\/pages"}],"about":[{"href":"https:\/\/www.rifai.org\/sufism\/wp-json\/wp\/v2\/types\/page"}],"author":[{"embeddable":true,"href":"https:\/\/www.rifai.org\/sufism\/wp-json\/wp\/v2\/users\/1"}],"replies":[{"embeddable":true,"href":"https:\/\/www.rifai.org\/sufism\/wp-json\/wp\/v2\/comments?post=1582"}],"version-history":[{"count":1,"href":"https:\/\/www.rifai.org\/sufism\/wp-json\/wp\/v2\/pages\/1582\/revisions"}],"predecessor-version":[{"id":1583,"href":"https:\/\/www.rifai.org\/sufism\/wp-json\/wp\/v2\/pages\/1582\/revisions\/1583"}],"up":[{"embeddable":true,"href":"https:\/\/www.rifai.org\/sufism\/wp-json\/wp\/v2\/pages\/1306"}],"wp:attachment":[{"href":"https:\/\/www.rifai.org\/sufism\/wp-json\/wp\/v2\/media?parent=1582"}],"curies":[{"name":"wp","href":"https:\/\/api.w.org\/{rel}","templated":true}]}}