{"id":1584,"date":"2013-06-02T13:31:23","date_gmt":"2013-06-02T11:31:23","guid":{"rendered":"http:\/\/www.rifai.org\/sufism\/?page_id=1584"},"modified":"2013-06-02T13:31:23","modified_gmt":"2013-06-02T11:31:23","slug":"eskere-kildum-bugun-pinhanumi","status":"publish","type":"page","link":"https:\/\/www.rifai.org\/sufism\/turkce\/hazretler\/hazreti-yunus-emre\/eskere-kildum-bugun-pinhanumi\/","title":{"rendered":"E\u015fkere k\u0131ldum bug\u00fcn pinh\u00e2num\u0131"},"content":{"rendered":"<p>E\u015fkere k\u0131ldum bug\u00fcn pinh\u00e2num\u0131<br \/>\nCan vir\u00fcben buldum ol c\u00e2n\u00e2num\u0131<\/p>\n<p>Can g\u00f6n\u00fcl hayran kalupdur m\u00e2\u015fuka<br \/>\nM\u00e2\u015fuk\u0131la s\u00fcrerem devranum\u0131<\/p>\n<p>K\u00e2n\u0131 buldum n&#8217;iderem ben ayru\u011f\u0131<br \/>\nYa\u011fmaya vird\u00fcm bug\u00fcn d\u00fckk\u00e2num\u0131<\/p>\n<p>Yir ben\u00fcmd\u00fcr g\u00f6k ben\u00fcmd\u00fcr ar\u015f ben\u00fcm<br \/>\nG\u00f6r nicesi germi\u015fem sayv\u00e2num\u0131<\/p>\n<p>Yunus old\u0131ysa adum pes ne aceb<br \/>\nOkuyalar defter \u00fc divanum\u0131<\/p>\n","protected":false},"excerpt":{"rendered":"<p>E\u015fkere k\u0131ldum bug\u00fcn pinh\u00e2num\u0131 Can vir\u00fcben buldum ol c\u00e2n\u00e2num\u0131 Can g\u00f6n\u00fcl hayran kalupdur m\u00e2\u015fuka M\u00e2\u015fuk\u0131la s\u00fcrerem devranum\u0131 K\u00e2n\u0131 buldum n&#8217;iderem [&hellip;]<\/p>\n","protected":false},"author":1,"featured_media":0,"parent":1306,"menu_order":30,"comment_status":"open","ping_status":"open","template":"page-yunusemre-poem.php","meta":{"_monsterinsights_skip_tracking":false,"_monsterinsights_sitenote_active":false,"_monsterinsights_sitenote_note":"","_monsterinsights_sitenote_category":0,"footnotes":""},"class_list":["post-1584","page","type-page","status-publish","hentry"],"_links":{"self":[{"href":"https:\/\/www.rifai.org\/sufism\/wp-json\/wp\/v2\/pages\/1584","targetHints":{"allow":["GET"]}}],"collection":[{"href":"https:\/\/www.rifai.org\/sufism\/wp-json\/wp\/v2\/pages"}],"about":[{"href":"https:\/\/www.rifai.org\/sufism\/wp-json\/wp\/v2\/types\/page"}],"author":[{"embeddable":true,"href":"https:\/\/www.rifai.org\/sufism\/wp-json\/wp\/v2\/users\/1"}],"replies":[{"embeddable":true,"href":"https:\/\/www.rifai.org\/sufism\/wp-json\/wp\/v2\/comments?post=1584"}],"version-history":[{"count":1,"href":"https:\/\/www.rifai.org\/sufism\/wp-json\/wp\/v2\/pages\/1584\/revisions"}],"predecessor-version":[{"id":1585,"href":"https:\/\/www.rifai.org\/sufism\/wp-json\/wp\/v2\/pages\/1584\/revisions\/1585"}],"up":[{"embeddable":true,"href":"https:\/\/www.rifai.org\/sufism\/wp-json\/wp\/v2\/pages\/1306"}],"wp:attachment":[{"href":"https:\/\/www.rifai.org\/sufism\/wp-json\/wp\/v2\/media?parent=1584"}],"curies":[{"name":"wp","href":"https:\/\/api.w.org\/{rel}","templated":true}]}}