{"id":1590,"date":"2013-06-02T13:36:24","date_gmt":"2013-06-02T11:36:24","guid":{"rendered":"http:\/\/www.rifai.org\/sufism\/?page_id=1590"},"modified":"2013-06-02T13:36:24","modified_gmt":"2013-06-02T11:36:24","slug":"gozum-seni-gormek-icin","status":"publish","type":"page","link":"https:\/\/www.rifai.org\/sufism\/turkce\/hazretler\/hazreti-yunus-emre\/gozum-seni-gormek-icin\/","title":{"rendered":"G\u00f6z\u00fcm seni g\u00f6rmek i\u00e7in"},"content":{"rendered":"<p>G\u00f6z\u00fcm seni g\u00f6rmek i\u00e7in<br \/>\nElim sana ermek i\u00e7in<br \/>\nBug\u00fcn can\u0131m yolda kodum<br \/>\nYar\u0131n seni bulmak i\u00e7in<\/p>\n<p>Bug\u00fcn can\u0131m yolda koyam<br \/>\nYar\u0131n iv\u00e2z\u0131n veresin<br \/>\nArz eyleme u\u00e7ma\u011f\u0131n\u0131<br \/>\nHi\u00e7 arzum yok u\u00e7ma\u011f i\u00e7in<\/p>\n<p>Bana u\u00e7mak ne gerekmez<br \/>\nHergiz g\u00f6nl\u00fcm ona bakmaz<br \/>\n\u0130\u015fbu benim z\u00e2r\u0131l\u0131\u011f\u0131m<br \/>\nDe\u011f\u00fcld\u00fcr\u00fcr bir ba\u011f i\u00e7in<\/p>\n<p>U\u00e7ma\u011f u\u00e7ma\u011f\u0131m dedi\u011fin<br \/>\nM\u00fcminleri yeltedi\u011fin<br \/>\nVard\u0131r ola birka\u00e7 h\u00fbri<br \/>\nHevesim yok u\u00e7ma\u011f i\u00e7in<\/p>\n<p>S\u00fbfilere ver sen onu<br \/>\nBana seni gerek seni<br \/>\nH\u00e2\u015f\u00e2 ben terk edem seni<br \/>\n\u015eol bir ala \u00e7arda\u011f i\u00e7in<\/p>\n","protected":false},"excerpt":{"rendered":"<p>G\u00f6z\u00fcm seni g\u00f6rmek i\u00e7in Elim sana ermek i\u00e7in Bug\u00fcn can\u0131m yolda kodum Yar\u0131n seni bulmak i\u00e7in Bug\u00fcn can\u0131m yolda koyam [&hellip;]<\/p>\n","protected":false},"author":1,"featured_media":0,"parent":1306,"menu_order":33,"comment_status":"open","ping_status":"open","template":"page-yunusemre-poem.php","meta":{"_monsterinsights_skip_tracking":false,"_monsterinsights_sitenote_active":false,"_monsterinsights_sitenote_note":"","_monsterinsights_sitenote_category":0,"footnotes":""},"class_list":["post-1590","page","type-page","status-publish","hentry"],"_links":{"self":[{"href":"https:\/\/www.rifai.org\/sufism\/wp-json\/wp\/v2\/pages\/1590","targetHints":{"allow":["GET"]}}],"collection":[{"href":"https:\/\/www.rifai.org\/sufism\/wp-json\/wp\/v2\/pages"}],"about":[{"href":"https:\/\/www.rifai.org\/sufism\/wp-json\/wp\/v2\/types\/page"}],"author":[{"embeddable":true,"href":"https:\/\/www.rifai.org\/sufism\/wp-json\/wp\/v2\/users\/1"}],"replies":[{"embeddable":true,"href":"https:\/\/www.rifai.org\/sufism\/wp-json\/wp\/v2\/comments?post=1590"}],"version-history":[{"count":1,"href":"https:\/\/www.rifai.org\/sufism\/wp-json\/wp\/v2\/pages\/1590\/revisions"}],"predecessor-version":[{"id":1591,"href":"https:\/\/www.rifai.org\/sufism\/wp-json\/wp\/v2\/pages\/1590\/revisions\/1591"}],"up":[{"embeddable":true,"href":"https:\/\/www.rifai.org\/sufism\/wp-json\/wp\/v2\/pages\/1306"}],"wp:attachment":[{"href":"https:\/\/www.rifai.org\/sufism\/wp-json\/wp\/v2\/media?parent=1590"}],"curies":[{"name":"wp","href":"https:\/\/api.w.org\/{rel}","templated":true}]}}