{"id":1594,"date":"2013-06-02T13:38:25","date_gmt":"2013-06-02T11:38:25","guid":{"rendered":"http:\/\/www.rifai.org\/sufism\/?page_id=1594"},"modified":"2013-06-02T13:38:25","modified_gmt":"2013-06-02T11:38:25","slug":"dusdi-onume-hubbul-vatan","status":"publish","type":"page","link":"https:\/\/www.rifai.org\/sufism\/turkce\/hazretler\/hazreti-yunus-emre\/dusdi-onume-hubbul-vatan\/","title":{"rendered":"D\u00fc\u015fdi \u00f6n\u00fcme hubb\u00fc&#8217;l vatan"},"content":{"rendered":"<p>D\u00fc\u015fdi \u00f6n\u00fcme hubb\u00fc&#8217;l vatan<br \/>\nGidem hey dost diy\u00fc diy\u00fc<br \/>\nAnda varan kalur heman<br \/>\nKalam hey dost diy\u00fc diy\u00fc<\/p>\n<p>Halvetlerde me\u015fgul olam<br \/>\nD\u00e2im a\u00e7\u0131lam g\u00fcl olam<br \/>\nDost ba\u011f\u0131nda b\u00fclb\u00fcl olam<br \/>\n\u00d6tem hey dost diy\u00fc diy\u00fc<\/p>\n<p>\u015eol bir be\u015f on ar\u015fun bizi<br \/>\nKefen ideler e\u011fn\u00fcme<br \/>\nD\u00f6kem \u015fol d\u00fcnya tonlar\u0131n<br \/>\nGeyem hey dost diy\u00fc diy\u00fc<\/p>\n<p>Mecnun oluban y\u00fcriyem<br \/>\nY\u00fcce da\u011flar\u0131 b\u00fcriyem<br \/>\nMum oluban\u0131 eriyem<br \/>\nYanam hey dost diy\u00fc diy\u00fc<\/p>\n<p>G\u00fcnler ge\u00e7e y\u0131l \u00e7evrile<br \/>\n\u00dcst\u00fcme sinlem obr\u0131la<br \/>\nTen \u00e7\u00fcriye toprak ola<br \/>\nTozam hey dost diy\u00fc diy\u00fc<\/p>\n<p>Yunus Emre var yol\u0131na<br \/>\nM\u00fcnkirler girmez yol\u0131na<br \/>\nBahri olup dost g\u00f6line<br \/>\nDalam hey dost diy\u00fc diy\u00fc<\/p>\n","protected":false},"excerpt":{"rendered":"<p>D\u00fc\u015fdi \u00f6n\u00fcme hubb\u00fc&#8217;l vatan Gidem hey dost diy\u00fc diy\u00fc Anda varan kalur heman Kalam hey dost diy\u00fc diy\u00fc Halvetlerde me\u015fgul [&hellip;]<\/p>\n","protected":false},"author":1,"featured_media":0,"parent":1306,"menu_order":35,"comment_status":"open","ping_status":"open","template":"page-yunusemre-poem.php","meta":{"_monsterinsights_skip_tracking":false,"_monsterinsights_sitenote_active":false,"_monsterinsights_sitenote_note":"","_monsterinsights_sitenote_category":0,"footnotes":""},"class_list":["post-1594","page","type-page","status-publish","hentry"],"_links":{"self":[{"href":"https:\/\/www.rifai.org\/sufism\/wp-json\/wp\/v2\/pages\/1594","targetHints":{"allow":["GET"]}}],"collection":[{"href":"https:\/\/www.rifai.org\/sufism\/wp-json\/wp\/v2\/pages"}],"about":[{"href":"https:\/\/www.rifai.org\/sufism\/wp-json\/wp\/v2\/types\/page"}],"author":[{"embeddable":true,"href":"https:\/\/www.rifai.org\/sufism\/wp-json\/wp\/v2\/users\/1"}],"replies":[{"embeddable":true,"href":"https:\/\/www.rifai.org\/sufism\/wp-json\/wp\/v2\/comments?post=1594"}],"version-history":[{"count":1,"href":"https:\/\/www.rifai.org\/sufism\/wp-json\/wp\/v2\/pages\/1594\/revisions"}],"predecessor-version":[{"id":1595,"href":"https:\/\/www.rifai.org\/sufism\/wp-json\/wp\/v2\/pages\/1594\/revisions\/1595"}],"up":[{"embeddable":true,"href":"https:\/\/www.rifai.org\/sufism\/wp-json\/wp\/v2\/pages\/1306"}],"wp:attachment":[{"href":"https:\/\/www.rifai.org\/sufism\/wp-json\/wp\/v2\/media?parent=1594"}],"curies":[{"name":"wp","href":"https:\/\/api.w.org\/{rel}","templated":true}]}}