{"id":1608,"date":"2013-06-02T13:48:03","date_gmt":"2013-06-02T11:48:03","guid":{"rendered":"http:\/\/www.rifai.org\/sufism\/?page_id=1608"},"modified":"2013-06-02T13:48:03","modified_gmt":"2013-06-02T11:48:03","slug":"mani-evine-dalduk","status":"publish","type":"page","link":"https:\/\/www.rifai.org\/sufism\/turkce\/hazretler\/hazreti-yunus-emre\/mani-evine-dalduk\/","title":{"rendered":"M\u00e2&#8217;n\u00ee evine dalduk"},"content":{"rendered":"<p>M\u00e2&#8217;n\u00ee evine dalduk<br \/>\nV\u00fccud seyrini k\u0131lduk<br \/>\n\u0130ki cihan seyrini<br \/>\nC\u00fcmle v\u00fccudda bulduk<\/p>\n<p>Bu \u00e7izginen g\u00f6kleri<br \/>\nTaht-es-ser\u00e2 yirleri<br \/>\nYetmi\u015f bin hicablar\u0131<br \/>\nC\u00fcmle v\u00fccudda bulduk<\/p>\n<p>Yedi yir yedi g\u00f6\u011fi<br \/>\nDa\u011flar\u0131 denizleri<br \/>\nU\u00e7ma\u011f\u0131la tamuy\u0131<br \/>\nC\u00fcmle v\u00fccudda bulduk<\/p>\n<p>Gice ile g\u00fcnd\u00fczi<br \/>\nG\u00f6kte yidi y\u0131lduz\u0131<br \/>\nLevhde yaz\u0131l\u0131 s\u00f6zi<br \/>\nC\u00fcmle v\u00fccudda bulduk<\/p>\n<p>Musi a\u011fdu\u011f\u0131 T\u00fbr&#8217;\u0131<br \/>\nYohsa Beyt\u00fc&#8217;l-ma&#8217;m\u00fbr\u0131<br \/>\n\u0130sr\u00e2fil \u00e7alan s\u00fbr\u0131<br \/>\nC\u00fcmle v\u00fccudda bulduk<\/p>\n<p>Tevrat ile \u0130ncil&#8217;i<br \/>\nFurkan ile Zebur&#8217;\u0131<br \/>\nBunlarda\u011f\u0131 beyan\u0131<br \/>\nC\u00fcmle v\u00fccudda bulduk<\/p>\n","protected":false},"excerpt":{"rendered":"<p>M\u00e2&#8217;n\u00ee evine dalduk V\u00fccud seyrini k\u0131lduk \u0130ki cihan seyrini C\u00fcmle v\u00fccudda bulduk Bu \u00e7izginen g\u00f6kleri Taht-es-ser\u00e2 yirleri Yetmi\u015f bin hicablar\u0131 [&hellip;]<\/p>\n","protected":false},"author":1,"featured_media":0,"parent":1306,"menu_order":43,"comment_status":"open","ping_status":"open","template":"page-yunusemre-poem.php","meta":{"_monsterinsights_skip_tracking":false,"_monsterinsights_sitenote_active":false,"_monsterinsights_sitenote_note":"","_monsterinsights_sitenote_category":0,"footnotes":""},"class_list":["post-1608","page","type-page","status-publish","hentry"],"_links":{"self":[{"href":"https:\/\/www.rifai.org\/sufism\/wp-json\/wp\/v2\/pages\/1608","targetHints":{"allow":["GET"]}}],"collection":[{"href":"https:\/\/www.rifai.org\/sufism\/wp-json\/wp\/v2\/pages"}],"about":[{"href":"https:\/\/www.rifai.org\/sufism\/wp-json\/wp\/v2\/types\/page"}],"author":[{"embeddable":true,"href":"https:\/\/www.rifai.org\/sufism\/wp-json\/wp\/v2\/users\/1"}],"replies":[{"embeddable":true,"href":"https:\/\/www.rifai.org\/sufism\/wp-json\/wp\/v2\/comments?post=1608"}],"version-history":[{"count":1,"href":"https:\/\/www.rifai.org\/sufism\/wp-json\/wp\/v2\/pages\/1608\/revisions"}],"predecessor-version":[{"id":1609,"href":"https:\/\/www.rifai.org\/sufism\/wp-json\/wp\/v2\/pages\/1608\/revisions\/1609"}],"up":[{"embeddable":true,"href":"https:\/\/www.rifai.org\/sufism\/wp-json\/wp\/v2\/pages\/1306"}],"wp:attachment":[{"href":"https:\/\/www.rifai.org\/sufism\/wp-json\/wp\/v2\/media?parent=1608"}],"curies":[{"name":"wp","href":"https:\/\/api.w.org\/{rel}","templated":true}]}}