{"id":1612,"date":"2013-06-02T13:49:37","date_gmt":"2013-06-02T11:49:37","guid":{"rendered":"http:\/\/www.rifai.org\/sufism\/?page_id=1612"},"modified":"2013-06-02T13:49:37","modified_gmt":"2013-06-02T11:49:37","slug":"hak-bir-gonul-verdi-bana","status":"publish","type":"page","link":"https:\/\/www.rifai.org\/sufism\/turkce\/hazretler\/hazreti-yunus-emre\/hak-bir-gonul-verdi-bana\/","title":{"rendered":"Hak bir g\u00f6n\u00fcl verdi bana"},"content":{"rendered":"<p>Hak bir g\u00f6n\u00fcl verdi bana<br \/>\nHa demeden hayran olur<br \/>\nBir dem gelir \u015f\u00e2d\u00ee olur<br \/>\nBir dem gelir giryan olur<\/p>\n<p>Bir dem sanas\u0131n ku\u015f gibi<br \/>\n\u015eol zemher\u00ee olmu\u015f gibi<br \/>\nBir dem be\u015f\u00e2retten do\u011far<br \/>\nHo\u015f ba\u011f ile bostan olur<\/p>\n<p>Bir dem gelir s\u00f6yleyemez<br \/>\nBir s\u00f6z\u00fc \u015ferh eyleyemez<br \/>\nBir dem dilinden d\u00fcr d\u00f6ker<br \/>\nDertlilere derman olur<\/p>\n<p>Bir dem \u00e7\u0131kar ar\u015f \u00fczere<br \/>\nBir dem iner taht-es-ser\u00e2<br \/>\nBir dem sanas\u0131n katredir<br \/>\nBir dem ta\u015far umman olur<\/p>\n","protected":false},"excerpt":{"rendered":"<p>Hak bir g\u00f6n\u00fcl verdi bana Ha demeden hayran olur Bir dem gelir \u015f\u00e2d\u00ee olur Bir dem gelir giryan olur Bir [&hellip;]<\/p>\n","protected":false},"author":1,"featured_media":0,"parent":1306,"menu_order":45,"comment_status":"open","ping_status":"open","template":"page-yunusemre-poem.php","meta":{"_monsterinsights_skip_tracking":false,"_monsterinsights_sitenote_active":false,"_monsterinsights_sitenote_note":"","_monsterinsights_sitenote_category":0,"footnotes":""},"class_list":["post-1612","page","type-page","status-publish","hentry"],"_links":{"self":[{"href":"https:\/\/www.rifai.org\/sufism\/wp-json\/wp\/v2\/pages\/1612","targetHints":{"allow":["GET"]}}],"collection":[{"href":"https:\/\/www.rifai.org\/sufism\/wp-json\/wp\/v2\/pages"}],"about":[{"href":"https:\/\/www.rifai.org\/sufism\/wp-json\/wp\/v2\/types\/page"}],"author":[{"embeddable":true,"href":"https:\/\/www.rifai.org\/sufism\/wp-json\/wp\/v2\/users\/1"}],"replies":[{"embeddable":true,"href":"https:\/\/www.rifai.org\/sufism\/wp-json\/wp\/v2\/comments?post=1612"}],"version-history":[{"count":1,"href":"https:\/\/www.rifai.org\/sufism\/wp-json\/wp\/v2\/pages\/1612\/revisions"}],"predecessor-version":[{"id":1613,"href":"https:\/\/www.rifai.org\/sufism\/wp-json\/wp\/v2\/pages\/1612\/revisions\/1613"}],"up":[{"embeddable":true,"href":"https:\/\/www.rifai.org\/sufism\/wp-json\/wp\/v2\/pages\/1306"}],"wp:attachment":[{"href":"https:\/\/www.rifai.org\/sufism\/wp-json\/wp\/v2\/media?parent=1612"}],"curies":[{"name":"wp","href":"https:\/\/api.w.org\/{rel}","templated":true}]}}