{"id":1614,"date":"2013-06-02T13:50:42","date_gmt":"2013-06-02T11:50:42","guid":{"rendered":"http:\/\/www.rifai.org\/sufism\/?page_id=1614"},"modified":"2013-06-02T13:50:42","modified_gmt":"2013-06-02T11:50:42","slug":"mulk-u-bekadan-gelmisem","status":"publish","type":"page","link":"https:\/\/www.rifai.org\/sufism\/turkce\/hazretler\/hazreti-yunus-emre\/mulk-u-bekadan-gelmisem\/","title":{"rendered":"M\u00fclk-\u00fc bekadan gelmi\u015fem"},"content":{"rendered":"<p>M\u00fclk-\u00fc bekadan gelmi\u015fem<br \/>\nF\u00e2ni cihan\u0131 neylerem<br \/>\nBen dost cemalin g\u00f6rm\u00fc\u015fem<br \/>\nH\u00fbr-i cinan\u0131 neylerem<\/p>\n<p>Vahdet meyinin c\u00fcr&#8217;as\u0131n<br \/>\nM\u00e2\u015fuk elinden i\u00e7mi\u015fem<br \/>\nBen dost kokusun alm\u0131\u015fam<br \/>\nMisk i reyhan\u0131 neylerem<\/p>\n<p>\u0130sa gibi yeri koyup<br \/>\nG\u00f6kleri seyran eylerem<br \/>\nMusay\u0131 didar olmu\u015fam<br \/>\nBen &#8220;len terani&#8221; neylerem<\/p>\n<p>\u0130smail&#8217;in Hak yoluna<br \/>\nCan\u0131m\u0131 kurban eylerem<br \/>\n\u00c7\u00fcnki bu can kurban sana<br \/>\nKo\u00e7 kurban\u0131 ben neylerem<\/p>\n<p>\u00c2\u015f\u0131k Yunus m\u00e2\u015fuk ile<br \/>\nVuslat bulunca mest olur<br \/>\nBen \u015fi\u015feyi vurdum ta\u015fa<br \/>\nNamus u \u00e2r\u0131 neylerem<\/p>\n","protected":false},"excerpt":{"rendered":"<p>M\u00fclk-\u00fc bekadan gelmi\u015fem F\u00e2ni cihan\u0131 neylerem Ben dost cemalin g\u00f6rm\u00fc\u015fem H\u00fbr-i cinan\u0131 neylerem Vahdet meyinin c\u00fcr&#8217;as\u0131n M\u00e2\u015fuk elinden i\u00e7mi\u015fem Ben [&hellip;]<\/p>\n","protected":false},"author":1,"featured_media":0,"parent":1306,"menu_order":46,"comment_status":"open","ping_status":"open","template":"page-yunusemre-poem.php","meta":{"_monsterinsights_skip_tracking":false,"_monsterinsights_sitenote_active":false,"_monsterinsights_sitenote_note":"","_monsterinsights_sitenote_category":0,"footnotes":""},"class_list":["post-1614","page","type-page","status-publish","hentry"],"_links":{"self":[{"href":"https:\/\/www.rifai.org\/sufism\/wp-json\/wp\/v2\/pages\/1614","targetHints":{"allow":["GET"]}}],"collection":[{"href":"https:\/\/www.rifai.org\/sufism\/wp-json\/wp\/v2\/pages"}],"about":[{"href":"https:\/\/www.rifai.org\/sufism\/wp-json\/wp\/v2\/types\/page"}],"author":[{"embeddable":true,"href":"https:\/\/www.rifai.org\/sufism\/wp-json\/wp\/v2\/users\/1"}],"replies":[{"embeddable":true,"href":"https:\/\/www.rifai.org\/sufism\/wp-json\/wp\/v2\/comments?post=1614"}],"version-history":[{"count":1,"href":"https:\/\/www.rifai.org\/sufism\/wp-json\/wp\/v2\/pages\/1614\/revisions"}],"predecessor-version":[{"id":1615,"href":"https:\/\/www.rifai.org\/sufism\/wp-json\/wp\/v2\/pages\/1614\/revisions\/1615"}],"up":[{"embeddable":true,"href":"https:\/\/www.rifai.org\/sufism\/wp-json\/wp\/v2\/pages\/1306"}],"wp:attachment":[{"href":"https:\/\/www.rifai.org\/sufism\/wp-json\/wp\/v2\/media?parent=1614"}],"curies":[{"name":"wp","href":"https:\/\/api.w.org\/{rel}","templated":true}]}}