{"id":1659,"date":"2013-09-07T10:26:51","date_gmt":"2013-09-07T08:26:51","guid":{"rendered":"http:\/\/www.rifai.org\/sufism\/?page_id=1659"},"modified":"2013-09-07T10:26:51","modified_gmt":"2013-09-07T08:26:51","slug":"gencligi-egitimi-seyahatleri","status":"publish","type":"page","link":"https:\/\/www.rifai.org\/sufism\/turkce\/tarikatler\/arusiyye\/gencligi-egitimi-seyahatleri\/","title":{"rendered":"Gen\u00e7li\u011fi, e\u011fitimi, seyahatleri"},"content":{"rendered":"<p>Abd\u00fcssel\u00e2m el-Esmer Hazretleri, \u015eeyh Abd\u00fclv\u00e2hid ed-D\u00fck\u00e2li&#8217;nin yan\u0131nda yedi sene boyunca kalarak, tasavvuf e\u011fitimi al\u0131r. \u015eeyhine sars\u0131lmaz bir sadakatle ba\u011fl\u0131d\u0131r.<br \/>\nBir k\u0131\u015f gecesi \u015eeyh D\u00fck\u00e2li, Abd\u00fcssel\u00e2m el-Esmer Hazretlerinden, yakla\u015f\u0131k d\u00f6rt kilometre uzakl\u0131ktaki bir \u00e7e\u015fmeden k\u0131rba ile su getirmesini ister. Abd\u00fcssel\u00e2m el-Esmer Hazretleri k\u0131rbay\u0131 su ile doldurur ve a\u011fz\u0131n\u0131 s\u0131k\u0131 s\u0131k\u0131 ba\u011flar. Fakat k\u00f6ye yakla\u015f\u0131nca, k\u0131rbadaki suyun bo\u015fald\u0131\u011f\u0131n\u0131 farkeder. Bu durum ayn\u0131 \u015fekilde, sabaha kadar devam eder. Son olarak, suyu tekrar doldurur, fakat bu defa k\u0131rban\u0131n a\u011fz\u0131n\u0131 kapamadan \u015eeyh&#8217;inin kap\u0131s\u0131na gelir. Bu defa, suyun bo\u015falmad\u0131\u011f\u0131n\u0131 g\u00f6r\u00fcr. Bunun \u00fczerine \u015eeyh D\u00fck\u00e2li, Abd\u00fcssel\u00e2m el-Esmer Hazretlerine \u2018Art\u0131k kem\u00e2le erdin, benim yan\u0131mdan ayr\u0131lma zaman\u0131n geldi, \u00e7\u00fcnk\u00fc benim sana g\u00f6sterebilece\u011fim ve \u00f6\u011fretebilece\u011fim bir \u015fey kalmad\u0131,\u2019 der.<\/p>\n<p>Abd\u00fcssel\u00e2m el-Esmer Hazretleri bundan sonra bir\u00e7ok m\u00fcr\u015fidi ziyaret ederek, kendilerinden feyz al\u0131r. Bu veliler aras\u0131nda \u00f6zellikle Seyyid Abd\u00fcl Ibad, Seyyid Abd\u00fcl Nebi \u0130bni Abd\u00fcl Mevl\u00e2, Seyyid Abd\u00fcl Osaci ve Seyyid Muhammed Abdurrahman bilinmektedir.<\/p>\n<p>Abd\u00fcssel\u00e2m el-Esmer Hazretleri aradan y\u0131llar ge\u00e7tikten sonra annesinin ziyaretine gider ve o s\u0131rada g\u00f6zleri g\u00f6rmeyen annesinin yan\u0131nda, annesinin vefat\u0131na kadar kal\u0131r. Daha sonra \u00e7e\u015fitli seyahatlere \u00e7\u0131karak, bir \u00e7ok b\u00fcy\u00fck evliy\u00e2n\u0131n ve \u015eeyh&#8217;lerin kabirlerini ziyaret eder. Ziyaretlerinden sonra baz\u0131 vazifelerini yerine getirmek \u00fczere Ballafalayin ve Cebel Za\u011fvan&#8217;a gider. Bu b\u00f6lgede bir s\u00fcre kald\u0131ktan sonra tekrar Zileytin&#8217;e d\u00f6ner ve burada ir\u015fad faaliyetlerine ba\u015flar.<\/p>\n","protected":false},"excerpt":{"rendered":"<p>Abd\u00fcssel\u00e2m el-Esmer Hazretleri, \u015eeyh Abd\u00fclv\u00e2hid ed-D\u00fck\u00e2li&#8217;nin yan\u0131nda yedi sene boyunca kalarak, tasavvuf e\u011fitimi al\u0131r. \u015eeyhine sars\u0131lmaz bir sadakatle ba\u011fl\u0131d\u0131r. Bir [&hellip;]<\/p>\n","protected":false},"author":1,"featured_media":0,"parent":1389,"menu_order":2,"comment_status":"open","ping_status":"open","template":"page-arusiyye.php","meta":{"_monsterinsights_skip_tracking":false,"_monsterinsights_sitenote_active":false,"_monsterinsights_sitenote_note":"","_monsterinsights_sitenote_category":0,"footnotes":""},"class_list":["post-1659","page","type-page","status-publish","hentry"],"_links":{"self":[{"href":"https:\/\/www.rifai.org\/sufism\/wp-json\/wp\/v2\/pages\/1659","targetHints":{"allow":["GET"]}}],"collection":[{"href":"https:\/\/www.rifai.org\/sufism\/wp-json\/wp\/v2\/pages"}],"about":[{"href":"https:\/\/www.rifai.org\/sufism\/wp-json\/wp\/v2\/types\/page"}],"author":[{"embeddable":true,"href":"https:\/\/www.rifai.org\/sufism\/wp-json\/wp\/v2\/users\/1"}],"replies":[{"embeddable":true,"href":"https:\/\/www.rifai.org\/sufism\/wp-json\/wp\/v2\/comments?post=1659"}],"version-history":[{"count":1,"href":"https:\/\/www.rifai.org\/sufism\/wp-json\/wp\/v2\/pages\/1659\/revisions"}],"predecessor-version":[{"id":1660,"href":"https:\/\/www.rifai.org\/sufism\/wp-json\/wp\/v2\/pages\/1659\/revisions\/1660"}],"up":[{"embeddable":true,"href":"https:\/\/www.rifai.org\/sufism\/wp-json\/wp\/v2\/pages\/1389"}],"wp:attachment":[{"href":"https:\/\/www.rifai.org\/sufism\/wp-json\/wp\/v2\/media?parent=1659"}],"curies":[{"name":"wp","href":"https:\/\/api.w.org\/{rel}","templated":true}]}}