{"id":1661,"date":"2013-09-07T10:29:44","date_gmt":"2013-09-07T08:29:44","guid":{"rendered":"http:\/\/www.rifai.org\/sufism\/?page_id=1661"},"modified":"2013-09-07T10:29:44","modified_gmt":"2013-09-07T08:29:44","slug":"arusiyye-tarikatinin-kurulusu-ve-yayilmasi","status":"publish","type":"page","link":"https:\/\/www.rifai.org\/sufism\/turkce\/tarikatler\/arusiyye\/arusiyye-tarikatinin-kurulusu-ve-yayilmasi\/","title":{"rendered":"Ar\u00fbsiyye Tarikat\u0131\u2019n\u0131n Kurulu\u015fu ve Yay\u0131lmas\u0131"},"content":{"rendered":"<p>Ar\u00fbsiyye Tarikat\u0131 aslen Tunus\u2019ta, Hicri 868\/Miladi 1463 senesinde vefat eden Ahmed bin Arus Hazretleri zaman\u0131nda ortaya \u00e7\u0131km\u0131\u015ft\u0131r. Abd\u00fcssel\u00e2m el-Esmer Hazretleri, tarikat erk\u00e2n\u0131n\u0131n kurulmas\u0131na ve yay\u0131lmas\u0131na \u00f6nc\u00fc oldu\u011fu i\u00e7in, ikinci p\u00eer olarak tan\u0131nm\u0131\u015ft\u0131r. Ar\u00fbsiyye ile ilgili kaynaklara g\u00f6re, Abd\u00fcssel\u00e2m el&#8211;Esmer&#8217;in gelece\u011fini Ar\u00fbsiyye&#8217;nin kurucusu Ahmed bin Ar\u00fbs Hazretleri \u00f6nceden haber vermi\u015ftir.<\/p>\n<p>Abd\u00fcssel\u00e2m el-Esmer Hazretleri\u2019nin ir\u015fad anlay\u0131\u015f\u0131n\u0131n temelinde bid&#8217;at ve hur\u00e2felere kar\u015f\u0131 m\u00fccadele etmek yatar. Bid&#8217;at ve hur\u00e2felerin kar\u015f\u0131s\u0131ndaki bu sert ve kararl\u0131 tavr\u0131ndan dolay\u0131 Zileytin civar\u0131ndaki kabilelerle aras\u0131 a\u00e7\u0131l\u0131r. Y\u00f6redeki d\u00fc\u011f\u00fcn \u00e2detlerine, \u00f6l\u00fclerin ard\u0131ndan yap\u0131lan matem t\u00f6renlerine ve baz\u0131 geleneklere kar\u015f\u0131 \u00e7\u0131kt\u0131\u011f\u0131 i\u00e7in, n\u00fcfuzlu ki\u015filerin d\u00fc\u015fmanl\u0131\u011f\u0131n\u0131 kazan\u0131r. O d\u00f6nemde b\u00f6lgede h\u00e2kimiyetini g\u00fc\u00e7lendirmek isteyen Hafs\u00ee hanedan\u0131, Abd\u00fcssel\u00e2m el-Esmer Hazretleri\u2019ni Trablusgarp&#8217;tan uzakla\u015ft\u0131r\u0131r. Abd\u00fcssel\u00e2m el-Esmer Hazretleri Zileytin\u2019e d\u00f6n\u00fcnceye kadar ir\u015fad faaliyetlerine ara verir. Ber\u00e2hime kabilesinin daveti \u00fczerine Zileytin\u2019e yerle\u015ferek bir z\u00e2viye kurar, tarikat\u0131n kurulu\u015funu ve yay\u0131lmas\u0131n\u0131 tahsis eder ve yine Zileytin\u2019de vefat eder. (H. 981\/ M. Ocak 1574) T\u00fcrbesi bug\u00fcn de Trablusgarb\u2019\u0131n \u00f6nemli ziyaret yerlerinden biridir. Yan\u0131nda bulunan el-Ma&#8217;hed\u00fc&#8217;1-El-Esmer\u00ee&#8217;de din\u00ee e\u011fitim yap\u0131lmaktad\u0131r.<\/p>\n","protected":false},"excerpt":{"rendered":"<p>Ar\u00fbsiyye Tarikat\u0131 aslen Tunus\u2019ta, Hicri 868\/Miladi 1463 senesinde vefat eden Ahmed bin Arus Hazretleri zaman\u0131nda ortaya \u00e7\u0131km\u0131\u015ft\u0131r. Abd\u00fcssel\u00e2m el-Esmer Hazretleri, [&hellip;]<\/p>\n","protected":false},"author":1,"featured_media":0,"parent":1389,"menu_order":3,"comment_status":"open","ping_status":"open","template":"page-arusiyye.php","meta":{"_monsterinsights_skip_tracking":false,"_monsterinsights_sitenote_active":false,"_monsterinsights_sitenote_note":"","_monsterinsights_sitenote_category":0,"footnotes":""},"class_list":["post-1661","page","type-page","status-publish","hentry"],"_links":{"self":[{"href":"https:\/\/www.rifai.org\/sufism\/wp-json\/wp\/v2\/pages\/1661","targetHints":{"allow":["GET"]}}],"collection":[{"href":"https:\/\/www.rifai.org\/sufism\/wp-json\/wp\/v2\/pages"}],"about":[{"href":"https:\/\/www.rifai.org\/sufism\/wp-json\/wp\/v2\/types\/page"}],"author":[{"embeddable":true,"href":"https:\/\/www.rifai.org\/sufism\/wp-json\/wp\/v2\/users\/1"}],"replies":[{"embeddable":true,"href":"https:\/\/www.rifai.org\/sufism\/wp-json\/wp\/v2\/comments?post=1661"}],"version-history":[{"count":1,"href":"https:\/\/www.rifai.org\/sufism\/wp-json\/wp\/v2\/pages\/1661\/revisions"}],"predecessor-version":[{"id":1662,"href":"https:\/\/www.rifai.org\/sufism\/wp-json\/wp\/v2\/pages\/1661\/revisions\/1662"}],"up":[{"embeddable":true,"href":"https:\/\/www.rifai.org\/sufism\/wp-json\/wp\/v2\/pages\/1389"}],"wp:attachment":[{"href":"https:\/\/www.rifai.org\/sufism\/wp-json\/wp\/v2\/media?parent=1661"}],"curies":[{"name":"wp","href":"https:\/\/api.w.org\/{rel}","templated":true}]}}