{"id":1663,"date":"2013-09-07T10:30:54","date_gmt":"2013-09-07T08:30:54","guid":{"rendered":"http:\/\/www.rifai.org\/sufism\/?page_id=1663"},"modified":"2013-09-07T10:30:54","modified_gmt":"2013-09-07T08:30:54","slug":"eserleri","status":"publish","type":"page","link":"https:\/\/www.rifai.org\/sufism\/turkce\/tarikatler\/arusiyye\/eserleri\/","title":{"rendered":"Eserleri"},"content":{"rendered":"<ol>\n<li>el-Env\u00e2r\u00fc&#8217;s-seniyye f\u00ee es\u00e2n\u00eedi&#8217;t-tar\u00eekati&#8217;l-Ar\u00fbsiyye. Abd\u00fcssel\u00e2m el-Esmer Hazretleri bu eserinde, \u015feyhi Abd\u00fclv\u00e2hid ed-D\u00fck\u00e2li&#8217;den, Ar\u00fbsiyye tarikat\u0131n\u0131n kurucusu Ahmed bin Arus&#8217;a ve ondan da Eb\u00fc&#8221;l-Hasan e\u015f-\u015e\u00e2zeli\u2019ye ula\u015fan tarikat silsilesini vermi\u015ftir.<\/li>\n<li>Nas\u00eehat\u00fc&#8217;l-m\u00fcr\u00eed\u00een li&#8217;1-cem\u00e2&#8217;ati&#8217;1-m\u00fcntesib\u00een li&#8217;-l&#8217;Ar\u00fbs\u00ee: el-Vasiyyet\u00fcl-K\u00fcbr\u00e2 ad\u0131yla tan\u0131nan bu eserde, m\u00fcridlerinin davran\u0131\u015f ve \u00e2detlerini nas\u0131l d\u00fczenlemeleri gerekti\u011fi anlat\u0131l\u0131r.<\/li>\n<li>el-Vasiyyet\u00fc&#8217;l-Su\u011fr\u00e2. Bu eser el-Vasiyyet\u00fc&#8217;1-K\u00fcbr\u00e2&#8217;n\u0131n bir muhtasar\u0131 olup, M\u00fcleyci\u2019nin F\u00ee Hami\u015fi hayat-i Seyyid\u00ee Abd\u00fcssel\u00e2m el-Esmer (Tripoli, 1969) adl\u0131 eserinin i\u00e7inde bas\u0131lm\u0131\u015ft\u0131r.<\/li>\n<\/ol>\n<p>Abd\u00fcssel\u00e2m el-Esmer Hazretleri\u2019nin hayat\u0131yla ilgili olarak Muhammed b. Muhammed Mahl\u00fbf taraf\u0131ndan yaz\u0131lan Mevahib\u00fc&#8217;r-rah\u00eem f\u00ee men\u00e2k\u0131bi Mevl\u00e2n\u00e2 e\u015f-\u015eeyh seyyid\u00ee &#8216;Abd\u00fcsselam b. Sel\u00eem adl\u0131 men\u00e2k\u0131bn\u00e2me, Tenkihu ravzati&#8217;l-ezh\u00e2r ve m\u00fcnyet\u00fc&#8217;s-s\u00e2d\u00e2ti&#8217;l-ebr\u00e2r f\u00ee men\u00e2k\u0131bi Seyyid\u00ee Abdissel\u00e2m el-Esmer ad\u0131yla yay\u0131nlanm\u0131\u015ft\u0131r (Tunus, H.1325). Bu eser Abd\u00fcssel\u00e2m el-Esmer&#8217;in m\u00fcridlerinden biri olan Ker\u00eem\u00fcddin Berm\u00fcni\u2019nin Ravzat\u00fc&#8217;1-ezh\u00e2r ve m\u00fcnyet\u00fc&#8217;s-s\u00e2d\u00e2ti&#8217;l-ebr\u00e2r f\u00ee men\u00e2k\u0131bi s\u00e2hibi&#8217;t-T\u00e2r adl\u0131 eserinin bir muhtasar\u0131d\u0131r. Ayn\u0131 soydan Eb\u00fb Muhammed Abd\u00fcssel\u00e2m b. Salih el-Esmer de onun hakk\u0131nda Fethu&#8217;l-al\u00eem f\u00ee men\u00e2k\u0131bi Abd\u00fcssel\u00e2m b. Sel\u00eem adl\u0131 bir eser kaleme alm\u0131\u015ft\u0131r.<\/p>\n","protected":false},"excerpt":{"rendered":"<p>el-Env\u00e2r\u00fc&#8217;s-seniyye f\u00ee es\u00e2n\u00eedi&#8217;t-tar\u00eekati&#8217;l-Ar\u00fbsiyye. Abd\u00fcssel\u00e2m el-Esmer Hazretleri bu eserinde, \u015feyhi Abd\u00fclv\u00e2hid ed-D\u00fck\u00e2li&#8217;den, Ar\u00fbsiyye tarikat\u0131n\u0131n kurucusu Ahmed bin Arus&#8217;a ve ondan da [&hellip;]<\/p>\n","protected":false},"author":1,"featured_media":0,"parent":1389,"menu_order":4,"comment_status":"open","ping_status":"open","template":"page-arusiyye.php","meta":{"_monsterinsights_skip_tracking":false,"_monsterinsights_sitenote_active":false,"_monsterinsights_sitenote_note":"","_monsterinsights_sitenote_category":0,"footnotes":""},"class_list":["post-1663","page","type-page","status-publish","hentry"],"_links":{"self":[{"href":"https:\/\/www.rifai.org\/sufism\/wp-json\/wp\/v2\/pages\/1663","targetHints":{"allow":["GET"]}}],"collection":[{"href":"https:\/\/www.rifai.org\/sufism\/wp-json\/wp\/v2\/pages"}],"about":[{"href":"https:\/\/www.rifai.org\/sufism\/wp-json\/wp\/v2\/types\/page"}],"author":[{"embeddable":true,"href":"https:\/\/www.rifai.org\/sufism\/wp-json\/wp\/v2\/users\/1"}],"replies":[{"embeddable":true,"href":"https:\/\/www.rifai.org\/sufism\/wp-json\/wp\/v2\/comments?post=1663"}],"version-history":[{"count":1,"href":"https:\/\/www.rifai.org\/sufism\/wp-json\/wp\/v2\/pages\/1663\/revisions"}],"predecessor-version":[{"id":1664,"href":"https:\/\/www.rifai.org\/sufism\/wp-json\/wp\/v2\/pages\/1663\/revisions\/1664"}],"up":[{"embeddable":true,"href":"https:\/\/www.rifai.org\/sufism\/wp-json\/wp\/v2\/pages\/1389"}],"wp:attachment":[{"href":"https:\/\/www.rifai.org\/sufism\/wp-json\/wp\/v2\/media?parent=1663"}],"curies":[{"name":"wp","href":"https:\/\/api.w.org\/{rel}","templated":true}]}}