{"id":1669,"date":"2013-09-07T11:47:32","date_gmt":"2013-09-07T09:47:32","guid":{"rendered":"http:\/\/www.rifai.org\/sufism\/?page_id=1669"},"modified":"2019-06-20T11:58:17","modified_gmt":"2019-06-20T08:58:17","slug":"fotograflar","status":"publish","type":"page","link":"https:\/\/www.rifai.org\/sufism\/turkce\/tarikatler\/arusiyye\/fotograflar\/","title":{"rendered":"Foto\u011fraflar"},"content":{"rendered":"<style type=\"text\/css\">\n#foogallery-gallery-2169 .fg-image { width: 150px; }\n#foogallery-gallery-2169 { --fg-gutter: 10px; }<\/style>\n\t\t\t<div class=\"foogallery foogallery-container foogallery-default foogallery-lightbox-foobox fg-center fg-default fg-ready fg-light fg-border-thin fg-shadow-outline fg-loading-default fg-loaded-fade-in fg-caption-hover fg-hover-fade fg-hover-zoom\" id=\"foogallery-gallery-2169\" data-foogallery=\"{&quot;item&quot;:{&quot;showCaptionTitle&quot;:true,&quot;showCaptionDescription&quot;:true},&quot;lazy&quot;:true}\" style=\"--fg-title-line-clamp: 0; --fg-description-line-clamp: 0;\" >\n\t<div class=\"fg-item fg-type-image fg-idle\"><figure class=\"fg-item-inner\"><a href=\"https:\/\/www.rifai.org\/sufism\/wp-content\/uploads\/2019\/06\/arusiyye-hzseyyidhz3_1.jpg\" data-caption-title=\"Gavs-\u00fcl \u00c2zam Es-Seyyid El-Esmer Efendimiz Hz. T\u00fcrbe-i \u015eerifleri\" data-attachment-id=\"2170\" data-type=\"image\" class=\"fg-thumb\"><span class=\"fg-image-wrap\"><img decoding=\"async\" title=\"Gavs-\u00fcl \u00c2zam Es-Seyyid El-Esmer Efendimiz Hz. T\u00fcrbe-i \u015eerifleri\" width=\"150\" height=\"150\" class=\"skip-lazy fg-image\" data-src-fg=\"https:\/\/www.rifai.org\/sufism\/wp-content\/uploads\/cache\/2019\/06\/arusiyye-hzseyyidhz3_1\/1124391968.jpg\" src=\"data:image\/svg+xml,%3Csvg%20xmlns%3D%22http%3A%2F%2Fwww.w3.org%2F2000%2Fsvg%22%20width%3D%22150%22%20height%3D%22150%22%20viewBox%3D%220%200%20150%20150%22%3E%3C%2Fsvg%3E\" loading=\"eager\"><\/span><span class=\"fg-image-overlay\"><\/span><\/a><figcaption class=\"fg-caption\"><div class=\"fg-caption-inner\"><div class=\"fg-caption-title\">Gavs-\u00fcl \u00c2zam Es-Seyyid El-Esmer Efendimiz Hz. T\u00fcrbe-i \u015eerifleri<\/div><\/div><\/figcaption><\/figure><div class=\"fg-loader\"><\/div><\/div><div class=\"fg-item fg-type-image fg-idle\"><figure class=\"fg-item-inner\"><a href=\"https:\/\/www.rifai.org\/sufism\/wp-content\/uploads\/2019\/06\/arusiyye-hzseyyidhz4_1.jpg\" data-caption-title=\"Gavs-\u00fcl \u00c2zam Es-Seyyid El-Esmer Efendimiz Hz. T\u00fcrbe-i \u015eerifleri\" data-attachment-id=\"2171\" data-type=\"image\" class=\"fg-thumb\"><span class=\"fg-image-wrap\"><img decoding=\"async\" title=\"Gavs-\u00fcl \u00c2zam Es-Seyyid El-Esmer Efendimiz Hz. T\u00fcrbe-i \u015eerifleri\" width=\"150\" height=\"150\" class=\"skip-lazy fg-image\" data-src-fg=\"https:\/\/www.rifai.org\/sufism\/wp-content\/uploads\/cache\/2019\/06\/arusiyye-hzseyyidhz4_1\/993925218.jpg\" src=\"data:image\/svg+xml,%3Csvg%20xmlns%3D%22http%3A%2F%2Fwww.w3.org%2F2000%2Fsvg%22%20width%3D%22150%22%20height%3D%22150%22%20viewBox%3D%220%200%20150%20150%22%3E%3C%2Fsvg%3E\" loading=\"eager\"><\/span><span class=\"fg-image-overlay\"><\/span><\/a><figcaption class=\"fg-caption\"><div class=\"fg-caption-inner\"><div class=\"fg-caption-title\">Gavs-\u00fcl \u00c2zam Es-Seyyid El-Esmer Efendimiz Hz. T\u00fcrbe-i \u015eerifleri<\/div><\/div><\/figcaption><\/figure><div class=\"fg-loader\"><\/div><\/div><div class=\"fg-item fg-type-image fg-idle\"><figure class=\"fg-item-inner\"><a href=\"https:\/\/www.rifai.org\/sufism\/wp-content\/uploads\/2019\/06\/arusiyye-hzseyyidhz5_1.jpg\" data-caption-title=\"Gavs-\u00fcl \u00c2zam Es-Seyyid El-Esmer Efendimiz Hz. T\u00fcrbe-i \u015eerifleri\" data-attachment-id=\"2172\" data-type=\"image\" class=\"fg-thumb\"><span class=\"fg-image-wrap\"><img decoding=\"async\" title=\"Gavs-\u00fcl \u00c2zam Es-Seyyid El-Esmer Efendimiz Hz. T\u00fcrbe-i \u015eerifleri\" width=\"150\" height=\"150\" class=\"skip-lazy fg-image\" data-src-fg=\"https:\/\/www.rifai.org\/sufism\/wp-content\/uploads\/cache\/2019\/06\/arusiyye-hzseyyidhz5_1\/2695238736.jpg\" src=\"data:image\/svg+xml,%3Csvg%20xmlns%3D%22http%3A%2F%2Fwww.w3.org%2F2000%2Fsvg%22%20width%3D%22150%22%20height%3D%22150%22%20viewBox%3D%220%200%20150%20150%22%3E%3C%2Fsvg%3E\" loading=\"eager\"><\/span><span class=\"fg-image-overlay\"><\/span><\/a><figcaption class=\"fg-caption\"><div class=\"fg-caption-inner\"><div class=\"fg-caption-title\">Gavs-\u00fcl \u00c2zam Es-Seyyid El-Esmer Efendimiz Hz. T\u00fcrbe-i \u015eerifleri<\/div><\/div><\/figcaption><\/figure><div class=\"fg-loader\"><\/div><\/div><div class=\"fg-item fg-type-image fg-idle\"><figure class=\"fg-item-inner\"><a href=\"https:\/\/www.rifai.org\/sufism\/wp-content\/uploads\/2019\/06\/arusiyye-hzseyyidhz6_1.jpg\" data-caption-title=\"Gavs-\u00fcl \u00c2zam Es-Seyyid El-Esmer Efendimiz Hz. T\u00fcrbe-i \u015eerifleri\" data-attachment-id=\"2173\" data-type=\"image\" class=\"fg-thumb\"><span class=\"fg-image-wrap\"><img decoding=\"async\" title=\"Gavs-\u00fcl \u00c2zam Es-Seyyid El-Esmer Efendimiz Hz. T\u00fcrbe-i \u015eerifleri\" width=\"150\" height=\"150\" class=\"skip-lazy fg-image\" data-src-fg=\"https:\/\/www.rifai.org\/sufism\/wp-content\/uploads\/cache\/2019\/06\/arusiyye-hzseyyidhz6_1\/3514265704.jpg\" src=\"data:image\/svg+xml,%3Csvg%20xmlns%3D%22http%3A%2F%2Fwww.w3.org%2F2000%2Fsvg%22%20width%3D%22150%22%20height%3D%22150%22%20viewBox%3D%220%200%20150%20150%22%3E%3C%2Fsvg%3E\" loading=\"eager\"><\/span><span class=\"fg-image-overlay\"><\/span><\/a><figcaption class=\"fg-caption\"><div class=\"fg-caption-inner\"><div class=\"fg-caption-title\">Gavs-\u00fcl \u00c2zam Es-Seyyid El-Esmer Efendimiz Hz. T\u00fcrbe-i \u015eerifleri<\/div><\/div><\/figcaption><\/figure><div class=\"fg-loader\"><\/div><\/div><div class=\"fg-item fg-type-image fg-idle\"><figure class=\"fg-item-inner\"><a href=\"https:\/\/www.rifai.org\/sufism\/wp-content\/uploads\/2019\/06\/arusiyye-hzseyyidhz7_1.jpg\" data-caption-title=\"Gavs-\u00fcl \u00c2zam Es-Seyyid El-Esmer Efendimiz Hz. T\u00fcrbe-i \u015eerifleri\" data-attachment-id=\"2174\" data-type=\"image\" class=\"fg-thumb\"><span class=\"fg-image-wrap\"><img decoding=\"async\" title=\"Gavs-\u00fcl \u00c2zam Es-Seyyid El-Esmer Efendimiz Hz. T\u00fcrbe-i \u015eerifleri\" width=\"150\" height=\"150\" class=\"skip-lazy fg-image\" data-src-fg=\"https:\/\/www.rifai.org\/sufism\/wp-content\/uploads\/cache\/2019\/06\/arusiyye-hzseyyidhz7_1\/1290209909.jpg\" src=\"data:image\/svg+xml,%3Csvg%20xmlns%3D%22http%3A%2F%2Fwww.w3.org%2F2000%2Fsvg%22%20width%3D%22150%22%20height%3D%22150%22%20viewBox%3D%220%200%20150%20150%22%3E%3C%2Fsvg%3E\" loading=\"eager\"><\/span><span class=\"fg-image-overlay\"><\/span><\/a><figcaption class=\"fg-caption\"><div class=\"fg-caption-inner\"><div class=\"fg-caption-title\">Gavs-\u00fcl \u00c2zam Es-Seyyid El-Esmer Efendimiz Hz. T\u00fcrbe-i \u015eerifleri<\/div><\/div><\/figcaption><\/figure><div class=\"fg-loader\"><\/div><\/div><div class=\"fg-item fg-type-image fg-idle\"><figure class=\"fg-item-inner\"><a href=\"https:\/\/www.rifai.org\/sufism\/wp-content\/uploads\/2019\/06\/arusiyye-hzseyyidhz8_1.jpg\" data-caption-title=\"Gavs-\u00fcl \u00c2zam Es-Seyyid El-Esmer Efendimiz Hz. T\u00fcrbe-i \u015eerifleri\" data-attachment-id=\"2175\" data-type=\"image\" class=\"fg-thumb\"><span class=\"fg-image-wrap\"><img decoding=\"async\" title=\"Gavs-\u00fcl \u00c2zam Es-Seyyid El-Esmer Efendimiz Hz. T\u00fcrbe-i \u015eerifleri\" width=\"150\" height=\"150\" class=\"skip-lazy fg-image\" data-src-fg=\"https:\/\/www.rifai.org\/sufism\/wp-content\/uploads\/cache\/2019\/06\/arusiyye-hzseyyidhz8_1\/655003331.jpg\" src=\"data:image\/svg+xml,%3Csvg%20xmlns%3D%22http%3A%2F%2Fwww.w3.org%2F2000%2Fsvg%22%20width%3D%22150%22%20height%3D%22150%22%20viewBox%3D%220%200%20150%20150%22%3E%3C%2Fsvg%3E\" loading=\"eager\"><\/span><span class=\"fg-image-overlay\"><\/span><\/a><figcaption class=\"fg-caption\"><div class=\"fg-caption-inner\"><div class=\"fg-caption-title\">Gavs-\u00fcl \u00c2zam Es-Seyyid El-Esmer Efendimiz Hz. T\u00fcrbe-i \u015eerifleri<\/div><\/div><\/figcaption><\/figure><div class=\"fg-loader\"><\/div><\/div><div class=\"fg-item fg-type-image fg-idle\"><figure class=\"fg-item-inner\"><a href=\"https:\/\/www.rifai.org\/sufism\/wp-content\/uploads\/2019\/06\/arusiyye-hzseyyidhz9_1.jpg\" data-caption-title=\"Gavs-\u00fcl \u00c2zam Es-Seyyid El-Esmer Efendimiz Hz. T\u00fcrbe-i \u015eerifleri\" data-attachment-id=\"2176\" data-type=\"image\" class=\"fg-thumb\"><span class=\"fg-image-wrap\"><img decoding=\"async\" title=\"Gavs-\u00fcl \u00c2zam Es-Seyyid El-Esmer Efendimiz Hz. T\u00fcrbe-i \u015eerifleri\" width=\"150\" height=\"150\" class=\"skip-lazy fg-image\" data-src-fg=\"https:\/\/www.rifai.org\/sufism\/wp-content\/uploads\/cache\/2019\/06\/arusiyye-hzseyyidhz9_1\/3163718385.jpg\" src=\"data:image\/svg+xml,%3Csvg%20xmlns%3D%22http%3A%2F%2Fwww.w3.org%2F2000%2Fsvg%22%20width%3D%22150%22%20height%3D%22150%22%20viewBox%3D%220%200%20150%20150%22%3E%3C%2Fsvg%3E\" loading=\"eager\"><\/span><span class=\"fg-image-overlay\"><\/span><\/a><figcaption class=\"fg-caption\"><div class=\"fg-caption-inner\"><div class=\"fg-caption-title\">Gavs-\u00fcl \u00c2zam Es-Seyyid El-Esmer Efendimiz Hz. T\u00fcrbe-i \u015eerifleri<\/div><\/div><\/figcaption><\/figure><div class=\"fg-loader\"><\/div><\/div><div class=\"fg-item fg-type-image fg-idle\"><figure class=\"fg-item-inner\"><a href=\"https:\/\/www.rifai.org\/sufism\/wp-content\/uploads\/2019\/06\/arusiyye-hzseyyidhz10_1.jpg\" data-caption-title=\"Gavs-\u00fcl \u00c2zam Es-Seyyid El-Esmer Efendimiz Hz. T\u00fcrbe-i \u015eerifleri\" data-attachment-id=\"2177\" data-type=\"image\" class=\"fg-thumb\"><span class=\"fg-image-wrap\"><img decoding=\"async\" title=\"Gavs-\u00fcl \u00c2zam Es-Seyyid El-Esmer Efendimiz Hz. T\u00fcrbe-i \u015eerifleri\" width=\"150\" height=\"150\" class=\"skip-lazy fg-image\" data-src-fg=\"https:\/\/www.rifai.org\/sufism\/wp-content\/uploads\/cache\/2019\/06\/arusiyye-hzseyyidhz10_1\/1252861561.jpg\" src=\"data:image\/svg+xml,%3Csvg%20xmlns%3D%22http%3A%2F%2Fwww.w3.org%2F2000%2Fsvg%22%20width%3D%22150%22%20height%3D%22150%22%20viewBox%3D%220%200%20150%20150%22%3E%3C%2Fsvg%3E\" loading=\"eager\"><\/span><span class=\"fg-image-overlay\"><\/span><\/a><figcaption class=\"fg-caption\"><div class=\"fg-caption-inner\"><div class=\"fg-caption-title\">Gavs-\u00fcl \u00c2zam Es-Seyyid El-Esmer Efendimiz Hz. T\u00fcrbe-i \u015eerifleri<\/div><\/div><\/figcaption><\/figure><div class=\"fg-loader\"><\/div><\/div><div class=\"fg-item fg-type-image fg-idle\"><figure class=\"fg-item-inner\"><a href=\"https:\/\/www.rifai.org\/sufism\/wp-content\/uploads\/2019\/06\/arusiyye-hzseyyidhz11_1.jpg\" data-caption-title=\"Gavs-\u00fcl \u00c2zam Es-Seyyid El-Esmer Efendimiz Hz. T\u00fcrbe-i \u015eerifleri\" data-attachment-id=\"2178\" data-type=\"image\" class=\"fg-thumb\"><span class=\"fg-image-wrap\"><img decoding=\"async\" title=\"Gavs-\u00fcl \u00c2zam Es-Seyyid El-Esmer Efendimiz Hz. T\u00fcrbe-i \u015eerifleri\" width=\"150\" height=\"150\" class=\"skip-lazy fg-image\" data-src-fg=\"https:\/\/www.rifai.org\/sufism\/wp-content\/uploads\/cache\/2019\/06\/arusiyye-hzseyyidhz11_1\/2342847035.jpg\" src=\"data:image\/svg+xml,%3Csvg%20xmlns%3D%22http%3A%2F%2Fwww.w3.org%2F2000%2Fsvg%22%20width%3D%22150%22%20height%3D%22150%22%20viewBox%3D%220%200%20150%20150%22%3E%3C%2Fsvg%3E\" loading=\"eager\"><\/span><span class=\"fg-image-overlay\"><\/span><\/a><figcaption class=\"fg-caption\"><div class=\"fg-caption-inner\"><div class=\"fg-caption-title\">Gavs-\u00fcl \u00c2zam Es-Seyyid El-Esmer Efendimiz Hz. T\u00fcrbe-i \u015eerifleri<\/div><\/div><\/figcaption><\/figure><div class=\"fg-loader\"><\/div><\/div><div class=\"fg-item fg-type-image fg-idle\"><figure class=\"fg-item-inner\"><a href=\"https:\/\/www.rifai.org\/sufism\/wp-content\/uploads\/2019\/06\/arusiyye-hzseyyid1_2.jpg\" data-caption-title=\"Gavs-\u00fcl \u00c2zam Es-Seyyid El-Esmer Efendimiz Hz. T\u00fcrbe-i \u015eerifleri\" data-attachment-id=\"2179\" data-type=\"image\" class=\"fg-thumb\"><span class=\"fg-image-wrap\"><img decoding=\"async\" title=\"Gavs-\u00fcl \u00c2zam Es-Seyyid El-Esmer Efendimiz Hz. T\u00fcrbe-i \u015eerifleri\" width=\"150\" height=\"150\" class=\"skip-lazy fg-image\" data-src-fg=\"https:\/\/www.rifai.org\/sufism\/wp-content\/uploads\/cache\/2019\/06\/arusiyye-hzseyyid1_2\/3641208439.jpg\" src=\"data:image\/svg+xml,%3Csvg%20xmlns%3D%22http%3A%2F%2Fwww.w3.org%2F2000%2Fsvg%22%20width%3D%22150%22%20height%3D%22150%22%20viewBox%3D%220%200%20150%20150%22%3E%3C%2Fsvg%3E\" loading=\"eager\"><\/span><span class=\"fg-image-overlay\"><\/span><\/a><figcaption class=\"fg-caption\"><div class=\"fg-caption-inner\"><div class=\"fg-caption-title\">Gavs-\u00fcl \u00c2zam Es-Seyyid El-Esmer Efendimiz Hz. T\u00fcrbe-i \u015eerifleri<\/div><\/div><\/figcaption><\/figure><div class=\"fg-loader\"><\/div><\/div><div class=\"fg-item fg-type-image fg-idle\"><figure class=\"fg-item-inner\"><a href=\"https:\/\/www.rifai.org\/sufism\/wp-content\/uploads\/2019\/06\/arusiyye-hzseyyid2_1.jpg\" data-caption-title=\"Gavs-\u00fcl \u00c2zam Es-Seyyid El-Esmer Efendimiz Hz. T\u00fcrbe-i \u015eerifleri\" data-attachment-id=\"2180\" data-type=\"image\" class=\"fg-thumb\"><span class=\"fg-image-wrap\"><img decoding=\"async\" title=\"Gavs-\u00fcl \u00c2zam Es-Seyyid El-Esmer Efendimiz Hz. T\u00fcrbe-i \u015eerifleri\" width=\"150\" height=\"150\" class=\"skip-lazy fg-image\" data-src-fg=\"https:\/\/www.rifai.org\/sufism\/wp-content\/uploads\/cache\/2019\/06\/arusiyye-hzseyyid2_1\/3685754947.jpg\" src=\"data:image\/svg+xml,%3Csvg%20xmlns%3D%22http%3A%2F%2Fwww.w3.org%2F2000%2Fsvg%22%20width%3D%22150%22%20height%3D%22150%22%20viewBox%3D%220%200%20150%20150%22%3E%3C%2Fsvg%3E\" loading=\"eager\"><\/span><span class=\"fg-image-overlay\"><\/span><\/a><figcaption class=\"fg-caption\"><div class=\"fg-caption-inner\"><div class=\"fg-caption-title\">Gavs-\u00fcl \u00c2zam Es-Seyyid El-Esmer Efendimiz Hz. T\u00fcrbe-i \u015eerifleri<\/div><\/div><\/figcaption><\/figure><div class=\"fg-loader\"><\/div><\/div><\/div>\n\n","protected":false},"excerpt":{"rendered":"","protected":false},"author":1,"featured_media":0,"parent":1389,"menu_order":6,"comment_status":"open","ping_status":"open","template":"page-arusiyye.php","meta":{"_monsterinsights_skip_tracking":false,"_monsterinsights_sitenote_active":false,"_monsterinsights_sitenote_note":"","_monsterinsights_sitenote_category":0,"footnotes":""},"class_list":["post-1669","page","type-page","status-publish","hentry"],"_links":{"self":[{"href":"https:\/\/www.rifai.org\/sufism\/wp-json\/wp\/v2\/pages\/1669","targetHints":{"allow":["GET"]}}],"collection":[{"href":"https:\/\/www.rifai.org\/sufism\/wp-json\/wp\/v2\/pages"}],"about":[{"href":"https:\/\/www.rifai.org\/sufism\/wp-json\/wp\/v2\/types\/page"}],"author":[{"embeddable":true,"href":"https:\/\/www.rifai.org\/sufism\/wp-json\/wp\/v2\/users\/1"}],"replies":[{"embeddable":true,"href":"https:\/\/www.rifai.org\/sufism\/wp-json\/wp\/v2\/comments?post=1669"}],"version-history":[{"count":3,"href":"https:\/\/www.rifai.org\/sufism\/wp-json\/wp\/v2\/pages\/1669\/revisions"}],"predecessor-version":[{"id":2181,"href":"https:\/\/www.rifai.org\/sufism\/wp-json\/wp\/v2\/pages\/1669\/revisions\/2181"}],"up":[{"embeddable":true,"href":"https:\/\/www.rifai.org\/sufism\/wp-json\/wp\/v2\/pages\/1389"}],"wp:attachment":[{"href":"https:\/\/www.rifai.org\/sufism\/wp-json\/wp\/v2\/media?parent=1669"}],"curies":[{"name":"wp","href":"https:\/\/api.w.org\/{rel}","templated":true}]}}