{"id":1694,"date":"2013-09-18T20:47:30","date_gmt":"2013-09-18T18:47:30","guid":{"rendered":"http:\/\/www.rifai.org\/sufism\/?page_id=1694"},"modified":"2013-09-18T20:47:30","modified_gmt":"2013-09-18T18:47:30","slug":"tarikat-silsilesi","status":"publish","type":"page","link":"https:\/\/www.rifai.org\/sufism\/turkce\/tarikatler\/dussukiye\/tarikat-silsilesi\/","title":{"rendered":"Tarikat Silsilesi"},"content":{"rendered":"<p>Hazret-i Peygamber Efendimiz Muhammed Mustafa (S.A.V.)\u2019den Hz. \u0130mam-\u0131 Ali ( K.V.) , \u0130mam-\u0131 H\u00fcseyin (R.A.), \u00a0\u0130mam Zeynel Abidin (R.A.), \u00a0\u0130mam Muhammed Bak\u0131r (R.A.), \u0130mam Cafer Sad\u0131k (R. A.), \u0130mam Musa Kaz\u0131m (R.A.), \u0130mam \u00a0R\u0131za ( R.A.), Maruf Kerhi (K.S.), S\u0131rri \u00a0Sekati (K.S.), C\u00fcneyd-i \u00a0Ba\u011fdadi (K.S.), Ebu Ali Rudbari (K.S.), \u00a0Ebu Osman Ma\u011fr\u0131bi (K.S.), \u00a0Ebu Ali K\u00e2tip (K.S.), Ebu\u2019l Kas\u0131m G\u00fcrgani (K.S.), Ebubekir \u00a0Nessac (K.S.), Ahmed Gazali (K.S.), Ziyaeddin Ebu\u2019n Necib S\u00fchreverdi (K.S.), \u00d6mer \u015eehabeddin \u00a0S\u00fchreverdi (K.S.), Necibeddin Ali \u015eiraz\u00ee (K.S.), Nureddin Abd\u00fcssamed (K.S.), Necmeddin Mahmud \u0130sfahan\u00ee (K.S.).<\/p>\n","protected":false},"excerpt":{"rendered":"<p>Hazret-i Peygamber Efendimiz Muhammed Mustafa (S.A.V.)\u2019den Hz. \u0130mam-\u0131 Ali ( K.V.) , \u0130mam-\u0131 H\u00fcseyin (R.A.), \u00a0\u0130mam Zeynel Abidin (R.A.), \u00a0\u0130mam [&hellip;]<\/p>\n","protected":false},"author":1,"featured_media":0,"parent":1378,"menu_order":4,"comment_status":"open","ping_status":"open","template":"page-dussuki.php","meta":{"_monsterinsights_skip_tracking":false,"_monsterinsights_sitenote_active":false,"_monsterinsights_sitenote_note":"","_monsterinsights_sitenote_category":0,"footnotes":""},"class_list":["post-1694","page","type-page","status-publish","hentry"],"_links":{"self":[{"href":"https:\/\/www.rifai.org\/sufism\/wp-json\/wp\/v2\/pages\/1694","targetHints":{"allow":["GET"]}}],"collection":[{"href":"https:\/\/www.rifai.org\/sufism\/wp-json\/wp\/v2\/pages"}],"about":[{"href":"https:\/\/www.rifai.org\/sufism\/wp-json\/wp\/v2\/types\/page"}],"author":[{"embeddable":true,"href":"https:\/\/www.rifai.org\/sufism\/wp-json\/wp\/v2\/users\/1"}],"replies":[{"embeddable":true,"href":"https:\/\/www.rifai.org\/sufism\/wp-json\/wp\/v2\/comments?post=1694"}],"version-history":[{"count":1,"href":"https:\/\/www.rifai.org\/sufism\/wp-json\/wp\/v2\/pages\/1694\/revisions"}],"predecessor-version":[{"id":1695,"href":"https:\/\/www.rifai.org\/sufism\/wp-json\/wp\/v2\/pages\/1694\/revisions\/1695"}],"up":[{"embeddable":true,"href":"https:\/\/www.rifai.org\/sufism\/wp-json\/wp\/v2\/pages\/1378"}],"wp:attachment":[{"href":"https:\/\/www.rifai.org\/sufism\/wp-json\/wp\/v2\/media?parent=1694"}],"curies":[{"name":"wp","href":"https:\/\/api.w.org\/{rel}","templated":true}]}}