{"id":1758,"date":"2014-03-03T00:32:04","date_gmt":"2014-03-02T22:32:04","guid":{"rendered":"http:\/\/www.rifai.org\/sufism\/?page_id=1758"},"modified":"2014-03-03T00:32:04","modified_gmt":"2014-03-02T22:32:04","slug":"sabiriyye","status":"publish","type":"page","link":"https:\/\/www.rifai.org\/sufism\/turkce\/tarikatler\/cestiyye\/sabiriyye\/","title":{"rendered":"Sab\u0131riyye"},"content":{"rendered":"<p>Haz\u0131rlan\u0131yor<\/p>\n","protected":false},"excerpt":{"rendered":"<p>Haz\u0131rlan\u0131yor<\/p>\n","protected":false},"author":1,"featured_media":0,"parent":1380,"menu_order":2,"comment_status":"open","ping_status":"open","template":"","meta":{"_monsterinsights_skip_tracking":false,"_monsterinsights_sitenote_active":false,"_monsterinsights_sitenote_note":"","_monsterinsights_sitenote_category":0,"footnotes":""},"class_list":["post-1758","page","type-page","status-publish","hentry"],"_links":{"self":[{"href":"https:\/\/www.rifai.org\/sufism\/wp-json\/wp\/v2\/pages\/1758","targetHints":{"allow":["GET"]}}],"collection":[{"href":"https:\/\/www.rifai.org\/sufism\/wp-json\/wp\/v2\/pages"}],"about":[{"href":"https:\/\/www.rifai.org\/sufism\/wp-json\/wp\/v2\/types\/page"}],"author":[{"embeddable":true,"href":"https:\/\/www.rifai.org\/sufism\/wp-json\/wp\/v2\/users\/1"}],"replies":[{"embeddable":true,"href":"https:\/\/www.rifai.org\/sufism\/wp-json\/wp\/v2\/comments?post=1758"}],"version-history":[{"count":1,"href":"https:\/\/www.rifai.org\/sufism\/wp-json\/wp\/v2\/pages\/1758\/revisions"}],"predecessor-version":[{"id":1759,"href":"https:\/\/www.rifai.org\/sufism\/wp-json\/wp\/v2\/pages\/1758\/revisions\/1759"}],"up":[{"embeddable":true,"href":"https:\/\/www.rifai.org\/sufism\/wp-json\/wp\/v2\/pages\/1380"}],"wp:attachment":[{"href":"https:\/\/www.rifai.org\/sufism\/wp-json\/wp\/v2\/media?parent=1758"}],"curies":[{"name":"wp","href":"https:\/\/api.w.org\/{rel}","templated":true}]}}