{"id":1785,"date":"2014-07-01T20:17:14","date_gmt":"2014-07-01T18:17:14","guid":{"rendered":"http:\/\/www.rifai.org\/sufism\/?page_id=1785"},"modified":"2014-07-01T20:17:14","modified_gmt":"2014-07-01T18:17:14","slug":"quest-ce-que-le-soufisme","status":"publish","type":"page","link":"https:\/\/www.rifai.org\/sufism\/francais\/quest-ce-que-le-soufisme\/","title":{"rendered":"Qu&#8217;est ce que le Soufisme"},"content":{"rendered":"<p><img loading=\"lazy\" decoding=\"async\" class=\"size-full wp-image-293 alignleft\" title=\"Islam And Sufism\" src=\"http:\/\/www.rifai.org\/sufism\/wp-content\/uploads\/2011\/11\/IslamAndSufism.jpg\" alt=\"\" width=\"266\" height=\"266\" srcset=\"https:\/\/www.rifai.org\/sufism\/wp-content\/uploads\/2011\/11\/IslamAndSufism.jpg 266w, https:\/\/www.rifai.org\/sufism\/wp-content\/uploads\/2011\/11\/IslamAndSufism-150x150.jpg 150w\" sizes=\"auto, (max-width: 266px) 100vw, 266px\" \/>Le Soufisme (Tasawuf) est un mode de vie dans lequel une identit\u00e9 profonde est d\u00e9couverte et mise en action. Cette identit\u00e9 profonde, au-del\u00e0 de la personnalit\u00e9 connue, est en harmonie avec tout ce qui l&#8217;entoure. Cette identit\u00e9, ou essence de l&#8217;\u00eatre, a la capacit\u00e9 d&#8217;attention, d&#8217;action, de cr\u00e9ativit\u00e9 et d&#8217;amour. Capacit\u00e9s bien au-del\u00e0 des possibilit\u00e9s de la personnalit\u00e9 superficielle.<\/p>\n<p>Le Soufisme (Tasawuf) est aussi un enseignement vivant. Sa source est Allah, mais le moyen de transmission est humain; et cette transmission est le fruit de nombreux enseignants d\u00e9vou\u00e9s et \u00e9clair\u00e9s tout au long de l&#8217;histoire. Il est important de rappeler qu&#8217;en tant qu&#8217;enseignement vivant, le Soufisme ne peut \u00eatre assimil\u00e9 qu&#8217;\u00e0 travers l&#8217;exp\u00e9rience et un travail spirituel quotidien.<\/p>\n<p><img loading=\"lazy\" decoding=\"async\" class=\"alignright  wp-image-294\" title=\"Divine\" src=\"http:\/\/www.rifai.org\/sufism\/wp-content\/uploads\/2011\/11\/divine02-238x300.png\" alt=\"\" width=\"238\" height=\"300\" srcset=\"https:\/\/www.rifai.org\/sufism\/wp-content\/uploads\/2011\/11\/divine02-238x300.png 238w, https:\/\/www.rifai.org\/sufism\/wp-content\/uploads\/2011\/11\/divine02.png 440w\" sizes=\"auto, (max-width: 238px) 100vw, 238px\" \/>Le soufisme est une tradition d&#8217;illumination qui porte l&#8217;essence de la v\u00e9rit\u00e9 (haqiqah) \u00e0 travers les \u00e2ges. Cependant, la tradition doit \u00eatre consid\u00e9r\u00e9e dans une optique dynamique et vivante. Son expression n&#8217;est pas limit\u00e9e aux formes culturelles ou religieuses du pass\u00e9. La v\u00e9rit\u00e9 du Soufisme (Tasawuf) n\u00e9cessite une expression appropri\u00e9e \u00e0 chaque \u00e9poque. Dans toutes ces expressions le Soufisme (Tasawuf) sera toujours une remise en cause d&#8217;une soci\u00e9t\u00e9 rong\u00e9e par le mat\u00e9rialisme. C&#8217;est, et cela restera, une critique de la mondanit\u00e9, de tout ce qui nous fait ignorer et oublier la R\u00e9alit\u00e9 Divine. Le Soufisme est une voie permettant de sortir du labyrinthe d&#8217;une soci\u00e9t\u00e9 s\u00e9culaire et commerciale. Plus encore, le Soufisme (Tasawuf) est une invitation au sens et au bien-\u00eatre.<br \/>\nLe Soufisme (Tasawuf) s&#8217;est d\u00e9velopp\u00e9 dans la culture Islamique. La r\u00e9v\u00e9lation de l&#8217;Islam s&#8217;est pr\u00e9sent\u00e9e comme l&#8217;expression de l&#8217;essence des messages apport\u00e9s \u00e0 l&#8217;humanit\u00e9 par les proph\u00e8tes de toutes les \u00e9poques. Le Coran reconna\u00eet la v\u00e9racit\u00e9 de 120 000 proph\u00e8tes et messagers qui sont venus nous r\u00e9veiller de notre sommeil \u00e9go\u00efste et nous rappeler notre nature spirituelle essentielle. Le Coran confirme la validit\u00e9 des r\u00e9v\u00e9lations pass\u00e9es, tout en affirmant que le message originel a souvent \u00e9t\u00e9 d\u00e9form\u00e9 \u00e0 travers le temps.<\/p>\n<p>Historiquement, le Soufisme (Tasawuf) n&#8217;a pas \u00e9t\u00e9 con\u00e7u s\u00e9par\u00e9ment de l&#8217;essence de l&#8217;Islam. L&#8217;\u00e9veil de ses ma\u00eetres passe par une cha\u00eene de transmission qui remonte au Proph\u00e8te Muhammad (que la Paix et la B\u00e9n\u00e9diction soient sur lui). Alors qu&#8217;ils ont parfois \u00e9t\u00e9 en d\u00e9saccord \u00e0 propos de certaines interpr\u00e9tations de l&#8217;Islam, ils ne remettaient jamais en question la validit\u00e9 de la r\u00e9v\u00e9lation Coranique; ils n&#8217;\u00e9taient pas non plus fondamentalistes dans le sens d&#8217;une interpr\u00e9tation rigide de la r\u00e9v\u00e9lation ou d&#8217;un m\u00e9pris des autres croyances. Le plus souvent, ils repr\u00e9sentaient les plus grandes r\u00e9alisations au sein de la culture Islamique et \u00e9taient une force de tol\u00e9rance et de mod\u00e9ration.<\/p>\n<p>Depuis ses racines au temps du Proph\u00e8te Muhammad (que la Paix et la B\u00e9n\u00e9diction soient sur lui), le Soufisme (Tasawuf) s&#8217;est d\u00e9velopp\u00e9 tel un arbre aux nombreuses branches. La raison de l&#8217;apparition d&#8217;une branche est un ma\u00eetre \u00e9clair\u00e9 dont les m\u00e9thodes et les contributions \u00e0 l&#8217;enseignement ont \u00e9t\u00e9 remarquables. Ces branches (tarikat) ne se voient pas comme rivales.<\/p>\n<p><img loading=\"lazy\" decoding=\"async\" class=\"alignleft size-medium wp-image-295\" title=\"Universe\" src=\"http:\/\/www.rifai.org\/sufism\/wp-content\/uploads\/2011\/11\/universe06-300x211.png\" alt=\"\" width=\"300\" height=\"211\" srcset=\"https:\/\/www.rifai.org\/sufism\/wp-content\/uploads\/2011\/11\/universe06-300x211.png 300w, https:\/\/www.rifai.org\/sufism\/wp-content\/uploads\/2011\/11\/universe06.png 460w\" sizes=\"auto, (max-width: 300px) 100vw, 300px\" \/>Si le Soufisme (Tasawuf) reconna\u00eet une v\u00e9rit\u00e9 centrale, c&#8217;est bien l&#8217;unit\u00e9 de l&#8217;\u00eatre, nous ne sommes pas s\u00e9par\u00e9s du Divin. L&#8217;unit\u00e9 de l&#8217;\u00eatre est une v\u00e9rit\u00e9 qui s&#8217;appr\u00e9cie facilement de nos jours\u2014\u00e9motionnellement, du fait du r\u00e9tr\u00e9cissement de notre monde \u00e0 travers les communications et les transports, et intellectuellement du fait du d\u00e9veloppement de la physique moderne. Nous sommes Un : un peuple, une \u00e9cologie, un univers, un \u00eatre. S&#8217;il y a une seule v\u00e9rit\u00e9, c&#8217;est que nous sommes tous int\u00e9gr\u00e9s \u00e0 la V\u00e9rit\u00e9, pas s\u00e9par\u00e9s d&#8217;elle. Prendre en compte cette V\u00e9rit\u00e9 \u00e0 un effet sur notre vision de nous-m\u00eame, nos relations avec les autres et sur chaque aspect de nos vies. Le Soufisme (Tasawuf) a trait \u00e0 constater le flot d&#8217;amour qui inonde la vie humaine, l&#8217;unit\u00e9 derri\u00e8re les formes.<\/p>\n<p>&nbsp;<\/p>\n<p>&nbsp;<\/p>\n<p>&nbsp;<\/p>\n","protected":false},"excerpt":{"rendered":"<p>Le Soufisme (Tasawuf) est un mode de vie dans lequel une identit\u00e9 profonde est d\u00e9couverte et mise en action. Cette [&hellip;]<\/p>\n","protected":false},"author":1,"featured_media":0,"parent":1777,"menu_order":1,"comment_status":"open","ping_status":"open","template":"page-nosublinks.php","meta":{"_monsterinsights_skip_tracking":false,"_monsterinsights_sitenote_active":false,"_monsterinsights_sitenote_note":"","_monsterinsights_sitenote_category":0,"footnotes":""},"class_list":["post-1785","page","type-page","status-publish","hentry"],"_links":{"self":[{"href":"https:\/\/www.rifai.org\/sufism\/wp-json\/wp\/v2\/pages\/1785","targetHints":{"allow":["GET"]}}],"collection":[{"href":"https:\/\/www.rifai.org\/sufism\/wp-json\/wp\/v2\/pages"}],"about":[{"href":"https:\/\/www.rifai.org\/sufism\/wp-json\/wp\/v2\/types\/page"}],"author":[{"embeddable":true,"href":"https:\/\/www.rifai.org\/sufism\/wp-json\/wp\/v2\/users\/1"}],"replies":[{"embeddable":true,"href":"https:\/\/www.rifai.org\/sufism\/wp-json\/wp\/v2\/comments?post=1785"}],"version-history":[{"count":1,"href":"https:\/\/www.rifai.org\/sufism\/wp-json\/wp\/v2\/pages\/1785\/revisions"}],"predecessor-version":[{"id":1786,"href":"https:\/\/www.rifai.org\/sufism\/wp-json\/wp\/v2\/pages\/1785\/revisions\/1786"}],"up":[{"embeddable":true,"href":"https:\/\/www.rifai.org\/sufism\/wp-json\/wp\/v2\/pages\/1777"}],"wp:attachment":[{"href":"https:\/\/www.rifai.org\/sufism\/wp-json\/wp\/v2\/media?parent=1785"}],"curies":[{"name":"wp","href":"https:\/\/api.w.org\/{rel}","templated":true}]}}