{"id":1831,"date":"2014-07-01T22:31:26","date_gmt":"2014-07-01T20:31:26","guid":{"rendered":"http:\/\/www.rifai.org\/sufism\/?page_id=1831"},"modified":"2014-07-01T22:31:26","modified_gmt":"2014-07-01T20:31:26","slug":"sohbet-conversation","status":"publish","type":"page","link":"https:\/\/www.rifai.org\/sufism\/francais\/pratiques-soufies\/sohbet-conversation\/","title":{"rendered":"Sohbet (conversation)"},"content":{"rendered":"<p>Le sens litt\u00e9ral du mot turc \u00ab Sohbet \u00bb est conversation. Dans le Soufisme (Tasawwuf), le sohbet est une pratique spirituelle essentielle. C&#8217;est un \u00e9change entre le murshid et le mourid, qui s&#8217;appuie sur les anciennes traditions de contes et r\u00e9cits oraux. La connaissance mystique et l&#8217;amour pieux sont transmis pendant le Sohbet d&#8217;une telle mani\u00e8re qu&#8217;ils ont tendance \u00e0 passer outre les chemins tortueux de l&#8217;esprit et connecter le c\u0153ur des aspirants.<\/p>\n<p>Le Sohbet est une transmission spirituelle, une purification de l&#8217;\u00e2me et une rencontre des c\u0153urs. Il est pratiqu\u00e9 en toute sinc\u00e9rit\u00e9, respect et confiance. Par cette pratique, le mourid se trouve soign\u00e9, \u00e9duqu\u00e9 et \u00e9lev\u00e9 gr\u00e2ce \u00e0 son murshid. Ce dernier entretient son mourid comme un jardinier entretient son jardin avec le plus grand soin et toute son attention. Du m\u00e9taphysique au physique, le Sohbet nous aide \u00e0 r\u00e9fl\u00e9chir \u00e0 nos vies et \u00e0 nos \u00e9tats int\u00e9rieurs, pour nous guider dans notre recherche d&#8217;unit\u00e9 avec Allah.<\/p>\n","protected":false},"excerpt":{"rendered":"<p>Le sens litt\u00e9ral du mot turc \u00ab Sohbet \u00bb est conversation. Dans le Soufisme (Tasawwuf), le sohbet est une pratique [&hellip;]<\/p>\n","protected":false},"author":1,"featured_media":0,"parent":1827,"menu_order":2,"comment_status":"open","ping_status":"open","template":"","meta":{"_monsterinsights_skip_tracking":false,"_monsterinsights_sitenote_active":false,"_monsterinsights_sitenote_note":"","_monsterinsights_sitenote_category":0,"footnotes":""},"class_list":["post-1831","page","type-page","status-publish","hentry"],"_links":{"self":[{"href":"https:\/\/www.rifai.org\/sufism\/wp-json\/wp\/v2\/pages\/1831","targetHints":{"allow":["GET"]}}],"collection":[{"href":"https:\/\/www.rifai.org\/sufism\/wp-json\/wp\/v2\/pages"}],"about":[{"href":"https:\/\/www.rifai.org\/sufism\/wp-json\/wp\/v2\/types\/page"}],"author":[{"embeddable":true,"href":"https:\/\/www.rifai.org\/sufism\/wp-json\/wp\/v2\/users\/1"}],"replies":[{"embeddable":true,"href":"https:\/\/www.rifai.org\/sufism\/wp-json\/wp\/v2\/comments?post=1831"}],"version-history":[{"count":1,"href":"https:\/\/www.rifai.org\/sufism\/wp-json\/wp\/v2\/pages\/1831\/revisions"}],"predecessor-version":[{"id":1832,"href":"https:\/\/www.rifai.org\/sufism\/wp-json\/wp\/v2\/pages\/1831\/revisions\/1832"}],"up":[{"embeddable":true,"href":"https:\/\/www.rifai.org\/sufism\/wp-json\/wp\/v2\/pages\/1827"}],"wp:attachment":[{"href":"https:\/\/www.rifai.org\/sufism\/wp-json\/wp\/v2\/media?parent=1831"}],"curies":[{"name":"wp","href":"https:\/\/api.w.org\/{rel}","templated":true}]}}