{"id":1841,"date":"2014-07-01T22:42:22","date_gmt":"2014-07-01T20:42:22","guid":{"rendered":"http:\/\/www.rifai.org\/sufism\/?page_id=1841"},"modified":"2014-07-01T22:42:22","modified_gmt":"2014-07-01T20:42:22","slug":"extraits-de-ses-livres","status":"publish","type":"page","link":"https:\/\/www.rifai.org\/sufism\/francais\/hazrat-sayyid-ahmed-er-rifai-ks\/extraits-de-ses-livres\/","title":{"rendered":"Extraits de ses livres"},"content":{"rendered":"<p>Les \u00e9crits qui suivent sont des extraits de Sohbet (discussions) recueillis par \u00e9crit, d&#8217;Hazrat Ahmed ar Rifa&#8217;i (qu&#8217;Allah sanctifie son secret). Ceux-ci eurent lieu dans le cercle restreint de ses disciples les plus fervents, et ont \u00e9t\u00e9 rassembl\u00e9s dans un livre appel\u00e9 Khaled al-Ahl al-Haqiqah al-Allah (Les stations du peuple de la v\u00e9rit\u00e9 d&#8217;Allah)<\/p>\n","protected":false},"excerpt":{"rendered":"<p>Les \u00e9crits qui suivent sont des extraits de Sohbet (discussions) recueillis par \u00e9crit, d&#8217;Hazrat Ahmed ar Rifa&#8217;i (qu&#8217;Allah sanctifie son [&hellip;]<\/p>\n","protected":false},"author":1,"featured_media":0,"parent":1835,"menu_order":3,"comment_status":"open","ping_status":"open","template":"page-mid.php","meta":{"_monsterinsights_skip_tracking":false,"_monsterinsights_sitenote_active":false,"_monsterinsights_sitenote_note":"","_monsterinsights_sitenote_category":0,"footnotes":""},"class_list":["post-1841","page","type-page","status-publish","hentry"],"_links":{"self":[{"href":"https:\/\/www.rifai.org\/sufism\/wp-json\/wp\/v2\/pages\/1841","targetHints":{"allow":["GET"]}}],"collection":[{"href":"https:\/\/www.rifai.org\/sufism\/wp-json\/wp\/v2\/pages"}],"about":[{"href":"https:\/\/www.rifai.org\/sufism\/wp-json\/wp\/v2\/types\/page"}],"author":[{"embeddable":true,"href":"https:\/\/www.rifai.org\/sufism\/wp-json\/wp\/v2\/users\/1"}],"replies":[{"embeddable":true,"href":"https:\/\/www.rifai.org\/sufism\/wp-json\/wp\/v2\/comments?post=1841"}],"version-history":[{"count":1,"href":"https:\/\/www.rifai.org\/sufism\/wp-json\/wp\/v2\/pages\/1841\/revisions"}],"predecessor-version":[{"id":1842,"href":"https:\/\/www.rifai.org\/sufism\/wp-json\/wp\/v2\/pages\/1841\/revisions\/1842"}],"up":[{"embeddable":true,"href":"https:\/\/www.rifai.org\/sufism\/wp-json\/wp\/v2\/pages\/1835"}],"wp:attachment":[{"href":"https:\/\/www.rifai.org\/sufism\/wp-json\/wp\/v2\/media?parent=1841"}],"curies":[{"name":"wp","href":"https:\/\/api.w.org\/{rel}","templated":true}]}}