{"id":1847,"date":"2014-07-01T22:46:57","date_gmt":"2014-07-01T20:46:57","guid":{"rendered":"http:\/\/www.rifai.org\/sufism\/?page_id=1847"},"modified":"2014-07-01T22:46:57","modified_gmt":"2014-07-01T20:46:57","slug":"les-niveaux-de-zikir","status":"publish","type":"page","link":"https:\/\/www.rifai.org\/sufism\/francais\/hazrat-sayyid-ahmed-er-rifai-ks\/extraits-de-ses-livres\/les-niveaux-de-zikir\/","title":{"rendered":"Les niveaux de Zikir"},"content":{"rendered":"<p>Le niveau de zikir varie selon la personne qui l&#8217;effectue. Certaines personne r\u00e9citent les noms d&#8217;Allah parce qu&#8217;ils sont b\u00e9nis par le cadeau de l&#8217;Islam. D&#8217;autres r\u00e9citent Ses noms car c&#8217;est une tradition du Proph\u00e8te Muhammad (que la Paix et la B\u00e9n\u00e9diction soient sur lui) et de l&#8217;Islam. D&#8217;autres encore r\u00e9citent Ses noms par reconnaissance pour leur zikir; \u00e0 tel point que leur c\u0153ur fond, leurs langues se liens et leurs esprits sont renvers\u00e9s. Ils sont abasourdis par Sa magnificence, ils sont humili\u00e9s devant Son amour. Ils savent que tout existe \u00e0 travers Lui.<\/p>\n<p>Le zikir \u00e0 deux genres : le zikir, qui \u00e9veille hashyet (la crainte n\u00e9e de la connaissance et du respect) et le zikir qui \u00e9veille la passion et l&#8217;amour chez celui qui r\u00e9cite. Le zikir, qui \u00e9veille hashyet est le zikir de l&#8217;homme qui r\u00e9cite Allah avec son essence. Il sait qu&#8217;il r\u00e9cite les noms d&#8217;Allah seulement parce qu&#8217;il r\u00e9cite Ses noms. Et il sais qu&#8217;il sera toujours en mesure de r\u00e9citer Ses noms uniquement dans son zikir<\/p>\n<p>L&#8217;autre zikir est le zikir de l&#8217;homme dont Allah a r\u00e9cit\u00e9 le nom dans l&#8217;\u00e9ternit\u00e9, o\u00f9 rien n&#8217;existe; pas m\u00eame le monde. La personne comprend que Allah r\u00e9cite son nom avant et apr\u00e8s le temps. Sachez que le souvenir d&#8217;Allah par son serviteur est seulement possible par Allah se souvenant de Son serviteur (qull). Tout comme la poussi\u00e8re sous les gouttes de pluie&#8230;<\/p>\n","protected":false},"excerpt":{"rendered":"<p>Le niveau de zikir varie selon la personne qui l&#8217;effectue. Certaines personne r\u00e9citent les noms d&#8217;Allah parce qu&#8217;ils sont b\u00e9nis [&hellip;]<\/p>\n","protected":false},"author":1,"featured_media":0,"parent":1841,"menu_order":3,"comment_status":"open","ping_status":"open","template":"","meta":{"_monsterinsights_skip_tracking":false,"_monsterinsights_sitenote_active":false,"_monsterinsights_sitenote_note":"","_monsterinsights_sitenote_category":0,"footnotes":""},"class_list":["post-1847","page","type-page","status-publish","hentry"],"_links":{"self":[{"href":"https:\/\/www.rifai.org\/sufism\/wp-json\/wp\/v2\/pages\/1847","targetHints":{"allow":["GET"]}}],"collection":[{"href":"https:\/\/www.rifai.org\/sufism\/wp-json\/wp\/v2\/pages"}],"about":[{"href":"https:\/\/www.rifai.org\/sufism\/wp-json\/wp\/v2\/types\/page"}],"author":[{"embeddable":true,"href":"https:\/\/www.rifai.org\/sufism\/wp-json\/wp\/v2\/users\/1"}],"replies":[{"embeddable":true,"href":"https:\/\/www.rifai.org\/sufism\/wp-json\/wp\/v2\/comments?post=1847"}],"version-history":[{"count":1,"href":"https:\/\/www.rifai.org\/sufism\/wp-json\/wp\/v2\/pages\/1847\/revisions"}],"predecessor-version":[{"id":1848,"href":"https:\/\/www.rifai.org\/sufism\/wp-json\/wp\/v2\/pages\/1847\/revisions\/1848"}],"up":[{"embeddable":true,"href":"https:\/\/www.rifai.org\/sufism\/wp-json\/wp\/v2\/pages\/1841"}],"wp:attachment":[{"href":"https:\/\/www.rifai.org\/sufism\/wp-json\/wp\/v2\/media?parent=1847"}],"curies":[{"name":"wp","href":"https:\/\/api.w.org\/{rel}","templated":true}]}}