{"id":1873,"date":"2014-10-12T01:31:04","date_gmt":"2014-10-11T23:31:04","guid":{"rendered":"http:\/\/www.rifai.org\/sufism\/?page_id=1873"},"modified":"2014-10-12T01:31:04","modified_gmt":"2014-10-11T23:31:04","slug":"hz-nureddin-mahmud-zengi","status":"publish","type":"page","link":"https:\/\/www.rifai.org\/sufism\/turkce\/hazretler\/hz-nureddin-mahmud-zengi\/","title":{"rendered":"Hz. Nureddin Mahmud Zengi"},"content":{"rendered":"<p>1118-1174 y\u0131llar\u0131 aras\u0131nda ya\u015fayan Nureddin Mahmud Zengi Hazretleri\u2019nin h\u00fck\u00fcmdarl\u0131\u011f\u0131 s\u0131ras\u0131nda, Atabey \u0130madeddin Zengi\u2019nin kurmu\u015f oldu\u011fu M\u00fcsl\u00fcman devletinde b\u00fcy\u00fck bir zenginlik ve geli\u015fme d\u00f6nemi ya\u015fanm\u0131\u015ft\u0131r. D\u00f6nemin vakan\u00fcvisleri taraf\u0131ndan \u2018evliy\u00e2 gibi bir melik\u2019 olarak tarif edilen Nureddin Mahmud Zengi, e\u011fitim kurumlar\u0131n\u0131n, \u015fif\u00e2hanelerin, vak\u0131flar\u0131n kurulmas\u0131na b\u00fcy\u00fck \u00f6nem vermi\u015f, \u00fclkesinde bu zenginlik ve refah ya\u015fan\u0131rken, kendisi al\u00e7akg\u00f6n\u00fcll\u00fcl\u00fc\u011f\u00fcn ve kanaatkarl\u0131\u011f\u0131n tims\u00e2li olarak tan\u0131nm\u0131\u015ft\u0131r. Yirmisekiz y\u0131l s\u00fcren h\u00fck\u00fcmdarl\u0131\u011f\u0131 boyunca b\u00f6lgedeki M\u00fcsl\u00fcman birli\u011fi her bak\u0131mdan g\u00fc\u00e7lenmi\u015f, Ha\u00e7l\u0131 seferleri b\u00f6lgeden t\u00fcm\u00fcyle geri \u00e7ekilmi\u015ftir. Birbiri ard\u0131na kazan\u0131lan siyasi ve askeri ba\u015far\u0131lar aras\u0131nda, 1154 y\u0131l\u0131nda b\u00f6lgenin en \u00f6nemli \u015fehri \u015eam geri kazan\u0131lm\u0131\u015f, 1171 y\u0131l\u0131nda M\u0131s\u0131r yeniden M\u00fcsl\u00fcman birli\u011fine ge\u00e7mi\u015ftir. D\u00f6nemin vakan\u00fcvisleri, Nureddin Mahmud Zengi Hazretlerinin b\u00fcy\u00fck askeri ba\u015far\u0131lar\u0131 hi\u00e7 sava\u015fmadan, kan d\u00f6kmeden, silahtan \u00e7ok ikn\u00e2 g\u00fcc\u00fc ve stratejik d\u00fc\u015f\u00fcnceyle nas\u0131l kazand\u0131\u011f\u0131n\u0131 ayr\u0131nt\u0131lar\u0131yla nakleder. M\u0131s\u0131r\u2019\u0131n f\u00e2tihi olarak tarihe ge\u00e7mi\u015f olan Sel\u00e2haddin Eyyubi, bu fethi Nureddin Mahmud Zengi Hazretlerinin emrinde iken ger\u00e7ekle\u015ftiren komutand\u0131r. Sel\u00e2haddin Eyyubi, kendi ifadesiyle, Nureddin Mahmud Zengi\u2019ye, h\u00fck\u00fcmdar\u0131n 1174 senesindeki vefat\u0131na kadar sad\u0131k kalm\u0131\u015ft\u0131r.<\/p>\n","protected":false},"excerpt":{"rendered":"<p>1118-1174 y\u0131llar\u0131 aras\u0131nda ya\u015fayan Nureddin Mahmud Zengi Hazretleri\u2019nin h\u00fck\u00fcmdarl\u0131\u011f\u0131 s\u0131ras\u0131nda, Atabey \u0130madeddin Zengi\u2019nin kurmu\u015f oldu\u011fu M\u00fcsl\u00fcman devletinde b\u00fcy\u00fck bir zenginlik [&hellip;]<\/p>\n","protected":false},"author":1,"featured_media":0,"parent":1304,"menu_order":3,"comment_status":"open","ping_status":"open","template":"","meta":{"_monsterinsights_skip_tracking":false,"_monsterinsights_sitenote_active":false,"_monsterinsights_sitenote_note":"","_monsterinsights_sitenote_category":0,"footnotes":""},"class_list":["post-1873","page","type-page","status-publish","hentry"],"_links":{"self":[{"href":"https:\/\/www.rifai.org\/sufism\/wp-json\/wp\/v2\/pages\/1873","targetHints":{"allow":["GET"]}}],"collection":[{"href":"https:\/\/www.rifai.org\/sufism\/wp-json\/wp\/v2\/pages"}],"about":[{"href":"https:\/\/www.rifai.org\/sufism\/wp-json\/wp\/v2\/types\/page"}],"author":[{"embeddable":true,"href":"https:\/\/www.rifai.org\/sufism\/wp-json\/wp\/v2\/users\/1"}],"replies":[{"embeddable":true,"href":"https:\/\/www.rifai.org\/sufism\/wp-json\/wp\/v2\/comments?post=1873"}],"version-history":[{"count":1,"href":"https:\/\/www.rifai.org\/sufism\/wp-json\/wp\/v2\/pages\/1873\/revisions"}],"predecessor-version":[{"id":1874,"href":"https:\/\/www.rifai.org\/sufism\/wp-json\/wp\/v2\/pages\/1873\/revisions\/1874"}],"up":[{"embeddable":true,"href":"https:\/\/www.rifai.org\/sufism\/wp-json\/wp\/v2\/pages\/1304"}],"wp:attachment":[{"href":"https:\/\/www.rifai.org\/sufism\/wp-json\/wp\/v2\/media?parent=1873"}],"curies":[{"name":"wp","href":"https:\/\/api.w.org\/{rel}","templated":true}]}}