{"id":1940,"date":"2015-08-19T01:07:08","date_gmt":"2015-08-18T23:07:08","guid":{"rendered":"http:\/\/www.rifai.org\/sufism\/?page_id=1940"},"modified":"2015-08-19T01:07:08","modified_gmt":"2015-08-18T23:07:08","slug":"ussak-ilahis","status":"publish","type":"page","link":"https:\/\/www.rifai.org\/sufism\/italiano\/archivio\/audio\/ussak-ilahis\/","title":{"rendered":"U\u015f\u015fak \u0130lahis"},"content":{"rendered":"<div class=\"flagallery jq-mplayer_skin\" > <div id=\"flag_musicplayer_r2097744137\"> <script type=\"text\/javascript\"> jQuery(function(){ var settings = {\"maxwidth\":\"0\",\"autoplay\":\"0\",\"loop\":\"1\",\"buttonText\":\"Download\",\"downloadTrack\":\"0\",\"tracksToShow\":\"5\",\"moreText\":\"View More...\",\"key\":\"\",\"name\":\"\"}; var content = [{\"id\":1893,\"mp3\":\"https:\\\/\\\/www.rifai.org\\\/sufism\\\/wp-content\\\/uploads\\\/2015\\\/08\\\/Ussak-01-Adim-Adim-Ileri.mp3\",\"cover\":\"\",\"title\":\"U\\u015f\\u015fak - Ad\\u0131m Ad\\u0131m \\u0130leri\",\"text\":\"\",\"button\":\"\"},{\"id\":1894,\"mp3\":\"https:\\\/\\\/www.rifai.org\\\/sufism\\\/wp-content\\\/uploads\\\/2015\\\/08\\\/Ussak-02-Allah-Emrin-Tutalim.mp3\",\"cover\":\"\",\"title\":\"U\\u015f\\u015fak - Allah Emrin Tutal\\u0131m\",\"text\":\"\",\"button\":\"\"},{\"id\":1895,\"mp3\":\"https:\\\/\\\/www.rifai.org\\\/sufism\\\/wp-content\\\/uploads\\\/2015\\\/08\\\/Ussak-03-Bir-Saha-Kul-Olmak-Gerek.mp3\",\"cover\":\"\",\"title\":\"U\\u015f\\u015fak - Bir \\u015eaha Kul Olmak Gerek\",\"text\":\"\",\"button\":\"\"},{\"id\":1896,\"mp3\":\"https:\\\/\\\/www.rifai.org\\\/sufism\\\/wp-content\\\/uploads\\\/2015\\\/08\\\/Ussak-04-Biz-Bulbulu-Lahutiyiz.mp3\",\"cover\":\"\",\"title\":\"U\\u015f\\u015fak - Biz B\\u00fclb\\u00fcl\\u00fc Lahutiyiz\",\"text\":\"\",\"button\":\"\"},{\"id\":1897,\"mp3\":\"https:\\\/\\\/www.rifai.org\\\/sufism\\\/wp-content\\\/uploads\\\/2015\\\/08\\\/Ussak-05-Ey-Alemleri-Yaradan.mp3\",\"cover\":\"\",\"title\":\"U\\u015f\\u015fak - Ey Alemleri Yaradan\",\"text\":\"\",\"button\":\"\"},{\"id\":1898,\"mp3\":\"https:\\\/\\\/www.rifai.org\\\/sufism\\\/wp-content\\\/uploads\\\/2015\\\/08\\\/Ussak-06-Ey-Dervisler.mp3\",\"cover\":\"\",\"title\":\"U\\u015f\\u015fak - Ey Dervi\\u015fler\",\"text\":\"\",\"button\":\"\"},{\"id\":1899,\"mp3\":\"https:\\\/\\\/www.rifai.org\\\/sufism\\\/wp-content\\\/uploads\\\/2015\\\/08\\\/Ussak-07-Eyyubem-Kim-Mutelayim.mp3\",\"cover\":\"\",\"title\":\"U\\u015f\\u015fak - Eyyubem Kim M\\u00fctelay\\u0131m\",\"text\":\"\",\"button\":\"\"},{\"id\":1900,\"mp3\":\"https:\\\/\\\/www.rifai.org\\\/sufism\\\/wp-content\\\/uploads\\\/2015\\\/08\\\/Ussak-08-Taksim.mp3\",\"cover\":\"\",\"title\":\"U\\u015f\\u015fak - Taksim\",\"text\":\"\",\"button\":\"\"},{\"id\":1901,\"mp3\":\"https:\\\/\\\/www.rifai.org\\\/sufism\\\/wp-content\\\/uploads\\\/2015\\\/08\\\/Ussak-09-Bir-Kopru-Yaratmissin.mp3\",\"cover\":\"\",\"title\":\"U\\u015f\\u015fak - Bir K\\u00f6pr\\u00fc Yaratm\\u0131\\u015fs\\u0131n, Ducihan\\u0131n Mefhari, Dolap Ni\\u00e7in \\u0130nilersin, A Sultan\\u0131m Sen Var \\u0130ken\",\"text\":\"\",\"button\":\"\"}]; jQuery('#flag_musicplayer_r2097744137').data('uid', 'r2097744137').flagMusicPlayer(content, settings); }); <\/script> <\/div> <\/div>\n","protected":false},"excerpt":{"rendered":"","protected":false},"author":1,"featured_media":0,"parent":774,"menu_order":10,"comment_status":"closed","ping_status":"closed","template":"","meta":{"_monsterinsights_skip_tracking":false,"_monsterinsights_sitenote_active":false,"_monsterinsights_sitenote_note":"","_monsterinsights_sitenote_category":0,"footnotes":""},"class_list":["post-1940","page","type-page","status-publish","hentry"],"_links":{"self":[{"href":"https:\/\/www.rifai.org\/sufism\/wp-json\/wp\/v2\/pages\/1940","targetHints":{"allow":["GET"]}}],"collection":[{"href":"https:\/\/www.rifai.org\/sufism\/wp-json\/wp\/v2\/pages"}],"about":[{"href":"https:\/\/www.rifai.org\/sufism\/wp-json\/wp\/v2\/types\/page"}],"author":[{"embeddable":true,"href":"https:\/\/www.rifai.org\/sufism\/wp-json\/wp\/v2\/users\/1"}],"replies":[{"embeddable":true,"href":"https:\/\/www.rifai.org\/sufism\/wp-json\/wp\/v2\/comments?post=1940"}],"version-history":[{"count":1,"href":"https:\/\/www.rifai.org\/sufism\/wp-json\/wp\/v2\/pages\/1940\/revisions"}],"predecessor-version":[{"id":1948,"href":"https:\/\/www.rifai.org\/sufism\/wp-json\/wp\/v2\/pages\/1940\/revisions\/1948"}],"up":[{"embeddable":true,"href":"https:\/\/www.rifai.org\/sufism\/wp-json\/wp\/v2\/pages\/774"}],"wp:attachment":[{"href":"https:\/\/www.rifai.org\/sufism\/wp-json\/wp\/v2\/media?parent=1940"}],"curies":[{"name":"wp","href":"https:\/\/api.w.org\/{rel}","templated":true}]}}