{"id":570,"date":"2012-10-16T03:26:55","date_gmt":"2012-10-16T01:26:55","guid":{"rendered":"http:\/\/www.rifai.org\/sufism\/?page_id=570"},"modified":"2012-10-16T03:31:32","modified_gmt":"2012-10-16T01:31:32","slug":"genealogische-kart","status":"publish","type":"page","link":"https:\/\/www.rifai.org\/sufism\/nederlands\/hazrat-sayyid-ahmed-er-rifai-ks-nl\/genealogische-kart\/","title":{"rendered":"Genealogische Kart"},"content":{"rendered":"<p>De moederskant van Hazrat Sayyid Ahmad ar- Rif\u00e2i\u2018s familie gaat terug tot Hazret Huseyin, de zoon van Hazrat Ali (ra). Aan de vaderlijke kant gaat zijn afkomst terug tot de Profeet Mohammed (saw) als volgt: Hazrat Ali (ra), de meester van de gemeenschap, echtgenoot van Hazrat Fatima en de grondlegger van de Imams, een famielielid van de Profeet;\u00a0 Hazrat Huseyin, Imam van de Moslims, de leider van de Mumins (gelovigen in de Islam) die werden berecht en verdrukt met diverse moeilijkheden en rampen, de martelaar van Kerbela;<\/p>\n<ul>\n<li>Imam Ali Zayna\u2019l-Abidin (K.S.)<\/li>\n<li>Imam Muhammad al-Baqir (K.S.)<\/li>\n<li>Imam Jafer as-Sadiq (K.S.)<\/li>\n<li>Imam Musa al-Kazim (K.S.)<\/li>\n<li>Imam Ibrahim al-Murteza (K.S.)<\/li>\n<li>Sayyid Musa Sani (K.S.)<\/li>\n<li>Sayyid Ahmad Salih Akbar (K.S.)<\/li>\n<li>Sayyid Abu Abdullah Husayn (K.S.)<\/li>\n<li>Sayyid Hasan\u00a0Qas\u0131m Ab\u00fb M\u00fbsa (K.S.)<\/li>\n<li>Sayyid Muhammad Abu\u2019l-Qasim (K.S.)<\/li>\n<li>Sayyid Al-Mahdi Makki (K.S.)<\/li>\n<li>Sayyid Abu\u2019l Mekarim al-Hasan (K.S.)<\/li>\n<li>Sayyid Abu\u2019l Fadail (K.S.)<\/li>\n<li>Sayyid Abu Ali Murtaza (K.S.)<\/li>\n<li>Sayyid Ali Hazim Abu\u00a0\u2019l Fewaris (K.S.)<\/li>\n<li>Sayyid Sabit (K.S.)<\/li>\n<li>Sayyid Yahya Nakib (K.S.)<\/li>\n<li>Sayyid Ebul-Hasen Aliyy-ar-Rif\u00e2i (K.S.)<\/li>\n<\/ul>\n","protected":false},"excerpt":{"rendered":"<p>De moederskant van Hazrat Sayyid Ahmad ar- Rif\u00e2i\u2018s familie gaat terug tot Hazret Huseyin, de zoon van Hazrat Ali (ra). [&hellip;]<\/p>\n","protected":false},"author":1,"featured_media":0,"parent":560,"menu_order":1,"comment_status":"open","ping_status":"open","template":"","meta":{"_monsterinsights_skip_tracking":false,"_monsterinsights_sitenote_active":false,"_monsterinsights_sitenote_note":"","_monsterinsights_sitenote_category":0,"footnotes":""},"class_list":["post-570","page","type-page","status-publish","hentry"],"_links":{"self":[{"href":"https:\/\/www.rifai.org\/sufism\/wp-json\/wp\/v2\/pages\/570","targetHints":{"allow":["GET"]}}],"collection":[{"href":"https:\/\/www.rifai.org\/sufism\/wp-json\/wp\/v2\/pages"}],"about":[{"href":"https:\/\/www.rifai.org\/sufism\/wp-json\/wp\/v2\/types\/page"}],"author":[{"embeddable":true,"href":"https:\/\/www.rifai.org\/sufism\/wp-json\/wp\/v2\/users\/1"}],"replies":[{"embeddable":true,"href":"https:\/\/www.rifai.org\/sufism\/wp-json\/wp\/v2\/comments?post=570"}],"version-history":[{"count":2,"href":"https:\/\/www.rifai.org\/sufism\/wp-json\/wp\/v2\/pages\/570\/revisions"}],"predecessor-version":[{"id":575,"href":"https:\/\/www.rifai.org\/sufism\/wp-json\/wp\/v2\/pages\/570\/revisions\/575"}],"up":[{"embeddable":true,"href":"https:\/\/www.rifai.org\/sufism\/wp-json\/wp\/v2\/pages\/560"}],"wp:attachment":[{"href":"https:\/\/www.rifai.org\/sufism\/wp-json\/wp\/v2\/media?parent=570"}],"curies":[{"name":"wp","href":"https:\/\/api.w.org\/{rel}","templated":true}]}}