{"id":651,"date":"2012-10-24T00:11:34","date_gmt":"2012-10-23T22:11:34","guid":{"rendered":"http:\/\/www.rifai.org\/sufism\/?page_id=651"},"modified":"2012-10-28T05:00:32","modified_gmt":"2012-10-28T03:00:32","slug":"genealogische-ubersicht","status":"publish","type":"page","link":"https:\/\/www.rifai.org\/sufism\/deutsch\/hazrat-sayyid-ahmed-er-rifai-ks\/genealogische-ubersicht\/","title":{"rendered":"Genealogische \u00dcbersicht"},"content":{"rendered":"<p>Die m\u00fctterliche Seite der Familie des Hazrat Sayyid Ahmad ar- Rif\u00e2i f\u00fchrt zur\u00fcck auf Hazrat H\u00fcseyin, den Sohn von Hazrat Ali (ra). Die v\u00e4terliche Abstammung f\u00fchrt zur\u00fcck auf den Propheten Muhammad (saw) wie folgt: Hazrat Ali (ra), der Meister der Gemeinschaft, Ehemann von Hazrat Fatima, der Gr\u00fcnder der Imame und ein Verwandter des Propheten; Hazrat H\u00fcseyin, Imam der Muslime und der Leiter der Mumins (Gl\u00e4ubigen im Islam), die gepr\u00fcft \u00a0worden sind und mit verschiedenen Schwierigkeiten und Katastrophen befallen wurden, auch bekannt als der M\u00e4rtyrer von Kerbela;<\/p>\n<p>&nbsp;<\/p>\n<ul>\n<li>Imam Ali Zayna\u2019l-Abidin (K.S.)<\/li>\n<li>Imam Muhammad al-Baqir (K.S.)<\/li>\n<li>Imam Jafer as-Sadiq (K.S.)<\/li>\n<li>Imam Musa al-Kazim (K.S.)<\/li>\n<li>Imam Ibrahim al-Murteza (K.S.)<\/li>\n<li>Sayyid Musa Sani (K.S.)<\/li>\n<li>Sayyid Ahmad Salih Akbar (K.S.)<\/li>\n<li>Sayyid Abu Abdullah Husayn (K.S.)<\/li>\n<li>Sayyid Hasan\u00a0Qas\u0131m Ab\u00fb M\u00fbsa (K.S.)<\/li>\n<li>Sayyid Muhammad Abu\u2019l-Qasim (K.S.)<\/li>\n<li>Sayyid Al-Mahdi Makki (K.S.)<\/li>\n<li>Sayyid Abu\u2019l Mekarim al-Hasan (K.S.)<\/li>\n<li>Sayyid Abu\u2019l Fadail (K.S.)<\/li>\n<li>Sayyid Abu Ali Murtaza (K.S.)<\/li>\n<li>Sayyid Ali Hazim Abu\u00a0\u2019l Fewaris (K.S.)<\/li>\n<li>Sayyid Sabit (K.S.)<\/li>\n<li>Sayyid Yahya Nakib (K.S.)<\/li>\n<li>Sayyid Ebul-Hasen Aliyy-ar-Rif\u00e2i (K.S.)<\/li>\n<\/ul>\n","protected":false},"excerpt":{"rendered":"<p>Die m\u00fctterliche Seite der Familie des Hazrat Sayyid Ahmad ar- Rif\u00e2i f\u00fchrt zur\u00fcck auf Hazrat H\u00fcseyin, den Sohn von Hazrat [&hellip;]<\/p>\n","protected":false},"author":1,"featured_media":0,"parent":644,"menu_order":1,"comment_status":"open","ping_status":"open","template":"","meta":{"_monsterinsights_skip_tracking":false,"_monsterinsights_sitenote_active":false,"_monsterinsights_sitenote_note":"","_monsterinsights_sitenote_category":0,"footnotes":""},"class_list":["post-651","page","type-page","status-publish","hentry"],"_links":{"self":[{"href":"https:\/\/www.rifai.org\/sufism\/wp-json\/wp\/v2\/pages\/651","targetHints":{"allow":["GET"]}}],"collection":[{"href":"https:\/\/www.rifai.org\/sufism\/wp-json\/wp\/v2\/pages"}],"about":[{"href":"https:\/\/www.rifai.org\/sufism\/wp-json\/wp\/v2\/types\/page"}],"author":[{"embeddable":true,"href":"https:\/\/www.rifai.org\/sufism\/wp-json\/wp\/v2\/users\/1"}],"replies":[{"embeddable":true,"href":"https:\/\/www.rifai.org\/sufism\/wp-json\/wp\/v2\/comments?post=651"}],"version-history":[{"count":4,"href":"https:\/\/www.rifai.org\/sufism\/wp-json\/wp\/v2\/pages\/651\/revisions"}],"predecessor-version":[{"id":798,"href":"https:\/\/www.rifai.org\/sufism\/wp-json\/wp\/v2\/pages\/651\/revisions\/798"}],"up":[{"embeddable":true,"href":"https:\/\/www.rifai.org\/sufism\/wp-json\/wp\/v2\/pages\/644"}],"wp:attachment":[{"href":"https:\/\/www.rifai.org\/sufism\/wp-json\/wp\/v2\/media?parent=651"}],"curies":[{"name":"wp","href":"https:\/\/api.w.org\/{rel}","templated":true}]}}