{"id":656,"date":"2012-10-24T00:16:34","date_gmt":"2012-10-23T22:16:34","guid":{"rendered":"http:\/\/www.rifai.org\/sufism\/?page_id=656"},"modified":"2012-10-24T00:16:48","modified_gmt":"2012-10-23T22:16:48","slug":"auszuge-aus-seinen-buchern","status":"publish","type":"page","link":"https:\/\/www.rifai.org\/sufism\/deutsch\/hazrat-sayyid-ahmed-er-rifai-ks\/auszuge-aus-seinen-buchern\/","title":{"rendered":"Ausz\u00fcge aus Seinen B\u00fcchern"},"content":{"rendered":"<p>Die folgenden Passagen sind aus den schriftlichen Aufzeichnungen \u00fcber die Sohbat von der Hz. Ahmed ar- Rifai (ks). Diese spezifischen Sohbat wurden im Kreise seiner treuesten Anh\u00e4nger gehalten und wurden in dem Buch namens\u00a0 \u2018Khaled al-Ahl al-Haqiqah al-Allah\u2019 (Die Zust\u00e4nde der Menschen von der Wahrheit von Allah) gesammelt.<\/p>\n","protected":false},"excerpt":{"rendered":"<p>Die folgenden Passagen sind aus den schriftlichen Aufzeichnungen \u00fcber die Sohbat von der Hz. Ahmed ar- Rifai (ks). Diese spezifischen [&hellip;]<\/p>\n","protected":false},"author":1,"featured_media":0,"parent":644,"menu_order":3,"comment_status":"open","ping_status":"open","template":"page-mid.php","meta":{"_monsterinsights_skip_tracking":false,"_monsterinsights_sitenote_active":false,"_monsterinsights_sitenote_note":"","_monsterinsights_sitenote_category":0,"footnotes":""},"class_list":["post-656","page","type-page","status-publish","hentry"],"_links":{"self":[{"href":"https:\/\/www.rifai.org\/sufism\/wp-json\/wp\/v2\/pages\/656","targetHints":{"allow":["GET"]}}],"collection":[{"href":"https:\/\/www.rifai.org\/sufism\/wp-json\/wp\/v2\/pages"}],"about":[{"href":"https:\/\/www.rifai.org\/sufism\/wp-json\/wp\/v2\/types\/page"}],"author":[{"embeddable":true,"href":"https:\/\/www.rifai.org\/sufism\/wp-json\/wp\/v2\/users\/1"}],"replies":[{"embeddable":true,"href":"https:\/\/www.rifai.org\/sufism\/wp-json\/wp\/v2\/comments?post=656"}],"version-history":[{"count":2,"href":"https:\/\/www.rifai.org\/sufism\/wp-json\/wp\/v2\/pages\/656\/revisions"}],"predecessor-version":[{"id":658,"href":"https:\/\/www.rifai.org\/sufism\/wp-json\/wp\/v2\/pages\/656\/revisions\/658"}],"up":[{"embeddable":true,"href":"https:\/\/www.rifai.org\/sufism\/wp-json\/wp\/v2\/pages\/644"}],"wp:attachment":[{"href":"https:\/\/www.rifai.org\/sufism\/wp-json\/wp\/v2\/media?parent=656"}],"curies":[{"name":"wp","href":"https:\/\/api.w.org\/{rel}","templated":true}]}}